{"id":4188,"date":"2025-01-28T16:47:05","date_gmt":"2025-01-28T15:47:05","guid":{"rendered":"https:\/\/www.falconia.cz\/?page_id=4188"},"modified":"2025-01-28T16:47:23","modified_gmt":"2025-01-28T15:47:23","slug":"pardubice-2017","status":"publish","type":"page","link":"https:\/\/www.falconia.cz\/de\/galerie\/pardubice-2017\/","title":{"rendered":"Pardubice 2017"},"content":{"rendered":"\n<div class=\"wpmf-gallerys wpmf-gallerys-life \" ><div id=\"gallery-1\"\n data-gutter-width=\"15\"\n  data-wpmfcolumns=\"3\" class=\"wpmf-gallery gallery-link-file gallery_life gallery-masonry gallery-columns-3 gallery-size-medium wpmf-gallery-bottomspace-default wpmf-gallery-clear wpmf-has-border-radius-0 wpmf-gutterwidth-15\"><div class=\"wpmf-gallery-item\n     wpmf-gallery-item-position-0 wpmf-gallery-item-attachment-381\" data-index=\"0\"><div class=\"wpmf-gallery-icon\"><a class=\" not_video noLightbox\" data-lightbox=\"1\" data-href=\"https:\/\/www.falconia.cz\/wp-content\/uploads\/2019\/06\/21766636_2032189197067330_1044042466835526821_n.jpg\" title=\"21766636 2032189197067330 1044042466835526821 N\" target=\"_self\" data-index=\"0\"><img decoding=\"async\" class=\"wpmf_img\" alt=\"21766636 2032189197067330 1044042466835526821 N\" src=\"https:\/\/www.falconia.cz\/wp-content\/uploads\/2019\/06\/21766636_2032189197067330_1044042466835526821_n-227x340.jpg\" data-type=\"wpmfgalleryimg\" data-lazy-src=\"https:\/\/www.falconia.cz\/wp-content\/uploads\/2019\/06\/21766636_2032189197067330_1044042466835526821_n-227x340.jpg\"><\/a><\/div><\/div><div class=\"wpmf-gallery-item\n     wpmf-gallery-item-position-1 wpmf-gallery-item-attachment-379\" data-index=\"1\"><div class=\"wpmf-gallery-icon\"><a class=\" not_video noLightbox\" data-lightbox=\"1\" data-href=\"https:\/\/www.falconia.cz\/wp-content\/uploads\/2019\/06\/21766523_2032189003734016_551555855512778018_n.jpg\" title=\"21766523 2032189003734016 551555855512778018 N\" target=\"_self\" data-index=\"1\"><img decoding=\"async\" class=\"wpmf_img\" alt=\"21766523 2032189003734016 551555855512778018 N\" src=\"https:\/\/www.falconia.cz\/wp-content\/uploads\/2019\/06\/21766523_2032189003734016_551555855512778018_n-300x340.jpg\" data-type=\"wpmfgalleryimg\" data-lazy-src=\"https:\/\/www.falconia.cz\/wp-content\/uploads\/2019\/06\/21766523_2032189003734016_551555855512778018_n-300x340.jpg\"><\/a><\/div><\/div><div class=\"wpmf-gallery-item\n     wpmf-gallery-item-position-2 wpmf-gallery-item-attachment-377\" data-index=\"2\"><div class=\"wpmf-gallery-icon\"><a class=\" not_video noLightbox\" data-lightbox=\"1\" data-href=\"https:\/\/www.falconia.cz\/wp-content\/uploads\/2019\/06\/21765860_2032188330400750_209816622405701595_o.jpg\" title=\"21765860 2032188330400750 209816622405701595 O\" target=\"_self\" data-index=\"2\"><img decoding=\"async\" class=\"wpmf_img\" alt=\"21765860 2032188330400750 209816622405701595 O\" src=\"https:\/\/www.falconia.cz\/wp-content\/uploads\/2019\/06\/21765860_2032188330400750_209816622405701595_o-340x227.jpg\" data-type=\"wpmfgalleryimg\" data-lazy-src=\"https:\/\/www.falconia.cz\/wp-content\/uploads\/2019\/06\/21765860_2032188330400750_209816622405701595_o-340x227.jpg\"><\/a><\/div><\/div><div class=\"wpmf-gallery-item\n     wpmf-gallery-item-position-3 wpmf-gallery-item-attachment-375\" data-index=\"3\"><div class=\"wpmf-gallery-icon\"><a class=\" not_video noLightbox\" data-lightbox=\"1\" data-href=\"https:\/\/www.falconia.cz\/wp-content\/uploads\/2019\/06\/21762180_2032189083734008_4691330900192980659_n.jpg\" title=\"21762180 2032189083734008 4691330900192980659 N\" target=\"_self\" data-index=\"3\"><img decoding=\"async\" class=\"wpmf_img\" alt=\"21762180 2032189083734008 4691330900192980659 N\" src=\"https:\/\/www.falconia.cz\/wp-content\/uploads\/2019\/06\/21762180_2032189083734008_4691330900192980659_n-340x254.jpg\" data-type=\"wpmfgalleryimg\" data-lazy-src=\"https:\/\/www.falconia.cz\/wp-content\/uploads\/2019\/06\/21762180_2032189083734008_4691330900192980659_n-340x254.jpg\"><\/a><\/div><\/div><div class=\"wpmf-gallery-item\n     wpmf-gallery-item-position-4 wpmf-gallery-item-attachment-373\" data-index=\"4\"><div class=\"wpmf-gallery-icon\"><a class=\" not_video noLightbox\" data-lightbox=\"1\" data-href=\"https:\/\/www.falconia.cz\/wp-content\/uploads\/2019\/06\/21761815_2032188520400731_3412805994125417926_n.jpg\" title=\"21761815 2032188520400731 3412805994125417926 N\" target=\"_self\" data-index=\"4\"><img decoding=\"async\" class=\"wpmf_img\" alt=\"21761815 2032188520400731 3412805994125417926 N\" src=\"https:\/\/www.falconia.cz\/wp-content\/uploads\/2019\/06\/21761815_2032188520400731_3412805994125417926_n-227x340.jpg\" data-type=\"wpmfgalleryimg\" data-lazy-src=\"https:\/\/www.falconia.cz\/wp-content\/uploads\/2019\/06\/21761815_2032188520400731_3412805994125417926_n-227x340.jpg\"><\/a><\/div><\/div><div class=\"wpmf-gallery-item\n     wpmf-gallery-item-position-5 wpmf-gallery-item-attachment-4190\" data-index=\"5\"><div class=\"wpmf-gallery-icon\"><a class=\" not_video noLightbox\" data-lightbox=\"1\" data-href=\"https:\/\/www.falconia.cz\/wp-content\/uploads\/2019\/06\/21761713_2032188653734051_3224134170933326076_n.jpg\" title=\"21761713 2032188653734051 3224134170933326076 N\" target=\"_self\" data-index=\"5\"><img decoding=\"async\" class=\"wpmf_img\" alt=\"21761713 2032188653734051 3224134170933326076 N\" src=\"https:\/\/www.falconia.cz\/wp-content\/uploads\/2019\/06\/21761713_2032188653734051_3224134170933326076_n-340x279.jpg\" data-type=\"wpmfgalleryimg\" data-lazy-src=\"https:\/\/www.falconia.cz\/wp-content\/uploads\/2019\/06\/21761713_2032188653734051_3224134170933326076_n-340x279.jpg\"><\/a><\/div><\/div><div class=\"wpmf-gallery-item\n     wpmf-gallery-item-position-6 wpmf-gallery-item-attachment-367\" data-index=\"6\"><div class=\"wpmf-gallery-icon\"><a class=\" not_video noLightbox\" data-lightbox=\"1\" data-href=\"https:\/\/www.falconia.cz\/wp-content\/uploads\/2019\/06\/21617688_2032188593734057_8540856741032507335_n.jpg\" title=\"21617688 2032188593734057 8540856741032507335 N\" target=\"_self\" data-index=\"6\"><img decoding=\"async\" class=\"wpmf_img\" alt=\"21617688 2032188593734057 8540856741032507335 N\" src=\"https:\/\/www.falconia.cz\/wp-content\/uploads\/2019\/06\/21617688_2032188593734057_8540856741032507335_n-340x277.jpg\" data-type=\"wpmfgalleryimg\" data-lazy-src=\"https:\/\/www.falconia.cz\/wp-content\/uploads\/2019\/06\/21617688_2032188593734057_8540856741032507335_n-340x277.jpg\"><\/a><\/div><\/div><div class=\"wpmf-gallery-item\n     wpmf-gallery-item-position-7 wpmf-gallery-item-attachment-369\" data-index=\"7\"><div class=\"wpmf-gallery-icon\"><a class=\" not_video noLightbox\" data-lightbox=\"1\" data-href=\"https:\/\/www.falconia.cz\/wp-content\/uploads\/2019\/06\/21687525_2032188843734032_6866608043372372877_n.jpg\" title=\"21687525 2032188843734032 6866608043372372877 N\" target=\"_self\" data-index=\"7\"><img decoding=\"async\" class=\"wpmf_img\" alt=\"21687525 2032188843734032 6866608043372372877 N\" src=\"https:\/\/www.falconia.cz\/wp-content\/uploads\/2019\/06\/21687525_2032188843734032_6866608043372372877_n-340x311.jpg\" data-type=\"wpmfgalleryimg\" data-lazy-src=\"https:\/\/www.falconia.cz\/wp-content\/uploads\/2019\/06\/21687525_2032188843734032_6866608043372372877_n-340x311.jpg\"><\/a><\/div><\/div><\/div><\/div>\n\n\n\n\n<p>V r\u00e1mci festivalu <strong>Kon\u011b v akci<\/strong> jsme mohli p\u0159edv\u00e9st na\u0161e sokolnick\u00e9 uk\u00e1zky v c\u00edlov\u00e9 rovince pardubick\u00e9ho z\u00e1vodi\u0161t\u011b<\/p>\n","protected":false},"excerpt":{"rendered":"<p>V r\u00e1mci festivalu Kon\u011b v akci jsme mohli p\u0159edv\u00e9st na\u0161e sokolnick\u00e9 uk\u00e1zky v c\u00edlov\u00e9 rovince pardubick\u00e9ho z\u00e1vodi\u0161t\u011b<\/p>\n","protected":false},"author":1,"featured_media":4190,"parent":4045,"menu_order":10,"comment_status":"closed","ping_status":"closed","template":"","meta":{"_acf_changed":false,"footnotes":""},"class_list":["post-4188","page","type-page","status-publish","has-post-thumbnail","hentry"],"acf":[],"_links":{"self":[{"href":"https:\/\/www.falconia.cz\/de\/wp-json\/wp\/v2\/pages\/4188","targetHints":{"allow":["GET"]}}],"collection":[{"href":"https:\/\/www.falconia.cz\/de\/wp-json\/wp\/v2\/pages"}],"about":[{"href":"https:\/\/www.falconia.cz\/de\/wp-json\/wp\/v2\/types\/page"}],"author":[{"embeddable":true,"href":"https:\/\/www.falconia.cz\/de\/wp-json\/wp\/v2\/users\/1"}],"replies":[{"embeddable":true,"href":"https:\/\/www.falconia.cz\/de\/wp-json\/wp\/v2\/comments?post=4188"}],"version-history":[{"count":1,"href":"https:\/\/www.falconia.cz\/de\/wp-json\/wp\/v2\/pages\/4188\/revisions"}],"predecessor-version":[{"id":4189,"href":"https:\/\/www.falconia.cz\/de\/wp-json\/wp\/v2\/pages\/4188\/revisions\/4189"}],"up":[{"embeddable":true,"href":"https:\/\/www.falconia.cz\/de\/wp-json\/wp\/v2\/pages\/4045"}],"wp:featuredmedia":[{"embeddable":true,"href":"https:\/\/www.falconia.cz\/de\/wp-json\/wp\/v2\/media\/4190"}],"wp:attachment":[{"href":"https:\/\/www.falconia.cz\/de\/wp-json\/wp\/v2\/media?parent=4188"}],"curies":[{"name":"wp","href":"https:\/\/api.w.org\/{rel}","templated":true}]}}