{"id":4196,"date":"2025-01-28T16:53:00","date_gmt":"2025-01-28T15:53:00","guid":{"rendered":"https:\/\/www.falconia.cz\/?page_id=4196"},"modified":"2025-01-28T16:53:32","modified_gmt":"2025-01-28T15:53:32","slug":"z-nataceni","status":"publish","type":"page","link":"https:\/\/www.falconia.cz\/de\/galerie\/z-nataceni\/","title":{"rendered":"Z nat\u00e1\u010den\u00ed"},"content":{"rendered":"\n<div class=\"wpmf-gallerys wpmf-gallerys-life \" ><div id=\"gallery-1\"\n data-gutter-width=\"15\"\n  data-wpmfcolumns=\"3\" class=\"wpmf-gallery gallery-link-file gallery_life gallery-masonry gallery-columns-3 gallery-size-medium wpmf-gallery-bottomspace-default wpmf-gallery-clear wpmf-has-border-radius-0 wpmf-gutterwidth-15\"><\/div><\/div>\n\n\n\n\n<p>In dieses Album werden nach und nach Fotos von den Dreharbeiten verschiedener Filme, Serien, Dokumentationen oder Clips hinzugef\u00fcgt.<\/p>\n","protected":false},"excerpt":{"rendered":"<p>In dieses Album werden nach und nach Fotos von den Dreharbeiten verschiedener Filme, Serien, Dokumentationen oder Clips hinzugef\u00fcgt.<\/p>\n","protected":false},"author":1,"featured_media":4199,"parent":4045,"menu_order":7,"comment_status":"closed","ping_status":"closed","template":"","meta":{"_acf_changed":false,"footnotes":""},"class_list":["post-4196","page","type-page","status-publish","has-post-thumbnail","hentry"],"acf":[],"_links":{"self":[{"href":"https:\/\/www.falconia.cz\/de\/wp-json\/wp\/v2\/pages\/4196","targetHints":{"allow":["GET"]}}],"collection":[{"href":"https:\/\/www.falconia.cz\/de\/wp-json\/wp\/v2\/pages"}],"about":[{"href":"https:\/\/www.falconia.cz\/de\/wp-json\/wp\/v2\/types\/page"}],"author":[{"embeddable":true,"href":"https:\/\/www.falconia.cz\/de\/wp-json\/wp\/v2\/users\/1"}],"replies":[{"embeddable":true,"href":"https:\/\/www.falconia.cz\/de\/wp-json\/wp\/v2\/comments?post=4196"}],"version-history":[{"count":1,"href":"https:\/\/www.falconia.cz\/de\/wp-json\/wp\/v2\/pages\/4196\/revisions"}],"predecessor-version":[{"id":4197,"href":"https:\/\/www.falconia.cz\/de\/wp-json\/wp\/v2\/pages\/4196\/revisions\/4197"}],"up":[{"embeddable":true,"href":"https:\/\/www.falconia.cz\/de\/wp-json\/wp\/v2\/pages\/4045"}],"wp:featuredmedia":[{"embeddable":true,"href":"https:\/\/www.falconia.cz\/de\/wp-json\/wp\/v2\/media\/4199"}],"wp:attachment":[{"href":"https:\/\/www.falconia.cz\/de\/wp-json\/wp\/v2\/media?parent=4196"}],"curies":[{"name":"wp","href":"https:\/\/api.w.org\/{rel}","templated":true}]}}