{"id":4207,"date":"2025-01-28T16:57:35","date_gmt":"2025-01-28T15:57:35","guid":{"rendered":"https:\/\/www.falconia.cz\/?page_id=4207"},"modified":"2025-01-28T17:01:31","modified_gmt":"2025-01-28T16:01:31","slug":"vznesene-umeni-lovu-zakulisi","status":"publish","type":"page","link":"https:\/\/www.falconia.cz\/de\/galerie\/vznesene-umeni-lovu-zakulisi\/","title":{"rendered":"Vzne\u0161en\u00e9 um\u011bn\u00ed lovu z\u00e1kulis\u00ed"},"content":{"rendered":"\n<div class=\"wpmf-gallerys wpmf-gallerys-life \" ><div id=\"gallery-1\"\n data-gutter-width=\"15\"\n  data-wpmfcolumns=\"3\" class=\"wpmf-gallery gallery-link-file gallery_life gallery-masonry gallery-columns-3 gallery-size-medium wpmf-gallery-bottomspace-default wpmf-gallery-clear wpmf-has-border-radius-0 wpmf-gutterwidth-15\"><div class=\"wpmf-gallery-item\n     wpmf-gallery-item-position-0 wpmf-gallery-item-attachment-4095\" data-index=\"0\"><div class=\"wpmf-gallery-icon\"><a class=\" not_video noLightbox\" data-lightbox=\"1\" data-href=\"https:\/\/www.falconia.cz\/wp-content\/uploads\/2019\/07\/VUL_2018_MWecker__0832.jpg\" title=\"VUL_2018_MWecker__0832\" target=\"_self\" data-index=\"0\"><img decoding=\"async\" class=\"wpmf_img\" alt=\"VUL_2018_MWecker__0832\" src=\"https:\/\/www.falconia.cz\/wp-content\/uploads\/2019\/07\/VUL_2018_MWecker__0832-340x243.jpg\" data-type=\"wpmfgalleryimg\" data-lazy-src=\"https:\/\/www.falconia.cz\/wp-content\/uploads\/2019\/07\/VUL_2018_MWecker__0832-340x243.jpg\"><\/a><\/div><\/div><div class=\"wpmf-gallery-item\n     wpmf-gallery-item-position-1 wpmf-gallery-item-attachment-4096\" data-index=\"1\"><div class=\"wpmf-gallery-icon\"><a class=\" not_video noLightbox\" data-lightbox=\"1\" data-href=\"https:\/\/www.falconia.cz\/wp-content\/uploads\/2019\/07\/VUL_2018_MWecker__0774.jpg\" title=\"VUL_2018_MWecker__0774\" target=\"_self\" data-index=\"1\"><img decoding=\"async\" class=\"wpmf_img\" alt=\"VUL_2018_MWecker__0774\" src=\"https:\/\/www.falconia.cz\/wp-content\/uploads\/2019\/07\/VUL_2018_MWecker__0774-340x262.jpg\" data-type=\"wpmfgalleryimg\" data-lazy-src=\"https:\/\/www.falconia.cz\/wp-content\/uploads\/2019\/07\/VUL_2018_MWecker__0774-340x262.jpg\"><\/a><\/div><\/div><div class=\"wpmf-gallery-item\n     wpmf-gallery-item-position-2 wpmf-gallery-item-attachment-4097\" data-index=\"2\"><div class=\"wpmf-gallery-icon\"><a class=\" not_video noLightbox\" data-lightbox=\"1\" data-href=\"https:\/\/www.falconia.cz\/wp-content\/uploads\/2019\/07\/VUL_2018_MWecker__0397.jpg\" title=\"VUL_2018_MWecker__0397\" target=\"_self\" data-index=\"2\"><img decoding=\"async\" class=\"wpmf_img\" alt=\"VUL_2018_MWecker__0397\" src=\"https:\/\/www.falconia.cz\/wp-content\/uploads\/2019\/07\/VUL_2018_MWecker__0397-340x227.jpg\" data-type=\"wpmfgalleryimg\" data-lazy-src=\"https:\/\/www.falconia.cz\/wp-content\/uploads\/2019\/07\/VUL_2018_MWecker__0397-340x227.jpg\"><\/a><\/div><\/div><div class=\"wpmf-gallery-item\n     wpmf-gallery-item-position-3 wpmf-gallery-item-attachment-4098\" data-index=\"3\"><div class=\"wpmf-gallery-icon\"><a class=\" not_video noLightbox\" data-lightbox=\"1\" data-href=\"https:\/\/www.falconia.cz\/wp-content\/uploads\/2019\/07\/VUL_2018_MWecker__0065-2.jpg\" title=\"VUL_2018_MWecker__0065-2\" target=\"_self\" data-index=\"3\"><img decoding=\"async\" class=\"wpmf_img\" alt=\"VUL_2018_MWecker__0065-2\" src=\"https:\/\/www.falconia.cz\/wp-content\/uploads\/2019\/07\/VUL_2018_MWecker__0065-2-340x227.jpg\" data-type=\"wpmfgalleryimg\" data-lazy-src=\"https:\/\/www.falconia.cz\/wp-content\/uploads\/2019\/07\/VUL_2018_MWecker__0065-2-340x227.jpg\"><\/a><\/div><\/div><div class=\"wpmf-gallery-item\n     wpmf-gallery-item-position-4 wpmf-gallery-item-attachment-4099\" data-index=\"4\"><div class=\"wpmf-gallery-icon\"><a class=\" not_video noLightbox\" data-lightbox=\"1\" data-href=\"https:\/\/www.falconia.cz\/wp-content\/uploads\/2019\/07\/VUL_2018_MWecker__0015.jpg\" title=\"VUL_2018_MWecker__0015\" target=\"_self\" data-index=\"4\"><img decoding=\"async\" class=\"wpmf_img\" alt=\"VUL_2018_MWecker__0015\" src=\"https:\/\/www.falconia.cz\/wp-content\/uploads\/2019\/07\/VUL_2018_MWecker__0015-340x232.jpg\" data-type=\"wpmfgalleryimg\" data-lazy-src=\"https:\/\/www.falconia.cz\/wp-content\/uploads\/2019\/07\/VUL_2018_MWecker__0015-340x232.jpg\"><\/a><\/div><\/div><div class=\"wpmf-gallery-item\n     wpmf-gallery-item-position-5 wpmf-gallery-item-attachment-4100\" data-index=\"5\"><div class=\"wpmf-gallery-icon\"><a class=\" not_video noLightbox\" data-lightbox=\"1\" data-href=\"https:\/\/www.falconia.cz\/wp-content\/uploads\/2019\/07\/MCH60503.jpg\" title=\"MCH60503\" target=\"_self\" data-index=\"5\"><img decoding=\"async\" class=\"wpmf_img\" alt=\"MCH60503\" src=\"https:\/\/www.falconia.cz\/wp-content\/uploads\/2019\/07\/MCH60503-340x227.jpg\" data-type=\"wpmfgalleryimg\" data-lazy-src=\"https:\/\/www.falconia.cz\/wp-content\/uploads\/2019\/07\/MCH60503-340x227.jpg\"><\/a><\/div><\/div><div class=\"wpmf-gallery-item\n     wpmf-gallery-item-position-6 wpmf-gallery-item-attachment-4101\" data-index=\"6\"><div class=\"wpmf-gallery-icon\"><a class=\" not_video noLightbox\" data-lightbox=\"1\" data-href=\"https:\/\/www.falconia.cz\/wp-content\/uploads\/2019\/07\/MCH60494.jpg\" title=\"MCH60494\" target=\"_self\" data-index=\"6\"><img decoding=\"async\" class=\"wpmf_img\" alt=\"MCH60494\" src=\"https:\/\/www.falconia.cz\/wp-content\/uploads\/2019\/07\/MCH60494-340x227.jpg\" data-type=\"wpmfgalleryimg\" data-lazy-src=\"https:\/\/www.falconia.cz\/wp-content\/uploads\/2019\/07\/MCH60494-340x227.jpg\"><\/a><\/div><\/div><div class=\"wpmf-gallery-item\n     wpmf-gallery-item-position-7 wpmf-gallery-item-attachment-4102\" data-index=\"7\"><div class=\"wpmf-gallery-icon\"><a class=\" not_video noLightbox\" data-lightbox=\"1\" data-href=\"https:\/\/www.falconia.cz\/wp-content\/uploads\/2019\/07\/MCH60271.jpg\" title=\"MCH60271\" target=\"_self\" data-index=\"7\"><img decoding=\"async\" class=\"wpmf_img\" alt=\"MCH60271\" src=\"https:\/\/www.falconia.cz\/wp-content\/uploads\/2019\/07\/MCH60271-340x227.jpg\" data-type=\"wpmfgalleryimg\" data-lazy-src=\"https:\/\/www.falconia.cz\/wp-content\/uploads\/2019\/07\/MCH60271-340x227.jpg\"><\/a><\/div><\/div><div class=\"wpmf-gallery-item\n     wpmf-gallery-item-position-8 wpmf-gallery-item-attachment-4103\" data-index=\"8\"><div class=\"wpmf-gallery-icon\"><a class=\" not_video noLightbox\" data-lightbox=\"1\" data-href=\"https:\/\/www.falconia.cz\/wp-content\/uploads\/2019\/07\/IMG_2043.jpg\" title=\"IMG_2043\" target=\"_self\" data-index=\"8\"><img decoding=\"async\" class=\"wpmf_img\" alt=\"IMG_2043\" src=\"https:\/\/www.falconia.cz\/wp-content\/uploads\/2019\/07\/IMG_2043-340x227.jpg\" data-type=\"wpmfgalleryimg\" data-lazy-src=\"https:\/\/www.falconia.cz\/wp-content\/uploads\/2019\/07\/IMG_2043-340x227.jpg\"><\/a><\/div><\/div><div class=\"wpmf-gallery-item\n     wpmf-gallery-item-position-9 wpmf-gallery-item-attachment-4104\" data-index=\"9\"><div class=\"wpmf-gallery-icon\"><a class=\" not_video noLightbox\" data-lightbox=\"1\" data-href=\"https:\/\/www.falconia.cz\/wp-content\/uploads\/2019\/07\/IMG_1985.jpg\" title=\"IMG_1985\" target=\"_self\" data-index=\"9\"><img decoding=\"async\" class=\"wpmf_img\" alt=\"IMG_1985\" src=\"https:\/\/www.falconia.cz\/wp-content\/uploads\/2019\/07\/IMG_1985-340x227.jpg\" data-type=\"wpmfgalleryimg\" data-lazy-src=\"https:\/\/www.falconia.cz\/wp-content\/uploads\/2019\/07\/IMG_1985-340x227.jpg\"><\/a><\/div><\/div><div class=\"wpmf-gallery-item\n     wpmf-gallery-item-position-10 wpmf-gallery-item-attachment-4105\" data-index=\"10\"><div class=\"wpmf-gallery-icon\"><a class=\" not_video noLightbox\" data-lightbox=\"1\" data-href=\"https:\/\/www.falconia.cz\/wp-content\/uploads\/2019\/07\/20180115_130757.jpg\" title=\"20180115_130757\" target=\"_self\" data-index=\"10\"><img decoding=\"async\" class=\"wpmf_img\" alt=\"20180115_130757\" src=\"https:\/\/www.falconia.cz\/wp-content\/uploads\/2019\/07\/20180115_130757-340x255.jpg\" data-type=\"wpmfgalleryimg\" data-lazy-src=\"https:\/\/www.falconia.cz\/wp-content\/uploads\/2019\/07\/20180115_130757-340x255.jpg\"><\/a><\/div><\/div><div class=\"wpmf-gallery-item\n     wpmf-gallery-item-position-11 wpmf-gallery-item-attachment-4106\" data-index=\"11\"><div class=\"wpmf-gallery-icon\"><a class=\" not_video noLightbox\" data-lightbox=\"1\" data-href=\"https:\/\/www.falconia.cz\/wp-content\/uploads\/2019\/07\/20180115_130724.jpg\" title=\"20180115_130724\" target=\"_self\" data-index=\"11\"><img decoding=\"async\" class=\"wpmf_img\" alt=\"20180115_130724\" src=\"https:\/\/www.falconia.cz\/wp-content\/uploads\/2019\/07\/20180115_130724-340x255.jpg\" data-type=\"wpmfgalleryimg\" data-lazy-src=\"https:\/\/www.falconia.cz\/wp-content\/uploads\/2019\/07\/20180115_130724-340x255.jpg\"><\/a><\/div><\/div><div class=\"wpmf-gallery-item\n     wpmf-gallery-item-position-12 wpmf-gallery-item-attachment-4107\" data-index=\"12\"><div class=\"wpmf-gallery-icon\"><a class=\" not_video noLightbox\" data-lightbox=\"1\" data-href=\"https:\/\/www.falconia.cz\/wp-content\/uploads\/2019\/07\/20180115_130705.jpg\" title=\"20180115_130705\" target=\"_self\" data-index=\"12\"><img decoding=\"async\" class=\"wpmf_img\" alt=\"20180115_130705\" src=\"https:\/\/www.falconia.cz\/wp-content\/uploads\/2019\/07\/20180115_130705-340x255.jpg\" data-type=\"wpmfgalleryimg\" data-lazy-src=\"https:\/\/www.falconia.cz\/wp-content\/uploads\/2019\/07\/20180115_130705-340x255.jpg\"><\/a><\/div><\/div><div class=\"wpmf-gallery-item\n     wpmf-gallery-item-position-13 wpmf-gallery-item-attachment-4108\" data-index=\"13\"><div class=\"wpmf-gallery-icon\"><a class=\" not_video noLightbox\" data-lightbox=\"1\" data-href=\"https:\/\/www.falconia.cz\/wp-content\/uploads\/2019\/07\/20180115_125635.jpg\" title=\"20180115_125635\" target=\"_self\" data-index=\"13\"><img decoding=\"async\" class=\"wpmf_img\" alt=\"20180115_125635\" src=\"https:\/\/www.falconia.cz\/wp-content\/uploads\/2019\/07\/20180115_125635-340x255.jpg\" data-type=\"wpmfgalleryimg\" data-lazy-src=\"https:\/\/www.falconia.cz\/wp-content\/uploads\/2019\/07\/20180115_125635-340x255.jpg\"><\/a><\/div><\/div><div class=\"wpmf-gallery-item\n     wpmf-gallery-item-position-14 wpmf-gallery-item-attachment-4109\" data-index=\"14\"><div class=\"wpmf-gallery-icon\"><a class=\" not_video noLightbox\" data-lightbox=\"1\" data-href=\"https:\/\/www.falconia.cz\/wp-content\/uploads\/2019\/07\/20180115_125517.jpg\" title=\"20180115_125517\" target=\"_self\" data-index=\"14\"><img decoding=\"async\" class=\"wpmf_img\" alt=\"20180115_125517\" src=\"https:\/\/www.falconia.cz\/wp-content\/uploads\/2019\/07\/20180115_125517-340x255.jpg\" data-type=\"wpmfgalleryimg\" data-lazy-src=\"https:\/\/www.falconia.cz\/wp-content\/uploads\/2019\/07\/20180115_125517-340x255.jpg\"><\/a><\/div><\/div><div class=\"wpmf-gallery-item\n     wpmf-gallery-item-position-15 wpmf-gallery-item-attachment-4110\" data-index=\"15\"><div class=\"wpmf-gallery-icon\"><a class=\" not_video noLightbox\" data-lightbox=\"1\" data-href=\"https:\/\/www.falconia.cz\/wp-content\/uploads\/2019\/07\/12_9.jpg\" title=\"12_9\" target=\"_self\" data-index=\"15\"><img decoding=\"async\" class=\"wpmf_img\" alt=\"12_9\" src=\"https:\/\/www.falconia.cz\/wp-content\/uploads\/2019\/07\/12_9-340x227.jpg\" data-type=\"wpmfgalleryimg\" data-lazy-src=\"https:\/\/www.falconia.cz\/wp-content\/uploads\/2019\/07\/12_9-340x227.jpg\"><\/a><\/div><\/div><div class=\"wpmf-gallery-item\n     wpmf-gallery-item-position-16 wpmf-gallery-item-attachment-4111\" data-index=\"16\"><div class=\"wpmf-gallery-icon\"><a class=\" not_video noLightbox\" data-lightbox=\"1\" data-href=\"https:\/\/www.falconia.cz\/wp-content\/uploads\/2019\/07\/12_17.jpg\" title=\"12_17\" target=\"_self\" data-index=\"16\"><img decoding=\"async\" class=\"wpmf_img\" alt=\"12_17\" src=\"https:\/\/www.falconia.cz\/wp-content\/uploads\/2019\/07\/12_17-340x227.jpg\" data-type=\"wpmfgalleryimg\" data-lazy-src=\"https:\/\/www.falconia.cz\/wp-content\/uploads\/2019\/07\/12_17-340x227.jpg\"><\/a><\/div><\/div><div class=\"wpmf-gallery-item\n     wpmf-gallery-item-position-17 wpmf-gallery-item-attachment-4112\" data-index=\"17\"><div class=\"wpmf-gallery-icon\"><a class=\" not_video noLightbox\" data-lightbox=\"1\" data-href=\"https:\/\/www.falconia.cz\/wp-content\/uploads\/2019\/07\/12_15.jpg\" title=\"12_15\" target=\"_self\" data-index=\"17\"><img decoding=\"async\" class=\"wpmf_img\" alt=\"12_15\" src=\"https:\/\/www.falconia.cz\/wp-content\/uploads\/2019\/07\/12_15-340x227.jpg\" data-type=\"wpmfgalleryimg\" data-lazy-src=\"https:\/\/www.falconia.cz\/wp-content\/uploads\/2019\/07\/12_15-340x227.jpg\"><\/a><\/div><\/div><div class=\"wpmf-gallery-item\n     wpmf-gallery-item-position-18 wpmf-gallery-item-attachment-4113\" data-index=\"18\"><div class=\"wpmf-gallery-icon\"><a class=\" not_video noLightbox\" data-lightbox=\"1\" data-href=\"https:\/\/www.falconia.cz\/wp-content\/uploads\/2019\/07\/12_13.jpg\" title=\"12_13\" target=\"_self\" data-index=\"18\"><img decoding=\"async\" class=\"wpmf_img\" alt=\"12_13\" src=\"https:\/\/www.falconia.cz\/wp-content\/uploads\/2019\/07\/12_13-340x227.jpg\" data-type=\"wpmfgalleryimg\" data-lazy-src=\"https:\/\/www.falconia.cz\/wp-content\/uploads\/2019\/07\/12_13-340x227.jpg\"><\/a><\/div><\/div><div class=\"wpmf-gallery-item\n     wpmf-gallery-item-position-19 wpmf-gallery-item-attachment-4114\" data-index=\"19\"><div class=\"wpmf-gallery-icon\"><a class=\" not_video noLightbox\" data-lightbox=\"1\" data-href=\"https:\/\/www.falconia.cz\/wp-content\/uploads\/2019\/07\/MG_5505.jpg\" title=\"_MG_5505\" target=\"_self\" data-index=\"19\"><img decoding=\"async\" class=\"wpmf_img\" alt=\"_MG_5505\" src=\"https:\/\/www.falconia.cz\/wp-content\/uploads\/2019\/07\/MG_5505-340x227.jpg\" data-type=\"wpmfgalleryimg\" data-lazy-src=\"https:\/\/www.falconia.cz\/wp-content\/uploads\/2019\/07\/MG_5505-340x227.jpg\"><\/a><\/div><\/div><div class=\"wpmf-gallery-item\n     wpmf-gallery-item-position-20 wpmf-gallery-item-attachment-4115\" data-index=\"20\"><div class=\"wpmf-gallery-icon\"><a class=\" not_video noLightbox\" data-lightbox=\"1\" data-href=\"https:\/\/www.falconia.cz\/wp-content\/uploads\/2019\/07\/MG_5452.jpg\" title=\"_MG_5452\" target=\"_self\" data-index=\"20\"><img decoding=\"async\" class=\"wpmf_img\" alt=\"_MG_5452\" src=\"https:\/\/www.falconia.cz\/wp-content\/uploads\/2019\/07\/MG_5452-340x227.jpg\" data-type=\"wpmfgalleryimg\" data-lazy-src=\"https:\/\/www.falconia.cz\/wp-content\/uploads\/2019\/07\/MG_5452-340x227.jpg\"><\/a><\/div><\/div><div class=\"wpmf-gallery-item\n     wpmf-gallery-item-position-21 wpmf-gallery-item-attachment-4116\" data-index=\"21\"><div class=\"wpmf-gallery-icon\"><a class=\" not_video noLightbox\" data-lightbox=\"1\" data-href=\"https:\/\/www.falconia.cz\/wp-content\/uploads\/2019\/07\/MG_4945.jpg\" title=\"_MG_4945\" target=\"_self\" data-index=\"21\"><img decoding=\"async\" class=\"wpmf_img\" alt=\"_MG_4945\" src=\"https:\/\/www.falconia.cz\/wp-content\/uploads\/2019\/07\/MG_4945-340x252.jpg\" data-type=\"wpmfgalleryimg\" data-lazy-src=\"https:\/\/www.falconia.cz\/wp-content\/uploads\/2019\/07\/MG_4945-340x252.jpg\"><\/a><\/div><\/div><div class=\"wpmf-gallery-item\n     wpmf-gallery-item-position-22 wpmf-gallery-item-attachment-4117\" data-index=\"22\"><div class=\"wpmf-gallery-icon\"><a class=\" not_video noLightbox\" data-lightbox=\"1\" data-href=\"https:\/\/www.falconia.cz\/wp-content\/uploads\/2019\/07\/MG_4937.jpg\" title=\"_MG_4937\" target=\"_self\" data-index=\"22\"><img decoding=\"async\" class=\"wpmf_img\" alt=\"_MG_4937\" src=\"https:\/\/www.falconia.cz\/wp-content\/uploads\/2019\/07\/MG_4937-340x227.jpg\" data-type=\"wpmfgalleryimg\" data-lazy-src=\"https:\/\/www.falconia.cz\/wp-content\/uploads\/2019\/07\/MG_4937-340x227.jpg\"><\/a><\/div><\/div><div class=\"wpmf-gallery-item\n     wpmf-gallery-item-position-23 wpmf-gallery-item-attachment-4118\" data-index=\"23\"><div class=\"wpmf-gallery-icon\"><a class=\" not_video noLightbox\" data-lightbox=\"1\" data-href=\"https:\/\/www.falconia.cz\/wp-content\/uploads\/2019\/07\/MG_4932.jpg\" title=\"_MG_4932\" target=\"_self\" data-index=\"23\"><img decoding=\"async\" class=\"wpmf_img\" alt=\"_MG_4932\" src=\"https:\/\/www.falconia.cz\/wp-content\/uploads\/2019\/07\/MG_4932-340x227.jpg\" data-type=\"wpmfgalleryimg\" data-lazy-src=\"https:\/\/www.falconia.cz\/wp-content\/uploads\/2019\/07\/MG_4932-340x227.jpg\"><\/a><\/div><\/div><div class=\"wpmf-gallery-item\n     wpmf-gallery-item-position-24 wpmf-gallery-item-attachment-4119\" data-index=\"24\"><div class=\"wpmf-gallery-icon\"><a class=\" not_video noLightbox\" data-lightbox=\"1\" data-href=\"https:\/\/www.falconia.cz\/wp-content\/uploads\/2019\/07\/MG_4728.jpg\" title=\"_MG_4728\" target=\"_self\" data-index=\"24\"><img decoding=\"async\" class=\"wpmf_img\" alt=\"_MG_4728\" src=\"https:\/\/www.falconia.cz\/wp-content\/uploads\/2019\/07\/MG_4728-340x227.jpg\" data-type=\"wpmfgalleryimg\" data-lazy-src=\"https:\/\/www.falconia.cz\/wp-content\/uploads\/2019\/07\/MG_4728-340x227.jpg\"><\/a><\/div><\/div><div class=\"wpmf-gallery-item\n     wpmf-gallery-item-position-25 wpmf-gallery-item-attachment-4120\" data-index=\"25\"><div class=\"wpmf-gallery-icon\"><a class=\" not_video noLightbox\" data-lightbox=\"1\" data-href=\"https:\/\/www.falconia.cz\/wp-content\/uploads\/2019\/07\/MG_4448.jpg\" title=\"_MG_4448\" target=\"_self\" data-index=\"25\"><img decoding=\"async\" class=\"wpmf_img\" alt=\"_MG_4448\" src=\"https:\/\/www.falconia.cz\/wp-content\/uploads\/2019\/07\/MG_4448-340x266.jpg\" data-type=\"wpmfgalleryimg\" data-lazy-src=\"https:\/\/www.falconia.cz\/wp-content\/uploads\/2019\/07\/MG_4448-340x266.jpg\"><\/a><\/div><\/div><div class=\"wpmf-gallery-item\n     wpmf-gallery-item-position-26 wpmf-gallery-item-attachment-4121\" data-index=\"26\"><div class=\"wpmf-gallery-icon\"><a class=\" not_video noLightbox\" data-lightbox=\"1\" data-href=\"https:\/\/www.falconia.cz\/wp-content\/uploads\/2019\/07\/MG_4328.jpg\" title=\"_MG_4328\" target=\"_self\" data-index=\"26\"><img decoding=\"async\" class=\"wpmf_img\" alt=\"_MG_4328\" src=\"https:\/\/www.falconia.cz\/wp-content\/uploads\/2019\/07\/MG_4328-340x227.jpg\" data-type=\"wpmfgalleryimg\" data-lazy-src=\"https:\/\/www.falconia.cz\/wp-content\/uploads\/2019\/07\/MG_4328-340x227.jpg\"><\/a><\/div><\/div><div class=\"wpmf-gallery-item\n     wpmf-gallery-item-position-27 wpmf-gallery-item-attachment-4122\" data-index=\"27\"><div class=\"wpmf-gallery-icon\"><a class=\" not_video noLightbox\" data-lightbox=\"1\" data-href=\"https:\/\/www.falconia.cz\/wp-content\/uploads\/2019\/07\/MG_3929.jpg\" title=\"_MG_3929\" target=\"_self\" data-index=\"27\"><img decoding=\"async\" class=\"wpmf_img\" alt=\"_MG_3929\" src=\"https:\/\/www.falconia.cz\/wp-content\/uploads\/2019\/07\/MG_3929-340x227.jpg\" data-type=\"wpmfgalleryimg\" data-lazy-src=\"https:\/\/www.falconia.cz\/wp-content\/uploads\/2019\/07\/MG_3929-340x227.jpg\"><\/a><\/div><\/div><div class=\"wpmf-gallery-item\n     wpmf-gallery-item-position-28 wpmf-gallery-item-attachment-4123\" data-index=\"28\"><div class=\"wpmf-gallery-icon\"><a class=\" not_video noLightbox\" data-lightbox=\"1\" data-href=\"https:\/\/www.falconia.cz\/wp-content\/uploads\/2019\/07\/MG_3864.jpg\" title=\"_MG_3864\" target=\"_self\" data-index=\"28\"><img decoding=\"async\" class=\"wpmf_img\" alt=\"_MG_3864\" src=\"https:\/\/www.falconia.cz\/wp-content\/uploads\/2019\/07\/MG_3864-340x227.jpg\" data-type=\"wpmfgalleryimg\" data-lazy-src=\"https:\/\/www.falconia.cz\/wp-content\/uploads\/2019\/07\/MG_3864-340x227.jpg\"><\/a><\/div><\/div><\/div><\/div>\n\n\n\n\n<p>In dieser Galerie k\u00f6nnen Sie mehrere Behind-the-Scenes-Fotos sehen, die w\u00e4hrend der Dreharbeiten zu dem Spielfilm \u00fcber die Geschichte der europ\u00e4ischen Falknerei entstanden sind. Der gesamte Film wird in der st\u00e4ndigen Ausstellung der Prager Burg im Haus des Falkners gezeigt.<\/p>\n","protected":false},"excerpt":{"rendered":"<p>In dieser Galerie k\u00f6nnen Sie mehrere Behind-the-Scenes-Fotos sehen, die w\u00e4hrend der Dreharbeiten zu dem Spielfilm \u00fcber die Geschichte der europ\u00e4ischen Falknerei entstanden sind. Der gesamte Film wird in der st\u00e4ndigen Ausstellung der Prager Burg im Haus des Falkners gezeigt.<\/p>\n","protected":false},"author":1,"featured_media":4102,"parent":4045,"menu_order":6,"comment_status":"closed","ping_status":"closed","template":"","meta":{"_acf_changed":false,"footnotes":""},"class_list":["post-4207","page","type-page","status-publish","has-post-thumbnail","hentry"],"acf":[],"_links":{"self":[{"href":"https:\/\/www.falconia.cz\/de\/wp-json\/wp\/v2\/pages\/4207","targetHints":{"allow":["GET"]}}],"collection":[{"href":"https:\/\/www.falconia.cz\/de\/wp-json\/wp\/v2\/pages"}],"about":[{"href":"https:\/\/www.falconia.cz\/de\/wp-json\/wp\/v2\/types\/page"}],"author":[{"embeddable":true,"href":"https:\/\/www.falconia.cz\/de\/wp-json\/wp\/v2\/users\/1"}],"replies":[{"embeddable":true,"href":"https:\/\/www.falconia.cz\/de\/wp-json\/wp\/v2\/comments?post=4207"}],"version-history":[{"count":1,"href":"https:\/\/www.falconia.cz\/de\/wp-json\/wp\/v2\/pages\/4207\/revisions"}],"predecessor-version":[{"id":4208,"href":"https:\/\/www.falconia.cz\/de\/wp-json\/wp\/v2\/pages\/4207\/revisions\/4208"}],"up":[{"embeddable":true,"href":"https:\/\/www.falconia.cz\/de\/wp-json\/wp\/v2\/pages\/4045"}],"wp:featuredmedia":[{"embeddable":true,"href":"https:\/\/www.falconia.cz\/de\/wp-json\/wp\/v2\/media\/4102"}],"wp:attachment":[{"href":"https:\/\/www.falconia.cz\/de\/wp-json\/wp\/v2\/media?parent=4207"}],"curies":[{"name":"wp","href":"https:\/\/api.w.org\/{rel}","templated":true}]}}