{"id":4215,"date":"2025-01-28T17:04:55","date_gmt":"2025-01-28T16:04:55","guid":{"rendered":"https:\/\/www.falconia.cz\/?page_id=4215"},"modified":"2025-01-28T17:05:25","modified_gmt":"2025-01-28T16:05:25","slug":"nasavrky-2018","status":"publish","type":"page","link":"https:\/\/www.falconia.cz\/de\/galerie\/nasavrky-2018\/","title":{"rendered":"Nasavrky 2018"},"content":{"rendered":"\n\n\n\n\n<div class=\"wpmf-gallerys wpmf-gallerys-life \" ><div id=\"gallery-1\"\n data-gutter-width=\"15\"\n  data-wpmfcolumns=\"3\" class=\"wpmf-gallery gallery-link-file gallery_life gallery-masonry gallery-columns-3 gallery-size-medium wpmf-gallery-bottomspace-default wpmf-gallery-clear wpmf-has-border-radius-0 wpmf-gutterwidth-15\"><div class=\"wpmf-gallery-item\n     wpmf-gallery-item-position-0 wpmf-gallery-item-attachment-539\" data-index=\"0\"><div class=\"wpmf-gallery-icon\"><a class=\" not_video noLightbox\" data-lightbox=\"1\" data-href=\"https:\/\/www.falconia.cz\/wp-content\/uploads\/2019\/06\/38124911_2089773551046527_2676498119922810880_o.jpg\" title=\"38124911 2089773551046527 2676498119922810880 O\" target=\"_self\" data-index=\"0\"><img decoding=\"async\" class=\"wpmf_img\" alt=\"38124911 2089773551046527 2676498119922810880 O\" src=\"https:\/\/www.falconia.cz\/wp-content\/uploads\/2019\/06\/38124911_2089773551046527_2676498119922810880_o-340x227.jpg\" data-type=\"wpmfgalleryimg\" data-lazy-src=\"https:\/\/www.falconia.cz\/wp-content\/uploads\/2019\/06\/38124911_2089773551046527_2676498119922810880_o-340x227.jpg\"><\/a><\/div><\/div><div class=\"wpmf-gallery-item\n     wpmf-gallery-item-position-1 wpmf-gallery-item-attachment-537\" data-index=\"1\"><div class=\"wpmf-gallery-icon\"><a class=\" not_video noLightbox\" data-lightbox=\"1\" data-href=\"https:\/\/www.falconia.cz\/wp-content\/uploads\/2019\/06\/38020605_2089779347712614_5650462079878955008_o.jpg\" title=\"38020605 2089779347712614 5650462079878955008 O\" target=\"_self\" data-index=\"1\"><img decoding=\"async\" class=\"wpmf_img\" alt=\"38020605 2089779347712614 5650462079878955008 O\" src=\"https:\/\/www.falconia.cz\/wp-content\/uploads\/2019\/06\/38020605_2089779347712614_5650462079878955008_o-340x227.jpg\" data-type=\"wpmfgalleryimg\" data-lazy-src=\"https:\/\/www.falconia.cz\/wp-content\/uploads\/2019\/06\/38020605_2089779347712614_5650462079878955008_o-340x227.jpg\"><\/a><\/div><\/div><div class=\"wpmf-gallery-item\n     wpmf-gallery-item-position-2 wpmf-gallery-item-attachment-535\" data-index=\"2\"><div class=\"wpmf-gallery-icon\"><a class=\" not_video noLightbox\" data-lightbox=\"1\" data-href=\"https:\/\/www.falconia.cz\/wp-content\/uploads\/2019\/06\/38020279_2089769691046913_6779334400443154432_n.jpg\" title=\"38020279 2089769691046913 6779334400443154432 N\" target=\"_self\" data-index=\"2\"><img decoding=\"async\" class=\"wpmf_img\" alt=\"38020279 2089769691046913 6779334400443154432 N\" src=\"https:\/\/www.falconia.cz\/wp-content\/uploads\/2019\/06\/38020279_2089769691046913_6779334400443154432_n-227x340.jpg\" data-type=\"wpmfgalleryimg\" data-lazy-src=\"https:\/\/www.falconia.cz\/wp-content\/uploads\/2019\/06\/38020279_2089769691046913_6779334400443154432_n-227x340.jpg\"><\/a><\/div><\/div><div class=\"wpmf-gallery-item\n     wpmf-gallery-item-position-3 wpmf-gallery-item-attachment-533\" data-index=\"3\"><div class=\"wpmf-gallery-icon\"><a class=\" not_video noLightbox\" data-lightbox=\"1\" data-href=\"https:\/\/www.falconia.cz\/wp-content\/uploads\/2019\/06\/37992492_2089769031046979_6585680350905630720_o.jpg\" title=\"37992492 2089769031046979 6585680350905630720 O\" target=\"_self\" data-index=\"3\"><img decoding=\"async\" class=\"wpmf_img\" alt=\"37992492 2089769031046979 6585680350905630720 O\" src=\"https:\/\/www.falconia.cz\/wp-content\/uploads\/2019\/06\/37992492_2089769031046979_6585680350905630720_o-340x227.jpg\" data-type=\"wpmfgalleryimg\" data-lazy-src=\"https:\/\/www.falconia.cz\/wp-content\/uploads\/2019\/06\/37992492_2089769031046979_6585680350905630720_o-340x227.jpg\"><\/a><\/div><\/div><div class=\"wpmf-gallery-item\n     wpmf-gallery-item-position-4 wpmf-gallery-item-attachment-531\" data-index=\"4\"><div class=\"wpmf-gallery-icon\"><a class=\" not_video noLightbox\" data-lightbox=\"1\" data-href=\"https:\/\/www.falconia.cz\/wp-content\/uploads\/2019\/06\/37979074_2089774261046456_4880955681630322688_n.jpg\" title=\"37979074 2089774261046456 4880955681630322688 N\" target=\"_self\" data-index=\"4\"><img decoding=\"async\" class=\"wpmf_img\" alt=\"37979074 2089774261046456 4880955681630322688 N\" src=\"https:\/\/www.falconia.cz\/wp-content\/uploads\/2019\/06\/37979074_2089774261046456_4880955681630322688_n-227x340.jpg\" data-type=\"wpmfgalleryimg\" data-lazy-src=\"https:\/\/www.falconia.cz\/wp-content\/uploads\/2019\/06\/37979074_2089774261046456_4880955681630322688_n-227x340.jpg\"><\/a><\/div><\/div><div class=\"wpmf-gallery-item\n     wpmf-gallery-item-position-5 wpmf-gallery-item-attachment-529\" data-index=\"5\"><div class=\"wpmf-gallery-icon\"><a class=\" not_video noLightbox\" data-lightbox=\"1\" data-href=\"https:\/\/www.falconia.cz\/wp-content\/uploads\/2019\/06\/37962554_2089769284380287_2251949982921785344_o.jpg\" title=\"37962554 2089769284380287 2251949982921785344 O\" target=\"_self\" data-index=\"5\"><img decoding=\"async\" class=\"wpmf_img\" alt=\"37962554 2089769284380287 2251949982921785344 O\" src=\"https:\/\/www.falconia.cz\/wp-content\/uploads\/2019\/06\/37962554_2089769284380287_2251949982921785344_o-340x227.jpg\" data-type=\"wpmfgalleryimg\" data-lazy-src=\"https:\/\/www.falconia.cz\/wp-content\/uploads\/2019\/06\/37962554_2089769284380287_2251949982921785344_o-340x227.jpg\"><\/a><\/div><\/div><div class=\"wpmf-gallery-item\n     wpmf-gallery-item-position-6 wpmf-gallery-item-attachment-517\" data-index=\"6\"><div class=\"wpmf-gallery-icon\"><a class=\" not_video noLightbox\" data-lightbox=\"1\" data-href=\"https:\/\/www.falconia.cz\/wp-content\/uploads\/2019\/06\/37938196_2089777131046169_3003102371006906368_o.jpg\" title=\"37938196 2089777131046169 3003102371006906368 O\" target=\"_self\" data-index=\"6\"><img decoding=\"async\" class=\"wpmf_img\" alt=\"37938196 2089777131046169 3003102371006906368 O\" src=\"https:\/\/www.falconia.cz\/wp-content\/uploads\/2019\/06\/37938196_2089777131046169_3003102371006906368_o-340x227.jpg\" data-type=\"wpmfgalleryimg\" data-lazy-src=\"https:\/\/www.falconia.cz\/wp-content\/uploads\/2019\/06\/37938196_2089777131046169_3003102371006906368_o-340x227.jpg\"><\/a><\/div><\/div><div class=\"wpmf-gallery-item\n     wpmf-gallery-item-position-7 wpmf-gallery-item-attachment-519\" data-index=\"7\"><div class=\"wpmf-gallery-icon\"><a class=\" not_video noLightbox\" data-lightbox=\"1\" data-href=\"https:\/\/www.falconia.cz\/wp-content\/uploads\/2019\/06\/37938978_2089775591046323_364937285172461568_o.jpg\" title=\"37938978 2089775591046323 364937285172461568 O\" target=\"_self\" data-index=\"7\"><img decoding=\"async\" class=\"wpmf_img\" alt=\"37938978 2089775591046323 364937285172461568 O\" src=\"https:\/\/www.falconia.cz\/wp-content\/uploads\/2019\/06\/37938978_2089775591046323_364937285172461568_o-340x227.jpg\" data-type=\"wpmfgalleryimg\" data-lazy-src=\"https:\/\/www.falconia.cz\/wp-content\/uploads\/2019\/06\/37938978_2089775591046323_364937285172461568_o-340x227.jpg\"><\/a><\/div><\/div><div class=\"wpmf-gallery-item\n     wpmf-gallery-item-position-8 wpmf-gallery-item-attachment-521\" data-index=\"8\"><div class=\"wpmf-gallery-icon\"><a class=\" not_video noLightbox\" data-lightbox=\"1\" data-href=\"https:\/\/www.falconia.cz\/wp-content\/uploads\/2019\/06\/37944810_2089774117713137_7483341598240014336_n.jpg\" title=\"37944810 2089774117713137 7483341598240014336 N\" target=\"_self\" data-index=\"8\"><img decoding=\"async\" class=\"wpmf_img\" alt=\"37944810 2089774117713137 7483341598240014336 N\" src=\"https:\/\/www.falconia.cz\/wp-content\/uploads\/2019\/06\/37944810_2089774117713137_7483341598240014336_n-227x340.jpg\" data-type=\"wpmfgalleryimg\" data-lazy-src=\"https:\/\/www.falconia.cz\/wp-content\/uploads\/2019\/06\/37944810_2089774117713137_7483341598240014336_n-227x340.jpg\"><\/a><\/div><\/div><div class=\"wpmf-gallery-item\n     wpmf-gallery-item-position-9 wpmf-gallery-item-attachment-523\" data-index=\"9\"><div class=\"wpmf-gallery-icon\"><a class=\" not_video noLightbox\" data-lightbox=\"1\" data-href=\"https:\/\/www.falconia.cz\/wp-content\/uploads\/2019\/06\/37945960_2089772434379972_8557837244835037184_n.jpg\" title=\"37945960 2089772434379972 8557837244835037184 N\" target=\"_self\" data-index=\"9\"><img decoding=\"async\" class=\"wpmf_img\" alt=\"37945960 2089772434379972 8557837244835037184 N\" src=\"https:\/\/www.falconia.cz\/wp-content\/uploads\/2019\/06\/37945960_2089772434379972_8557837244835037184_n-227x340.jpg\" data-type=\"wpmfgalleryimg\" data-lazy-src=\"https:\/\/www.falconia.cz\/wp-content\/uploads\/2019\/06\/37945960_2089772434379972_8557837244835037184_n-227x340.jpg\"><\/a><\/div><\/div><div class=\"wpmf-gallery-item\n     wpmf-gallery-item-position-10 wpmf-gallery-item-attachment-525\" data-index=\"10\"><div class=\"wpmf-gallery-icon\"><a class=\" not_video noLightbox\" data-lightbox=\"1\" data-href=\"https:\/\/www.falconia.cz\/wp-content\/uploads\/2019\/06\/37955385_2089770977713451_1142080143863316480_o.jpg\" title=\"37955385 2089770977713451 1142080143863316480 O\" target=\"_self\" data-index=\"10\"><img decoding=\"async\" class=\"wpmf_img\" alt=\"37955385 2089770977713451 1142080143863316480 O\" src=\"https:\/\/www.falconia.cz\/wp-content\/uploads\/2019\/06\/37955385_2089770977713451_1142080143863316480_o-340x227.jpg\" data-type=\"wpmfgalleryimg\" data-lazy-src=\"https:\/\/www.falconia.cz\/wp-content\/uploads\/2019\/06\/37955385_2089770977713451_1142080143863316480_o-340x227.jpg\"><\/a><\/div><\/div><div class=\"wpmf-gallery-item\n     wpmf-gallery-item-position-11 wpmf-gallery-item-attachment-527\" data-index=\"11\"><div class=\"wpmf-gallery-icon\"><a class=\" not_video noLightbox\" data-lightbox=\"1\" data-href=\"https:\/\/www.falconia.cz\/wp-content\/uploads\/2019\/06\/37960444_2089779661045916_7133476336856727552_o.jpg\" title=\"37960444 2089779661045916 7133476336856727552 O\" target=\"_self\" data-index=\"11\"><img decoding=\"async\" class=\"wpmf_img\" alt=\"37960444 2089779661045916 7133476336856727552 O\" src=\"https:\/\/www.falconia.cz\/wp-content\/uploads\/2019\/06\/37960444_2089779661045916_7133476336856727552_o-340x227.jpg\" data-type=\"wpmfgalleryimg\" data-lazy-src=\"https:\/\/www.falconia.cz\/wp-content\/uploads\/2019\/06\/37960444_2089779661045916_7133476336856727552_o-340x227.jpg\"><\/a><\/div><\/div><div class=\"wpmf-gallery-item\n     wpmf-gallery-item-position-12 wpmf-gallery-item-attachment-515\" data-index=\"12\"><div class=\"wpmf-gallery-icon\"><a class=\" not_video noLightbox\" data-lightbox=\"1\" data-href=\"https:\/\/www.falconia.cz\/wp-content\/uploads\/2019\/06\/37930216_2089776981046184_2609479707934064640_o.jpg\" title=\"37930216 2089776981046184 2609479707934064640 O\" target=\"_self\" data-index=\"12\"><img decoding=\"async\" class=\"wpmf_img\" alt=\"37930216 2089776981046184 2609479707934064640 O\" src=\"https:\/\/www.falconia.cz\/wp-content\/uploads\/2019\/06\/37930216_2089776981046184_2609479707934064640_o-340x227.jpg\" data-type=\"wpmfgalleryimg\" data-lazy-src=\"https:\/\/www.falconia.cz\/wp-content\/uploads\/2019\/06\/37930216_2089776981046184_2609479707934064640_o-340x227.jpg\"><\/a><\/div><\/div><div class=\"wpmf-gallery-item\n     wpmf-gallery-item-position-13 wpmf-gallery-item-attachment-4217\" data-index=\"13\"><div class=\"wpmf-gallery-icon\"><a class=\" not_video noLightbox\" data-lightbox=\"1\" data-href=\"https:\/\/www.falconia.cz\/wp-content\/uploads\/2019\/06\/37916885_2089769141046968_3014895633942183936_o.jpg\" title=\"37916885 2089769141046968 3014895633942183936 O\" target=\"_self\" data-index=\"13\"><img decoding=\"async\" class=\"wpmf_img\" alt=\"37916885 2089769141046968 3014895633942183936 O\" src=\"https:\/\/www.falconia.cz\/wp-content\/uploads\/2019\/06\/37916885_2089769141046968_3014895633942183936_o-340x227.jpg\" data-type=\"wpmfgalleryimg\" data-lazy-src=\"https:\/\/www.falconia.cz\/wp-content\/uploads\/2019\/06\/37916885_2089769141046968_3014895633942183936_o-340x227.jpg\"><\/a><\/div><\/div><div class=\"wpmf-gallery-item\n     wpmf-gallery-item-position-14 wpmf-gallery-item-attachment-511\" data-index=\"14\"><div class=\"wpmf-gallery-icon\"><a class=\" not_video noLightbox\" data-lightbox=\"1\" data-href=\"https:\/\/www.falconia.cz\/wp-content\/uploads\/2019\/06\/37743341_2089770034380212_7483009343864963072_o.jpg\" title=\"37743341 2089770034380212 7483009343864963072 O\" target=\"_self\" data-index=\"14\"><img decoding=\"async\" class=\"wpmf_img\" alt=\"37743341 2089770034380212 7483009343864963072 O\" src=\"https:\/\/www.falconia.cz\/wp-content\/uploads\/2019\/06\/37743341_2089770034380212_7483009343864963072_o-340x227.jpg\" data-type=\"wpmfgalleryimg\" data-lazy-src=\"https:\/\/www.falconia.cz\/wp-content\/uploads\/2019\/06\/37743341_2089770034380212_7483009343864963072_o-340x227.jpg\"><\/a><\/div><\/div><\/div><\/div>\n\n\n\n\n<p>In Nasavrk\u00e1ch befindet sich ein sch\u00f6nes Freilichtmuseum, das uns mit seinem offenen Himmel ideale Bedingungen f\u00fcr die Falknershow bietet.<\/p>\n","protected":false},"excerpt":{"rendered":"<p>In Nasavrk\u00e1ch befindet sich ein sch\u00f6nes Freilichtmuseum, das uns mit seinem offenen Himmel ideale Bedingungen f\u00fcr die Falknershow bietet.<\/p>\n","protected":false},"author":1,"featured_media":4217,"parent":4045,"menu_order":3,"comment_status":"closed","ping_status":"closed","template":"","meta":{"_acf_changed":false,"footnotes":""},"class_list":["post-4215","page","type-page","status-publish","has-post-thumbnail","hentry"],"acf":[],"_links":{"self":[{"href":"https:\/\/www.falconia.cz\/de\/wp-json\/wp\/v2\/pages\/4215","targetHints":{"allow":["GET"]}}],"collection":[{"href":"https:\/\/www.falconia.cz\/de\/wp-json\/wp\/v2\/pages"}],"about":[{"href":"https:\/\/www.falconia.cz\/de\/wp-json\/wp\/v2\/types\/page"}],"author":[{"embeddable":true,"href":"https:\/\/www.falconia.cz\/de\/wp-json\/wp\/v2\/users\/1"}],"replies":[{"embeddable":true,"href":"https:\/\/www.falconia.cz\/de\/wp-json\/wp\/v2\/comments?post=4215"}],"version-history":[{"count":2,"href":"https:\/\/www.falconia.cz\/de\/wp-json\/wp\/v2\/pages\/4215\/revisions"}],"predecessor-version":[{"id":4218,"href":"https:\/\/www.falconia.cz\/de\/wp-json\/wp\/v2\/pages\/4215\/revisions\/4218"}],"up":[{"embeddable":true,"href":"https:\/\/www.falconia.cz\/de\/wp-json\/wp\/v2\/pages\/4045"}],"wp:featuredmedia":[{"embeddable":true,"href":"https:\/\/www.falconia.cz\/de\/wp-json\/wp\/v2\/media\/4217"}],"wp:attachment":[{"href":"https:\/\/www.falconia.cz\/de\/wp-json\/wp\/v2\/media?parent=4215"}],"curies":[{"name":"wp","href":"https:\/\/api.w.org\/{rel}","templated":true}]}}