{"id":4427,"date":"2025-01-28T17:58:48","date_gmt":"2025-01-28T16:58:48","guid":{"rendered":"https:\/\/www.falconia.cz\/?page_id=4427"},"modified":"2025-01-28T18:02:48","modified_gmt":"2025-01-28T17:02:48","slug":"falconia-club","status":"publish","type":"page","link":"https:\/\/www.falconia.cz\/de\/falconia-club\/","title":{"rendered":"Falconia-Club"},"content":{"rendered":"\n<p class=\"has-medium-font-size\"> Falconia je jedin\u00fdm sdru\u017een\u00edm sokoln\u00edk\u016f v \u010cesk\u00e9 republice, kter\u00e1 se dlouhodob\u011b v\u011bnuje historick\u00e9mu sokolnictv\u00ed. V\u011bt\u0161ina z n\u00e1s jsme \u010dleny Klubu sokoln\u00edk\u016f p\u0159i \u010cMMJ a p\u016fsob\u00edme jako profesion\u00e1ln\u00ed sokoln\u00edci. <\/p>\n\n\n\n<p>Aktivn\u011b se \u00fa\u010dastn\u00edme akc\u00ed klubu sokoln\u00edk\u016f, sokolnictv\u00ed prezentujeme na historick\u00fdch akc\u00edch m\u011bst, hrad\u016f a z\u00e1mk\u016f po na\u0161\u00ed republice i v Evrop\u011b. Prioritou Falconie je p\u0159edev\u0161\u00edm z\u00e1jem o sokolnickou historii, nejen v \u010cesk\u00e9 republice, ale tak\u00e9 i v Evrop\u011b a ve sv\u011bt\u011b. \u00da\u010delem na\u0161eho sdru\u017een\u00ed je p\u0159ibl\u00ed\u017eit tuto historii lidem i sokoln\u00edk\u016fm, aby pochopili ko\u0159eny tohoto vzne\u0161en\u00e9ho um\u011bn\u00ed. Sokolnick\u00fd lov, kter\u00fd je ned\u00edlnou sou\u010d\u00e1st\u00ed na\u0161\u00ed \u010dinnosti, prov\u00e1d\u00edme klasick\u00fdm zp\u016fsobem s ostatn\u00edmi sokoln\u00edky v r\u00e1mci klubu i na\u0161eho sdru\u017een\u00ed. Po\u0159\u00e1d\u00e1me lovy v z\u00e1meck\u00fdch rev\u00edrech, p\u0159i kter\u00fdch lov\u00edme i z kon\u00ed a v historick\u00fdch kost\u00fdmech.<\/p>\n\n\n\n<p>Sna\u017e\u00edme se t\u00edmto o\u017eivit a uct\u00edt sokolnickou tradici, kter\u00e1 m\u00e1 v na\u0161ich zem\u00edch d\u00e1vnou a bohatou historii. Chceme tak na\u0161\u00ed sokolnickou profes\u00ed pomoci v \u0161ir\u0161\u00ed prezentaci historie na \u00farovni mezin\u00e1rodn\u00ed spolupr\u00e1ce.<\/p>\n\n\n\n<h3 class=\"wp-block-heading\"><strong>IAF (International association for falconry)<\/strong><\/h3>\n\n\n\n<div class=\"wp-block-media-text alignwide is-vertically-aligned-center\" style=\"grid-template-columns:22% auto\"><figure class=\"wp-block-media-text__media\"><img loading=\"lazy\" decoding=\"async\" width=\"1024\" height=\"982\" src=\"https:\/\/www.falconia.cz\/wp-content\/uploads\/2019\/05\/IAF-logo-1024x982.png\" alt=\"\" class=\"wp-image-241 size-full\" srcset=\"https:\/\/www.falconia.cz\/wp-content\/uploads\/2019\/05\/IAF-logo-1024x982.png 1024w, https:\/\/www.falconia.cz\/wp-content\/uploads\/2019\/05\/IAF-logo-340x326.png 340w, https:\/\/www.falconia.cz\/wp-content\/uploads\/2019\/05\/IAF-logo-768x736.png 768w, https:\/\/www.falconia.cz\/wp-content\/uploads\/2019\/05\/IAF-logo.png 1121w\" sizes=\"auto, (max-width: 1024px) 100vw, 1024px\" \/><\/figure><div class=\"wp-block-media-text__content\">\n<p class=\"has-normal-font-size\">V&nbsp;roce 2018 se Falconia klub stal \u010dlenem mezin\u00e1rodn\u00ed sokolnick\u00e9 asociace (IAF). Jeho p\u0159ijet\u00ed bylo schv\u00e1leno na Mezin\u00e1rodn\u00edm sokolnick\u00e9m setk\u00e1n\u00ed v&nbsp;Bamberku pot\u00e9, co jsme prezentovali n\u00e1\u0161 program a na\u0161e c\u00edle v&nbsp;oblasti prezentace pro ve\u0159ejnost a historick\u00e9ho sokolnictv\u00ed. \u010cinnost na\u0161eho klubu byla z\u00e1stupci jednotliv\u00fdch zem\u00ed p\u0159ijata velmi kladn\u011b a my si toho nesm\u00edrn\u011b v\u00e1\u017e\u00edme. <\/p>\n<\/div><\/div>\n\n\n\n<figure class=\"wp-block-embed is-type-video is-provider-youtube wp-block-embed-youtube wp-embed-aspect-16-9 wp-has-aspect-ratio\"><div class=\"wp-block-embed__wrapper\">\n<iframe loading=\"lazy\" title=\"IAF Prezentace\" width=\"500\" height=\"281\" src=\"https:\/\/www.youtube.com\/embed\/yKx-h8vJO_I?feature=oembed\" frameborder=\"0\" allow=\"accelerometer; autoplay; clipboard-write; encrypted-media; gyroscope; picture-in-picture; web-share\" referrerpolicy=\"strict-origin-when-cross-origin\" allowfullscreen><\/iframe>\n<\/div><\/figure>\n","protected":false},"excerpt":{"rendered":"<p>Falconia je jedin\u00fdm sdru\u017een\u00edm sokoln\u00edk\u016f v \u010cesk\u00e9 republice, kter\u00e1 se dlouhodob\u011b v\u011bnuje historick\u00e9mu sokolnictv\u00ed. V\u011bt\u0161ina z n\u00e1s jsme \u010dleny Klubu sokoln\u00edk\u016f p\u0159i \u010cMMJ a p\u016fsob\u00edme jako profesion\u00e1ln\u00ed sokoln\u00edci. Aktivn\u011b se \u00fa\u010dastn\u00edme akc\u00ed klubu sokoln\u00edk\u016f, sokolnictv\u00ed prezentujeme na historick\u00fdch akc\u00edch m\u011bst, hrad\u016f a z\u00e1mk\u016f po na\u0161\u00ed republice i v Evrop\u011b. Prioritou Falconie je p\u0159edev\u0161\u00edm z\u00e1jem o [&hellip;]<\/p>\n","protected":false},"author":1,"featured_media":4432,"parent":0,"menu_order":6,"comment_status":"closed","ping_status":"closed","template":"template_parts\/page-club.php","meta":{"_acf_changed":false,"footnotes":""},"class_list":["post-4427","page","type-page","status-publish","has-post-thumbnail","hentry"],"acf":[],"_links":{"self":[{"href":"https:\/\/www.falconia.cz\/de\/wp-json\/wp\/v2\/pages\/4427","targetHints":{"allow":["GET"]}}],"collection":[{"href":"https:\/\/www.falconia.cz\/de\/wp-json\/wp\/v2\/pages"}],"about":[{"href":"https:\/\/www.falconia.cz\/de\/wp-json\/wp\/v2\/types\/page"}],"author":[{"embeddable":true,"href":"https:\/\/www.falconia.cz\/de\/wp-json\/wp\/v2\/users\/1"}],"replies":[{"embeddable":true,"href":"https:\/\/www.falconia.cz\/de\/wp-json\/wp\/v2\/comments?post=4427"}],"version-history":[{"count":1,"href":"https:\/\/www.falconia.cz\/de\/wp-json\/wp\/v2\/pages\/4427\/revisions"}],"predecessor-version":[{"id":4428,"href":"https:\/\/www.falconia.cz\/de\/wp-json\/wp\/v2\/pages\/4427\/revisions\/4428"}],"wp:featuredmedia":[{"embeddable":true,"href":"https:\/\/www.falconia.cz\/de\/wp-json\/wp\/v2\/media\/4432"}],"wp:attachment":[{"href":"https:\/\/www.falconia.cz\/de\/wp-json\/wp\/v2\/media?parent=4427"}],"curies":[{"name":"wp","href":"https:\/\/api.w.org\/{rel}","templated":true}]}}