{"id":4437,"date":"2025-01-28T18:04:47","date_gmt":"2025-01-28T17:04:47","guid":{"rendered":"https:\/\/www.falconia.cz\/?page_id=4437"},"modified":"2025-01-28T18:04:48","modified_gmt":"2025-01-28T17:04:48","slug":"ein-buch-ueber-die-falknerei","status":"publish","type":"page","link":"https:\/\/www.falconia.cz\/de\/ein-buch-ueber-die-falknerei\/","title":{"rendered":"Ein Buch \u00fcber die Falknerei"},"content":{"rendered":"\n<p class=\"has-medium-font-size\">V roce 1969 se hrab\u011bti Zde\u0148ku Sternbergovi poda\u0159ilo z exilu vydat jedine\u010dnou knihu Sokolnictv\u00ed. Do t\u00e9 doby u n\u00e1s \u017e\u00e1dn\u00e1 kniha s podobn\u00fdm t\u00e9matem neexistovala a trouf\u00e1me si tvrdit, \u017ee doposud ani \u017e\u00e1dn\u00e1 lep\u0161\u00ed nevznikla. A proto je pochopiteln\u00e9, \u017ee se hrab\u011bti Sternbergovi poda\u0159ilo vytvo\u0159it knihu, jen\u017e pat\u0159\u00ed do knihovny ka\u017ed\u00e9ho (nejen) \u010desk\u00e9ho sokoln\u00edka a milovn\u00edka p\u0159\u00edrody.<br>Je n\u00e1m velikou ct\u00ed, \u017ee tuto &#8222;bibli \u010desk\u00e9ho sokolnictv\u00ed&#8220; m\u016f\u017eeme znovu vydat pr\u00e1v\u011b my. Roz\u0161\u00ed\u0159en\u00ed knihy obsahuje p\u0159epsan\u00fd rozhovor se Zde\u0148kem Sternbergem, n\u011bkolik \u010dl\u00e1nk\u016f s fotografiemi z r\u016fzn\u00fdch sokolnick\u00fdch oblast\u00ed od aktivn\u00edch sokoln\u00edk\u016f a tzv. &#8222;S\u00ed\u0148 sl\u00e1vy&#8220; v n\u00ed\u017e jsou uvedeni v\u0161ichni sokoln\u00edci, kte\u0159\u00ed se za posledn\u00edch 50 let existence \u010desk\u00e9ho klubu sokoln\u00edk\u016f zaslou\u017eili o zachov\u00e1n\u00ed t\u00e9to kr\u00e1sn\u00e9 tradice lovu. <\/p>\n\n\n\n<figure class=\"wp-block-image size-large\"><img loading=\"lazy\" decoding=\"async\" width=\"1024\" height=\"858\" src=\"https:\/\/www.falconia.cz\/wp-content\/uploads\/2020\/11\/125323521_3808252362518363_2483543961653824955_o-1024x858.jpg\" alt=\"\" class=\"wp-image-2999\" srcset=\"https:\/\/www.falconia.cz\/wp-content\/uploads\/2020\/11\/125323521_3808252362518363_2483543961653824955_o-1024x858.jpg 1024w, https:\/\/www.falconia.cz\/wp-content\/uploads\/2020\/11\/125323521_3808252362518363_2483543961653824955_o-340x285.jpg 340w, https:\/\/www.falconia.cz\/wp-content\/uploads\/2020\/11\/125323521_3808252362518363_2483543961653824955_o-768x644.jpg 768w, https:\/\/www.falconia.cz\/wp-content\/uploads\/2020\/11\/125323521_3808252362518363_2483543961653824955_o-1536x1287.jpg 1536w, https:\/\/www.falconia.cz\/wp-content\/uploads\/2020\/11\/125323521_3808252362518363_2483543961653824955_o.jpg 2048w\" sizes=\"auto, (max-width: 1024px) 100vw, 1024px\" \/><\/figure>\n\n\n\n<p class=\"has-medium-font-size\">K\u0159est knihy prob\u011bhl p\u0159i p\u0159\u00edle\u017eitosti oslav zaps\u00e1n\u00ed \u010desk\u00e9ho sokolnictv\u00ed na seznam nehmotn\u00e9ho kulturn\u00edho d\u011bdictv\u00ed UNESCO, kter\u00e9 se konalo 16. listopadu 2020 v Mezin\u00e1rodn\u00ed den sokolnictv\u00ed v Sokolnick\u00e9m muzeu na Pra\u017esk\u00e9m hrad\u011b. Mo\u017enost zakoupit tuto knihu je v sou\u010dasnosti p\u0159es objedn\u00e1vku na <a rel=\"noreferrer noopener\" href=\"http:\/\/dmo.posazavi.com\/cz\/Shop.aspx?fbclid=IwAR0c2P2KL5chWoUa9y8JTK04tHTF6G6nhrqKQUzC_j8cEfE9BPtaR__yy6s\" target=\"_blank\">http:\/\/dmo.posazavi.com\/cz\/Shop.aspx<\/a> , kde pro V\u00e1s knihu zarezervuj\u00ed a v nejbli\u017e\u0161\u00edm mo\u017en\u00e9m term\u00ednu za\u0161lou. Kniha se za\u010dne rozes\u00edlat 16. prosince a bude st\u00e1t 500 K\u010d (dotovan\u00e1 cena).<\/p>\n\n\n\n<p><strong>Na n\u00e1sleduj\u00edc\u00edch fotografi\u00edch hrab\u011b Zden\u011bk Sternberg b\u011bhem rozhovoru pro \u00favod knihy<\/strong><\/p>\n\n\n\n<div class=\"wpmf-gallerys wpmf-gallerys-life \" ><div id=\"gallery-1\"\n data-gutter-width=\"15\"\n  data-wpmfcolumns=\"3\" class=\"wpmf-gallery gallery-link-file gallery_life gallery-masonry gallery-columns-3 gallery-size-medium wpmf-gallery-bottomspace-default wpmf-gallery-clear wpmf-has-border-radius-0 wpmf-gutterwidth-15\"><\/div><\/div>\n\n\n\n\n<p><strong>Fotografie ze slavnostn\u00edho k\u0159tu 16. 11. 2020<\/strong><\/p>\n\n\n\n<div class=\"wpmf-gallerys wpmf-gallerys-life \" ><div id=\"gallery-2\"\n data-gutter-width=\"15\"\n  data-wpmfcolumns=\"3\" class=\"wpmf-gallery gallery-link-file gallery_life gallery-masonry gallery-columns-3 gallery-size-medium wpmf-gallery-bottomspace-default wpmf-gallery-clear wpmf-has-border-radius-0 wpmf-gutterwidth-15\"><div class=\"wpmf-gallery-item\n     wpmf-gallery-item-position-0 wpmf-gallery-item-attachment-2959\" data-index=\"0\"><div class=\"wpmf-gallery-icon\"><a class=\" not_video noLightbox\" data-lightbox=\"1\" data-href=\"https:\/\/www.falconia.cz\/wp-content\/uploads\/2020\/11\/125418152_814137172482808_6208502518699831910_n.jpg\" title=\"125418152 814137172482808 6208502518699831910 N\" target=\"_self\" data-index=\"0\"><img decoding=\"async\" class=\"wpmf_img\" alt=\"125418152 814137172482808 6208502518699831910 N\" src=\"https:\/\/www.falconia.cz\/wp-content\/uploads\/2020\/11\/125418152_814137172482808_6208502518699831910_n-340x255.jpg\" data-type=\"wpmfgalleryimg\" data-lazy-src=\"https:\/\/www.falconia.cz\/wp-content\/uploads\/2020\/11\/125418152_814137172482808_6208502518699831910_n-340x255.jpg\"><\/a><\/div><\/div><div class=\"wpmf-gallery-item\n     wpmf-gallery-item-position-1 wpmf-gallery-item-attachment-2961\" data-index=\"1\"><div class=\"wpmf-gallery-icon\"><a class=\" not_video noLightbox\" data-lightbox=\"1\" data-href=\"https:\/\/www.falconia.cz\/wp-content\/uploads\/2020\/11\/125430178_368429594424483_3836806348378947085_n.jpg\" title=\"125430178 368429594424483 3836806348378947085 N\" target=\"_self\" data-index=\"1\"><img decoding=\"async\" class=\"wpmf_img\" alt=\"125430178 368429594424483 3836806348378947085 N\" src=\"https:\/\/www.falconia.cz\/wp-content\/uploads\/2020\/11\/125430178_368429594424483_3836806348378947085_n-340x255.jpg\" data-type=\"wpmfgalleryimg\" data-lazy-src=\"https:\/\/www.falconia.cz\/wp-content\/uploads\/2020\/11\/125430178_368429594424483_3836806348378947085_n-340x255.jpg\"><\/a><\/div><\/div><div class=\"wpmf-gallery-item\n     wpmf-gallery-item-position-2 wpmf-gallery-item-attachment-2963\" data-index=\"2\"><div class=\"wpmf-gallery-icon\"><a class=\" not_video noLightbox\" data-lightbox=\"1\" data-href=\"https:\/\/www.falconia.cz\/wp-content\/uploads\/2020\/11\/125432956_833220590552240_7634943834163563255_n.jpg\" title=\"125432956 833220590552240 7634943834163563255 N\" target=\"_self\" data-index=\"2\"><img decoding=\"async\" class=\"wpmf_img\" alt=\"125432956 833220590552240 7634943834163563255 N\" src=\"https:\/\/www.falconia.cz\/wp-content\/uploads\/2020\/11\/125432956_833220590552240_7634943834163563255_n-340x255.jpg\" data-type=\"wpmfgalleryimg\" data-lazy-src=\"https:\/\/www.falconia.cz\/wp-content\/uploads\/2020\/11\/125432956_833220590552240_7634943834163563255_n-340x255.jpg\"><\/a><\/div><\/div><div class=\"wpmf-gallery-item\n     wpmf-gallery-item-position-3 wpmf-gallery-item-attachment-2967\" data-index=\"3\"><div class=\"wpmf-gallery-icon\"><a class=\" not_video noLightbox\" data-lightbox=\"1\" data-href=\"https:\/\/www.falconia.cz\/wp-content\/uploads\/2020\/11\/DSC3444.jpg\" title=\" DSC3444\" target=\"_self\" data-index=\"3\"><img decoding=\"async\" class=\"wpmf_img\" alt=\" DSC3444\" src=\"https:\/\/www.falconia.cz\/wp-content\/uploads\/2020\/11\/DSC3444-340x235.jpg\" data-type=\"wpmfgalleryimg\" data-lazy-src=\"https:\/\/www.falconia.cz\/wp-content\/uploads\/2020\/11\/DSC3444-340x235.jpg\"><\/a><\/div><\/div><div class=\"wpmf-gallery-item\n     wpmf-gallery-item-position-4 wpmf-gallery-item-attachment-4439\" data-index=\"4\"><div class=\"wpmf-gallery-icon\"><a class=\" not_video noLightbox\" data-lightbox=\"1\" data-href=\"https:\/\/www.falconia.cz\/wp-content\/uploads\/2020\/11\/DSC3449.jpg\" title=\"DSC3449\" target=\"_self\" data-index=\"4\"><img decoding=\"async\" class=\"wpmf_img\" alt=\"DSC3449\" src=\"https:\/\/www.falconia.cz\/wp-content\/uploads\/2020\/11\/DSC3449-340x227.jpg\" data-type=\"wpmfgalleryimg\" data-lazy-src=\"https:\/\/www.falconia.cz\/wp-content\/uploads\/2020\/11\/DSC3449-340x227.jpg\"><\/a><\/div><\/div><div class=\"wpmf-gallery-item\n     wpmf-gallery-item-position-5 wpmf-gallery-item-attachment-2971\" data-index=\"5\"><div class=\"wpmf-gallery-icon\"><a class=\" not_video noLightbox\" data-lightbox=\"1\" data-href=\"https:\/\/www.falconia.cz\/wp-content\/uploads\/2020\/11\/DSC3510.jpg\" title=\" DSC3510\" target=\"_self\" data-index=\"5\"><img decoding=\"async\" class=\"wpmf_img\" alt=\" DSC3510\" src=\"https:\/\/www.falconia.cz\/wp-content\/uploads\/2020\/11\/DSC3510-340x227.jpg\" data-type=\"wpmfgalleryimg\" data-lazy-src=\"https:\/\/www.falconia.cz\/wp-content\/uploads\/2020\/11\/DSC3510-340x227.jpg\"><\/a><\/div><\/div><div class=\"wpmf-gallery-item\n     wpmf-gallery-item-position-6 wpmf-gallery-item-attachment-2997\" data-index=\"6\"><div class=\"wpmf-gallery-icon\"><a class=\" not_video noLightbox\" data-lightbox=\"1\" data-href=\"https:\/\/www.falconia.cz\/wp-content\/uploads\/2020\/11\/125260950_411937576644339_6367243663508357663_n.jpg\" title=\"125260950 411937576644339 6367243663508357663 N\" target=\"_self\" data-index=\"6\"><img decoding=\"async\" class=\"wpmf_img\" alt=\"125260950 411937576644339 6367243663508357663 N\" src=\"https:\/\/www.falconia.cz\/wp-content\/uploads\/2020\/11\/125260950_411937576644339_6367243663508357663_n-340x255.jpg\" data-type=\"wpmfgalleryimg\" data-lazy-src=\"https:\/\/www.falconia.cz\/wp-content\/uploads\/2020\/11\/125260950_411937576644339_6367243663508357663_n-340x255.jpg\"><\/a><\/div><\/div><\/div><\/div>\n\n\n\n\n<p><strong>N\u011bkolik uk\u00e1zek z knihy<\/strong><\/p>\n\n\n\n<div class=\"wpmf-gallerys wpmf-gallerys-life \" ><div id=\"gallery-3\" class=\"gallery gallery_life wpmf_gallery_default gallery_default  gallery-columns-3 gallery-size-medium gallery-link-file wpmf-has-border-radius-0 wpmf-gutterwidth-15 no_ratio\"><figure class=\"wpmf-gallery-item\" data-index=\"0\"><div class=\"wpmf-gallery-icon\"><div class=\"square_thumbnail\"><div class=\"img_centered\"><a class=\" not_video noLightbox\" data-lightbox=\"1\" data-href=\"https:\/\/www.falconia.cz\/wp-content\/uploads\/2020\/11\/01.jpg\" title=\"01\" target=\"_self\" data-index=\"0\"><img decoding=\"async\" class=\"wpmf_img\" alt=\"01\" src=\"https:\/\/www.falconia.cz\/wp-content\/uploads\/2020\/11\/01-340x230.jpg\" data-type=\"wpmfgalleryimg\" data-lazy-src=\"https:\/\/www.falconia.cz\/wp-content\/uploads\/2020\/11\/01-340x230.jpg\"><\/a><\/div><\/div><\/div><\/figure><figure class=\"wpmf-gallery-item\" data-index=\"1\"><div class=\"wpmf-gallery-icon\"><div class=\"square_thumbnail\"><div class=\"img_centered\"><a class=\" not_video noLightbox\" data-lightbox=\"1\" data-href=\"https:\/\/www.falconia.cz\/wp-content\/uploads\/2020\/11\/02.jpg\" title=\"02\" target=\"_self\" data-index=\"1\"><img decoding=\"async\" class=\"wpmf_img\" alt=\"02\" src=\"https:\/\/www.falconia.cz\/wp-content\/uploads\/2020\/11\/02-340x229.jpg\" data-type=\"wpmfgalleryimg\" data-lazy-src=\"https:\/\/www.falconia.cz\/wp-content\/uploads\/2020\/11\/02-340x229.jpg\"><\/a><\/div><\/div><\/div><\/figure><figure class=\"wpmf-gallery-item\" data-index=\"2\"><div class=\"wpmf-gallery-icon\"><div class=\"square_thumbnail\"><div class=\"img_centered\"><a class=\" not_video noLightbox\" data-lightbox=\"1\" data-href=\"https:\/\/www.falconia.cz\/wp-content\/uploads\/2020\/11\/03.jpg\" title=\"03\" target=\"_self\" data-index=\"2\"><img decoding=\"async\" class=\"wpmf_img\" alt=\"03\" src=\"https:\/\/www.falconia.cz\/wp-content\/uploads\/2020\/11\/03-340x230.jpg\" data-type=\"wpmfgalleryimg\" data-lazy-src=\"https:\/\/www.falconia.cz\/wp-content\/uploads\/2020\/11\/03-340x230.jpg\"><\/a><\/div><\/div><\/div><\/figure><figure class=\"wpmf-gallery-item\" data-index=\"3\"><div class=\"wpmf-gallery-icon\"><div class=\"square_thumbnail\"><div class=\"img_centered\"><a class=\" not_video noLightbox\" data-lightbox=\"1\" data-href=\"https:\/\/www.falconia.cz\/wp-content\/uploads\/2020\/11\/04.jpg\" title=\"04\" target=\"_self\" data-index=\"3\"><img decoding=\"async\" class=\"wpmf_img\" alt=\"04\" src=\"https:\/\/www.falconia.cz\/wp-content\/uploads\/2020\/11\/04-340x230.jpg\" data-type=\"wpmfgalleryimg\" data-lazy-src=\"https:\/\/www.falconia.cz\/wp-content\/uploads\/2020\/11\/04-340x230.jpg\"><\/a><\/div><\/div><\/div><\/figure><figure class=\"wpmf-gallery-item\" data-index=\"4\"><div class=\"wpmf-gallery-icon\"><div class=\"square_thumbnail\"><div class=\"img_centered\"><a class=\" not_video noLightbox\" data-lightbox=\"1\" data-href=\"https:\/\/www.falconia.cz\/wp-content\/uploads\/2020\/11\/05.jpg\" title=\"05\" target=\"_self\" data-index=\"4\"><img decoding=\"async\" class=\"wpmf_img\" alt=\"05\" src=\"https:\/\/www.falconia.cz\/wp-content\/uploads\/2020\/11\/05-340x229.jpg\" data-type=\"wpmfgalleryimg\" data-lazy-src=\"https:\/\/www.falconia.cz\/wp-content\/uploads\/2020\/11\/05-340x229.jpg\"><\/a><\/div><\/div><\/div><\/figure><figure class=\"wpmf-gallery-item\" data-index=\"5\"><div class=\"wpmf-gallery-icon\"><div class=\"square_thumbnail\"><div class=\"img_centered\"><a class=\" not_video noLightbox\" data-lightbox=\"1\" data-href=\"https:\/\/www.falconia.cz\/wp-content\/uploads\/2020\/11\/06.jpg\" title=\"06\" target=\"_self\" data-index=\"5\"><img decoding=\"async\" class=\"wpmf_img\" alt=\"06\" src=\"https:\/\/www.falconia.cz\/wp-content\/uploads\/2020\/11\/06-340x229.jpg\" data-type=\"wpmfgalleryimg\" data-lazy-src=\"https:\/\/www.falconia.cz\/wp-content\/uploads\/2020\/11\/06-340x229.jpg\"><\/a><\/div><\/div><\/div><\/figure><figure class=\"wpmf-gallery-item\" data-index=\"6\"><div class=\"wpmf-gallery-icon\"><div class=\"square_thumbnail\"><div class=\"img_centered\"><a class=\" not_video noLightbox\" data-lightbox=\"1\" data-href=\"https:\/\/www.falconia.cz\/wp-content\/uploads\/2020\/11\/07.jpg\" title=\"07\" target=\"_self\" data-index=\"6\"><img decoding=\"async\" class=\"wpmf_img\" alt=\"07\" src=\"https:\/\/www.falconia.cz\/wp-content\/uploads\/2020\/11\/07-340x229.jpg\" data-type=\"wpmfgalleryimg\" data-lazy-src=\"https:\/\/www.falconia.cz\/wp-content\/uploads\/2020\/11\/07-340x229.jpg\"><\/a><\/div><\/div><\/div><\/figure><figure class=\"wpmf-gallery-item\" data-index=\"7\"><div class=\"wpmf-gallery-icon\"><div class=\"square_thumbnail\"><div class=\"img_centered\"><a class=\" not_video noLightbox\" data-lightbox=\"1\" data-href=\"https:\/\/www.falconia.cz\/wp-content\/uploads\/2020\/11\/08.jpg\" title=\"08\" target=\"_self\" data-index=\"7\"><img decoding=\"async\" class=\"wpmf_img\" alt=\"08\" src=\"https:\/\/www.falconia.cz\/wp-content\/uploads\/2020\/11\/08-340x229.jpg\" data-type=\"wpmfgalleryimg\" data-lazy-src=\"https:\/\/www.falconia.cz\/wp-content\/uploads\/2020\/11\/08-340x229.jpg\"><\/a><\/div><\/div><\/div><\/figure><figure class=\"wpmf-gallery-item\" data-index=\"8\"><div class=\"wpmf-gallery-icon\"><div class=\"square_thumbnail\"><div class=\"img_centered\"><a class=\" not_video noLightbox\" data-lightbox=\"1\" data-href=\"https:\/\/www.falconia.cz\/wp-content\/uploads\/2020\/11\/09.jpg\" title=\"09\" target=\"_self\" data-index=\"8\"><img decoding=\"async\" class=\"wpmf_img\" alt=\"09\" src=\"https:\/\/www.falconia.cz\/wp-content\/uploads\/2020\/11\/09-340x229.jpg\" data-type=\"wpmfgalleryimg\" data-lazy-src=\"https:\/\/www.falconia.cz\/wp-content\/uploads\/2020\/11\/09-340x229.jpg\"><\/a><\/div><\/div><\/div><\/figure><figure class=\"wpmf-gallery-item\" data-index=\"9\"><div class=\"wpmf-gallery-icon\"><div class=\"square_thumbnail\"><div class=\"img_centered\"><a class=\" not_video noLightbox\" data-lightbox=\"1\" data-href=\"https:\/\/www.falconia.cz\/wp-content\/uploads\/2020\/11\/10.jpg\" title=\"10\" target=\"_self\" data-index=\"9\"><img decoding=\"async\" class=\"wpmf_img\" alt=\"10\" src=\"https:\/\/www.falconia.cz\/wp-content\/uploads\/2020\/11\/10-340x230.jpg\" data-type=\"wpmfgalleryimg\" data-lazy-src=\"https:\/\/www.falconia.cz\/wp-content\/uploads\/2020\/11\/10-340x230.jpg\"><\/a><\/div><\/div><\/div><\/figure><figure class=\"wpmf-gallery-item\" data-index=\"10\"><div class=\"wpmf-gallery-icon\"><div class=\"square_thumbnail\"><div class=\"img_centered\"><a class=\" not_video noLightbox\" data-lightbox=\"1\" data-href=\"https:\/\/www.falconia.cz\/wp-content\/uploads\/2020\/11\/11.jpg\" title=\"11\" target=\"_self\" data-index=\"10\"><img decoding=\"async\" class=\"wpmf_img\" alt=\"11\" src=\"https:\/\/www.falconia.cz\/wp-content\/uploads\/2020\/11\/11-340x229.jpg\" data-type=\"wpmfgalleryimg\" data-lazy-src=\"https:\/\/www.falconia.cz\/wp-content\/uploads\/2020\/11\/11-340x229.jpg\"><\/a><\/div><\/div><\/div><\/figure><\/div><\/div>\n","protected":false},"excerpt":{"rendered":"<p>V roce 1969 se hrab\u011bti Zde\u0148ku Sternbergovi poda\u0159ilo z exilu vydat jedine\u010dnou knihu Sokolnictv\u00ed. Do t\u00e9 doby u n\u00e1s \u017e\u00e1dn\u00e1 kniha s podobn\u00fdm t\u00e9matem neexistovala a trouf\u00e1me si tvrdit, \u017ee doposud ani \u017e\u00e1dn\u00e1 lep\u0161\u00ed nevznikla. A proto je pochopiteln\u00e9, \u017ee se hrab\u011bti Sternbergovi poda\u0159ilo vytvo\u0159it knihu, jen\u017e pat\u0159\u00ed do knihovny ka\u017ed\u00e9ho (nejen) \u010desk\u00e9ho sokoln\u00edka a [&hellip;]<\/p>\n","protected":false},"author":1,"featured_media":4439,"parent":0,"menu_order":0,"comment_status":"closed","ping_status":"closed","template":"","meta":{"_acf_changed":false,"footnotes":""},"class_list":["post-4437","page","type-page","status-publish","has-post-thumbnail","hentry"],"acf":[],"_links":{"self":[{"href":"https:\/\/www.falconia.cz\/de\/wp-json\/wp\/v2\/pages\/4437","targetHints":{"allow":["GET"]}}],"collection":[{"href":"https:\/\/www.falconia.cz\/de\/wp-json\/wp\/v2\/pages"}],"about":[{"href":"https:\/\/www.falconia.cz\/de\/wp-json\/wp\/v2\/types\/page"}],"author":[{"embeddable":true,"href":"https:\/\/www.falconia.cz\/de\/wp-json\/wp\/v2\/users\/1"}],"replies":[{"embeddable":true,"href":"https:\/\/www.falconia.cz\/de\/wp-json\/wp\/v2\/comments?post=4437"}],"version-history":[{"count":1,"href":"https:\/\/www.falconia.cz\/de\/wp-json\/wp\/v2\/pages\/4437\/revisions"}],"predecessor-version":[{"id":4438,"href":"https:\/\/www.falconia.cz\/de\/wp-json\/wp\/v2\/pages\/4437\/revisions\/4438"}],"wp:featuredmedia":[{"embeddable":true,"href":"https:\/\/www.falconia.cz\/de\/wp-json\/wp\/v2\/media\/4439"}],"wp:attachment":[{"href":"https:\/\/www.falconia.cz\/de\/wp-json\/wp\/v2\/media?parent=4437"}],"curies":[{"name":"wp","href":"https:\/\/api.w.org\/{rel}","templated":true}]}}