{"id":4445,"date":"2025-01-28T18:09:30","date_gmt":"2025-01-28T17:09:30","guid":{"rendered":"https:\/\/www.falconia.cz\/?page_id=4445"},"modified":"2025-01-28T18:09:31","modified_gmt":"2025-01-28T17:09:31","slug":"dokumentarfilm-zur-geschichte-der-falknerei","status":"publish","type":"page","link":"https:\/\/www.falconia.cz\/de\/falconia-club\/dokumentarfilm-zur-geschichte-der-falknerei\/","title":{"rendered":"Dokumentarfilm zur Geschichte der Falknerei"},"content":{"rendered":"\n<p class=\"has-medium-font-size\">V letech 2017 a 2018 vznikaly z\u00e1b\u011bry do p\u0159ipravovan\u00e9ho dokumentu o st\u0159edoevropsk\u00e9m sokolnictv\u00ed od jeho po\u010d\u00e1tk\u016f a\u017e po sou\u010dasnost. Tento dokument byl vytvo\u0159en na z\u00e1klad\u011b po\u017eadavku Spr\u00e1vy Pra\u017esk\u00e9ho hradu, kter\u00e1 jej cht\u011bla pou\u017e\u00edt do p\u0159ipravovan\u00e9 expozice &#8222;<a href=\"https:\/\/www.falconia.cz\/club\/sokolnicke-muzeum\/\">D\u016fm sokoln\u00edka<\/a>&#8222;.<br>Toto sokolnick\u00e9 muzeum se st\u00e1lou expozic\u00ed bylo na Pra\u017esk\u00e9m hrad\u011b slavnostn\u011b otev\u0159eno 11. kv\u011btna 2019.<br>Na fotografie se m\u016f\u017eete pod\u00edvat n\u00ed\u017ee a na kr\u00e1tk\u00fd trailer <a href=\"https:\/\/www.youtube.com\/watch?v=vpMshGSXbrs\">zde<\/a> .<\/p>\n\n\n\n<div class=\"wp-block-columns is-layout-flex wp-container-core-columns-is-layout-9d6595d7 wp-block-columns-is-layout-flex\">\n<div class=\"wp-block-column is-layout-flow wp-block-column-is-layout-flow\"><div class=\"wp-block-image\">\n<figure class=\"aligncenter size-large is-resized\"><a href=\"https:\/\/www.falconia.cz\/portfolio\/vznesene-umeni-lovu-2017\/\"><img loading=\"lazy\" decoding=\"async\" width=\"680\" height=\"960\" src=\"https:\/\/www.falconia.cz\/wp-content\/uploads\/2019\/06\/17361865_1357491120978959_1270022355546402622_n.jpg\" alt=\"\" class=\"wp-image-944\" style=\"width:250px;height:352px\" srcset=\"https:\/\/www.falconia.cz\/wp-content\/uploads\/2019\/06\/17361865_1357491120978959_1270022355546402622_n.jpg 680w, https:\/\/www.falconia.cz\/wp-content\/uploads\/2019\/06\/17361865_1357491120978959_1270022355546402622_n-241x340.jpg 241w\" sizes=\"auto, (max-width: 680px) 100vw, 680px\" \/><\/a><figcaption class=\"wp-element-caption\"><strong>2017<\/strong><\/figcaption><\/figure><\/div><\/div>\n\n\n\n<div class=\"wp-block-column is-layout-flow wp-block-column-is-layout-flow\"><div class=\"wp-block-image\">\n<figure class=\"aligncenter size-large is-resized\"><a href=\"https:\/\/www.falconia.cz\/portfolio\/vznesene-umeni-lovu-2018\/\"><img loading=\"lazy\" decoding=\"async\" width=\"683\" height=\"1024\" src=\"https:\/\/www.falconia.cz\/wp-content\/uploads\/2019\/07\/1-683x1024.jpg\" alt=\"\" class=\"wp-image-1036\" style=\"width:235px;height:352px\" srcset=\"https:\/\/www.falconia.cz\/wp-content\/uploads\/2019\/07\/1-683x1024.jpg 683w, https:\/\/www.falconia.cz\/wp-content\/uploads\/2019\/07\/1-227x340.jpg 227w, https:\/\/www.falconia.cz\/wp-content\/uploads\/2019\/07\/1-768x1152.jpg 768w, https:\/\/www.falconia.cz\/wp-content\/uploads\/2019\/07\/1.jpg 1920w\" sizes=\"auto, (max-width: 683px) 100vw, 683px\" \/><\/a><figcaption class=\"wp-element-caption\"><strong>2018<\/strong><\/figcaption><\/figure><\/div><\/div>\n\n\n\n<div class=\"wp-block-column is-layout-flow wp-block-column-is-layout-flow\"><div class=\"wp-block-image\">\n<figure class=\"aligncenter size-large is-resized\"><a href=\"https:\/\/www.falconia.cz\/portfolio\/vznesene-umeni-lovu-zakulisi\/\"><img loading=\"lazy\" decoding=\"async\" width=\"683\" height=\"1024\" src=\"https:\/\/www.falconia.cz\/wp-content\/uploads\/2019\/07\/7-683x1024.jpg\" alt=\"\" class=\"wp-image-1002\" style=\"width:235px;height:351px\" srcset=\"https:\/\/www.falconia.cz\/wp-content\/uploads\/2019\/07\/7-683x1024.jpg 683w, https:\/\/www.falconia.cz\/wp-content\/uploads\/2019\/07\/7-227x340.jpg 227w, https:\/\/www.falconia.cz\/wp-content\/uploads\/2019\/07\/7-768x1152.jpg 768w, https:\/\/www.falconia.cz\/wp-content\/uploads\/2019\/07\/7.jpg 1920w\" sizes=\"auto, (max-width: 683px) 100vw, 683px\" \/><\/a><figcaption class=\"wp-element-caption\"><strong>Z\u00e1kulis\u00ed<\/strong><\/figcaption><\/figure><\/div><\/div>\n<\/div>\n\n\n\n<hr class=\"wp-block-separator has-css-opacity\"\/>\n\n\n\n<figure class=\"wp-block-embed is-type-video is-provider-youtube wp-block-embed-youtube wp-embed-aspect-16-9 wp-has-aspect-ratio\"><div class=\"wp-block-embed__wrapper\">\n<iframe loading=\"lazy\" title=\"Trailer CZ\" width=\"500\" height=\"281\" src=\"https:\/\/www.youtube.com\/embed\/e8ghZ5b94rY?feature=oembed\" frameborder=\"0\" allow=\"accelerometer; autoplay; clipboard-write; encrypted-media; gyroscope; picture-in-picture; web-share\" referrerpolicy=\"strict-origin-when-cross-origin\" allowfullscreen><\/iframe>\n<\/div><\/figure>\n","protected":false},"excerpt":{"rendered":"<p>V letech 2017 a 2018 vznikaly z\u00e1b\u011bry do p\u0159ipravovan\u00e9ho dokumentu o st\u0159edoevropsk\u00e9m sokolnictv\u00ed od jeho po\u010d\u00e1tk\u016f a\u017e po sou\u010dasnost. Tento dokument byl vytvo\u0159en na z\u00e1klad\u011b po\u017eadavku Spr\u00e1vy Pra\u017esk\u00e9ho hradu, kter\u00e1 jej cht\u011bla pou\u017e\u00edt do p\u0159ipravovan\u00e9 expozice &#8222;D\u016fm sokoln\u00edka&#8222;.Toto sokolnick\u00e9 muzeum se st\u00e1lou expozic\u00ed bylo na Pra\u017esk\u00e9m hrad\u011b slavnostn\u011b otev\u0159eno 11. kv\u011btna 2019.Na fotografie se m\u016f\u017eete [&hellip;]<\/p>\n","protected":false},"author":1,"featured_media":4077,"parent":4427,"menu_order":3,"comment_status":"closed","ping_status":"closed","template":"","meta":{"_acf_changed":false,"footnotes":""},"class_list":["post-4445","page","type-page","status-publish","has-post-thumbnail","hentry"],"acf":[],"_links":{"self":[{"href":"https:\/\/www.falconia.cz\/de\/wp-json\/wp\/v2\/pages\/4445","targetHints":{"allow":["GET"]}}],"collection":[{"href":"https:\/\/www.falconia.cz\/de\/wp-json\/wp\/v2\/pages"}],"about":[{"href":"https:\/\/www.falconia.cz\/de\/wp-json\/wp\/v2\/types\/page"}],"author":[{"embeddable":true,"href":"https:\/\/www.falconia.cz\/de\/wp-json\/wp\/v2\/users\/1"}],"replies":[{"embeddable":true,"href":"https:\/\/www.falconia.cz\/de\/wp-json\/wp\/v2\/comments?post=4445"}],"version-history":[{"count":1,"href":"https:\/\/www.falconia.cz\/de\/wp-json\/wp\/v2\/pages\/4445\/revisions"}],"predecessor-version":[{"id":4446,"href":"https:\/\/www.falconia.cz\/de\/wp-json\/wp\/v2\/pages\/4445\/revisions\/4446"}],"up":[{"embeddable":true,"href":"https:\/\/www.falconia.cz\/de\/wp-json\/wp\/v2\/pages\/4427"}],"wp:featuredmedia":[{"embeddable":true,"href":"https:\/\/www.falconia.cz\/de\/wp-json\/wp\/v2\/media\/4077"}],"wp:attachment":[{"href":"https:\/\/www.falconia.cz\/de\/wp-json\/wp\/v2\/media?parent=4445"}],"curies":[{"name":"wp","href":"https:\/\/api.w.org\/{rel}","templated":true}]}}