{"id":1893,"date":"2019-07-02T22:37:20","date_gmt":"2019-07-02T20:37:20","guid":{"rendered":"http:\/\/falconia.cz\/?page_id=1893"},"modified":"2025-01-28T18:02:35","modified_gmt":"2025-01-28T17:02:35","slug":"falconia-club","status":"publish","type":"page","link":"https:\/\/www.falconia.cz\/en\/falconia-club\/","title":{"rendered":"Falconia club"},"content":{"rendered":"\n<p>\n\nFalconia is the only organisation of falconers in the Czech Republic specialising in historical falconry. The majority of Falconia members also belong to the Czech Falconry Club and we are all professional falconers. We take active part in events organized by the Czech Falconry Club, we present falconry at historical events and celebrations organised by cities, castles and chateaus not only in our country but all over Europe. Falconia\u2019s key focus is the history of falconry in the Czech Republic as well as in Europe and elsewhere in the world. The aim of our organisation is to raise awareness of the history of falconry both among the wide public and among falconers, to enable better understanding of this noble art. Hunting with birds of prey is an essential part of our activities. We organise hunts for Falconia members as well as for falconers from the Czech Falconry Club. All our hunts are conducted in a traditional way. We organise hunts in castle districts where we hunt also from horseback and in historical costumes.\n\n<\/p>\n\n\n\n<p> Our activities aim at reviving and honouring the falconry heritage which has a long and rich history in our country. We hope that our work could help with the presentation of falconry history also within international cooperation. <\/p>\n\n\n\n<p><strong>IAF (International association for falconry)<\/strong><\/p>\n\n\n\n<div class=\"wp-block-image\"><figure class=\"alignleft is-resized\"><img loading=\"lazy\" decoding=\"async\" src=\"http:\/\/falconia.cz\/wp-content\/uploads\/2019\/05\/20915336_1406158162766430_273253045507134569_n.png\" alt=\"\" class=\"wp-image-185\" width=\"126\" height=\"126\"\/><\/figure><\/div>\n\n\n\n<p>V&nbsp;roce 2018 se Falconia klub stal \u010dlenem mezin\u00e1rodn\u00ed sokolnick\u00e9 asociace (IAF). Jeho p\u0159ijet\u00ed bylo schv\u00e1leno na Mezin\u00e1rodn\u00edm sokolnick\u00e9m setk\u00e1n\u00ed v&nbsp;Bamberku pot\u00e9, co jsme prezentovali n\u00e1\u0161 program a na\u0161e c\u00edle v&nbsp;oblasti prezentace pro ve\u0159ejnost a historick\u00e9ho sokolnictv\u00ed. \u010cinnost na\u0161eho klubu byla z\u00e1stupci jednotliv\u00fdch zem\u00ed p\u0159ijata velmi kladn\u011b a my si toho nesm\u00edrn\u011b v\u00e1\u017e\u00edme.<\/p>\n\n\n\n\n\n\n\n<h2 class=\"wp-block-heading\">Promo videa<\/h2>\n\n\n\n<div class=\"wp-block-columns has-2-columns is-layout-flex wp-container-core-columns-is-layout-9d6595d7 wp-block-columns-is-layout-flex\">\n<div class=\"wp-block-column is-layout-flow wp-block-column-is-layout-flow\">\n<figure class=\"wp-block-embed-youtube wp-block-embed is-type-video is-provider-youtube wp-embed-aspect-16-9 wp-has-aspect-ratio\"><div class=\"wp-block-embed__wrapper\">\n<iframe loading=\"lazy\" title=\"Sokolnick\u00e9 lovy 2016\" width=\"500\" height=\"281\" src=\"https:\/\/www.youtube.com\/embed\/McVE1Vb6pZs?start=3&#038;feature=oembed\" frameborder=\"0\" allow=\"accelerometer; autoplay; clipboard-write; encrypted-media; gyroscope; picture-in-picture; web-share\" referrerpolicy=\"strict-origin-when-cross-origin\" allowfullscreen><\/iframe>\n<\/div><\/figure>\n<\/div>\n\n\n\n<div class=\"wp-block-column is-layout-flow wp-block-column-is-layout-flow\">\n<figure class=\"wp-block-embed-youtube wp-block-embed is-type-video is-provider-youtube wp-embed-aspect-16-9 wp-has-aspect-ratio\"><div class=\"wp-block-embed__wrapper\">\n<iframe loading=\"lazy\" title=\"V\u00e1no\u010dn\u00ed sokolnick\u00e9 lovy na Konopi\u0161ti 2015\" width=\"500\" height=\"281\" src=\"https:\/\/www.youtube.com\/embed\/ZQI74Inj39U?feature=oembed\" frameborder=\"0\" allow=\"accelerometer; autoplay; clipboard-write; encrypted-media; gyroscope; picture-in-picture; web-share\" referrerpolicy=\"strict-origin-when-cross-origin\" allowfullscreen><\/iframe>\n<\/div><\/figure>\n\n\n\n\n<\/div>\n<\/div>\n","protected":false},"excerpt":{"rendered":"<p>Falconia is the only organisation of falconers in the Czech Republic specialising in historical falconry. The majority of Falconia members also belong to the Czech Falconry Club and we are all professional falconers. We take active part in events organized by the Czech Falconry Club, we present falconry at historical events and celebrations organised by [&hellip;]<\/p>\n","protected":false},"author":1,"featured_media":4430,"parent":0,"menu_order":6,"comment_status":"closed","ping_status":"closed","template":"template_parts\/page-club.php","meta":{"_acf_changed":false,"footnotes":""},"class_list":["post-1893","page","type-page","status-publish","has-post-thumbnail","hentry"],"acf":[],"_links":{"self":[{"href":"https:\/\/www.falconia.cz\/en\/wp-json\/wp\/v2\/pages\/1893","targetHints":{"allow":["GET"]}}],"collection":[{"href":"https:\/\/www.falconia.cz\/en\/wp-json\/wp\/v2\/pages"}],"about":[{"href":"https:\/\/www.falconia.cz\/en\/wp-json\/wp\/v2\/types\/page"}],"author":[{"embeddable":true,"href":"https:\/\/www.falconia.cz\/en\/wp-json\/wp\/v2\/users\/1"}],"replies":[{"embeddable":true,"href":"https:\/\/www.falconia.cz\/en\/wp-json\/wp\/v2\/comments?post=1893"}],"version-history":[{"count":1,"href":"https:\/\/www.falconia.cz\/en\/wp-json\/wp\/v2\/pages\/1893\/revisions"}],"predecessor-version":[{"id":4433,"href":"https:\/\/www.falconia.cz\/en\/wp-json\/wp\/v2\/pages\/1893\/revisions\/4433"}],"wp:featuredmedia":[{"embeddable":true,"href":"https:\/\/www.falconia.cz\/en\/wp-json\/wp\/v2\/media\/4430"}],"wp:attachment":[{"href":"https:\/\/www.falconia.cz\/en\/wp-json\/wp\/v2\/media?parent=1893"}],"curies":[{"name":"wp","href":"https:\/\/api.w.org\/{rel}","templated":true}]}}