{"id":3081,"date":"2023-04-28T17:42:23","date_gmt":"2023-04-28T15:42:23","guid":{"rendered":"https:\/\/www.falconia.cz\/?page_id=3081"},"modified":"2024-08-21T13:15:12","modified_gmt":"2024-08-21T11:15:12","slug":"hunting-group-of-charles-the-iv","status":"publish","type":"page","link":"https:\/\/www.falconia.cz\/en\/portfolio\/hunting-group-of-charles-the-iv\/","title":{"rendered":"Hunting group of Charles the IV."},"content":{"rendered":"\n<div class=\"wpmf-gallerys wpmf-gallerys-life \" ><div id=\"gallery-1\"\n data-gutter-width=\"15\"\n  data-wpmfcolumns=\"3\" class=\"wpmf-gallery gallery-link-file gallery_life gallery-masonry gallery-columns-3 gallery-size-medium wpmf-gallery-bottomspace-default wpmf-gallery-clear wpmf-has-border-radius-0 wpmf-gutterwidth-15\"><div class=\"wpmf-gallery-item\n     wpmf-gallery-item-position-0 wpmf-gallery-item-attachment-2182\" data-index=\"0\"><div class=\"wpmf-gallery-icon\"><a class=\" not_video noLightbox\" data-lightbox=\"1\" data-href=\"https:\/\/www.falconia.cz\/wp-content\/uploads\/2020\/01\/1A4A0867.jpg\" title=\"1A4A0867\" target=\"_self\" data-index=\"0\"><img decoding=\"async\" class=\"wpmf_img\" alt=\"1A4A0867\" src=\"https:\/\/www.falconia.cz\/wp-content\/uploads\/2020\/01\/1A4A0867-340x227.jpg\" data-type=\"wpmfgalleryimg\" data-lazy-src=\"https:\/\/www.falconia.cz\/wp-content\/uploads\/2020\/01\/1A4A0867-340x227.jpg\"><\/a><\/div><\/div><div class=\"wpmf-gallery-item\n     wpmf-gallery-item-position-1 wpmf-gallery-item-attachment-2184\" data-index=\"1\"><div class=\"wpmf-gallery-icon\"><a class=\" not_video noLightbox\" data-lightbox=\"1\" data-href=\"https:\/\/www.falconia.cz\/wp-content\/uploads\/2020\/01\/1A4A0872.jpg\" title=\"1A4A0872\" target=\"_self\" data-index=\"1\"><img decoding=\"async\" class=\"wpmf_img\" alt=\"1A4A0872\" src=\"https:\/\/www.falconia.cz\/wp-content\/uploads\/2020\/01\/1A4A0872-340x227.jpg\" data-type=\"wpmfgalleryimg\" data-lazy-src=\"https:\/\/www.falconia.cz\/wp-content\/uploads\/2020\/01\/1A4A0872-340x227.jpg\"><\/a><\/div><\/div><div class=\"wpmf-gallery-item\n     wpmf-gallery-item-position-2 wpmf-gallery-item-attachment-2186\" data-index=\"2\"><div class=\"wpmf-gallery-icon\"><a class=\" not_video noLightbox\" data-lightbox=\"1\" data-href=\"https:\/\/www.falconia.cz\/wp-content\/uploads\/2020\/01\/1A4A0879.jpg\" title=\"1A4A0879\" target=\"_self\" data-index=\"2\"><img decoding=\"async\" class=\"wpmf_img\" alt=\"1A4A0879\" src=\"https:\/\/www.falconia.cz\/wp-content\/uploads\/2020\/01\/1A4A0879-340x227.jpg\" data-type=\"wpmfgalleryimg\" data-lazy-src=\"https:\/\/www.falconia.cz\/wp-content\/uploads\/2020\/01\/1A4A0879-340x227.jpg\"><\/a><\/div><\/div><div class=\"wpmf-gallery-item\n     wpmf-gallery-item-position-3 wpmf-gallery-item-attachment-2188\" data-index=\"3\"><div class=\"wpmf-gallery-icon\"><a class=\" not_video noLightbox\" data-lightbox=\"1\" data-href=\"https:\/\/www.falconia.cz\/wp-content\/uploads\/2020\/01\/1A4A1163.jpg\" title=\"1A4A1163\" target=\"_self\" data-index=\"3\"><img decoding=\"async\" class=\"wpmf_img\" alt=\"1A4A1163\" src=\"https:\/\/www.falconia.cz\/wp-content\/uploads\/2020\/01\/1A4A1163-340x227.jpg\" data-type=\"wpmfgalleryimg\" data-lazy-src=\"https:\/\/www.falconia.cz\/wp-content\/uploads\/2020\/01\/1A4A1163-340x227.jpg\"><\/a><\/div><\/div><div class=\"wpmf-gallery-item\n     wpmf-gallery-item-position-4 wpmf-gallery-item-attachment-2190\" data-index=\"4\"><div class=\"wpmf-gallery-icon\"><a class=\" not_video noLightbox\" data-lightbox=\"1\" data-href=\"https:\/\/www.falconia.cz\/wp-content\/uploads\/2020\/01\/21056237_1511564712238265_1485859550315689467_o.jpg\" title=\"21056237_1511564712238265_1485859550315689467_o\" target=\"_self\" data-index=\"4\"><img decoding=\"async\" class=\"wpmf_img\" alt=\"21056237_1511564712238265_1485859550315689467_o\" src=\"https:\/\/www.falconia.cz\/wp-content\/uploads\/2020\/01\/21056237_1511564712238265_1485859550315689467_o-340x215.jpg\" data-type=\"wpmfgalleryimg\" data-lazy-src=\"https:\/\/www.falconia.cz\/wp-content\/uploads\/2020\/01\/21056237_1511564712238265_1485859550315689467_o-340x215.jpg\"><\/a><\/div><\/div><div class=\"wpmf-gallery-item\n     wpmf-gallery-item-position-5 wpmf-gallery-item-attachment-2192\" data-index=\"5\"><div class=\"wpmf-gallery-icon\"><a class=\" not_video noLightbox\" data-lightbox=\"1\" data-href=\"https:\/\/www.falconia.cz\/wp-content\/uploads\/2020\/01\/21082818_1511564645571605_4605200520511672049_o.jpg\" title=\"21082818_1511564645571605_4605200520511672049_o\" target=\"_self\" data-index=\"5\"><img decoding=\"async\" class=\"wpmf_img\" alt=\"21082818_1511564645571605_4605200520511672049_o\" src=\"https:\/\/www.falconia.cz\/wp-content\/uploads\/2020\/01\/21082818_1511564645571605_4605200520511672049_o-340x218.jpg\" data-type=\"wpmfgalleryimg\" data-lazy-src=\"https:\/\/www.falconia.cz\/wp-content\/uploads\/2020\/01\/21082818_1511564645571605_4605200520511672049_o-340x218.jpg\"><\/a><\/div><\/div><div class=\"wpmf-gallery-item\n     wpmf-gallery-item-position-6 wpmf-gallery-item-attachment-2194\" data-index=\"6\"><div class=\"wpmf-gallery-icon\"><a class=\" not_video noLightbox\" data-lightbox=\"1\" data-href=\"https:\/\/www.falconia.cz\/wp-content\/uploads\/2020\/01\/21167884_1511564512238285_2115677274026075411_o.jpg\" title=\"21167884_1511564512238285_2115677274026075411_o\" target=\"_self\" data-index=\"6\"><img decoding=\"async\" class=\"wpmf_img\" alt=\"21167884_1511564512238285_2115677274026075411_o\" src=\"https:\/\/www.falconia.cz\/wp-content\/uploads\/2020\/01\/21167884_1511564512238285_2115677274026075411_o-340x236.jpg\" data-type=\"wpmfgalleryimg\" data-lazy-src=\"https:\/\/www.falconia.cz\/wp-content\/uploads\/2020\/01\/21167884_1511564512238285_2115677274026075411_o-340x236.jpg\"><\/a><\/div><\/div><div class=\"wpmf-gallery-item\n     wpmf-gallery-item-position-7 wpmf-gallery-item-attachment-2198\" data-index=\"7\"><div class=\"wpmf-gallery-icon\"><a class=\" not_video noLightbox\" data-lightbox=\"1\" data-href=\"https:\/\/www.falconia.cz\/wp-content\/uploads\/2020\/01\/hrad6.jpg\" title=\"hrad6\" target=\"_self\" data-index=\"7\"><img decoding=\"async\" class=\"wpmf_img\" alt=\"hrad6\" src=\"https:\/\/www.falconia.cz\/wp-content\/uploads\/2020\/01\/hrad6-340x227.jpg\" data-type=\"wpmfgalleryimg\" data-lazy-src=\"https:\/\/www.falconia.cz\/wp-content\/uploads\/2020\/01\/hrad6-340x227.jpg\"><\/a><\/div><\/div><div class=\"wpmf-gallery-item\n     wpmf-gallery-item-position-8 wpmf-gallery-item-attachment-2200\" data-index=\"8\"><div class=\"wpmf-gallery-icon\"><a class=\" not_video noLightbox\" data-lightbox=\"1\" data-href=\"https:\/\/www.falconia.cz\/wp-content\/uploads\/2020\/01\/hrad9.jpg\" title=\"hrad9\" target=\"_self\" data-index=\"8\"><img decoding=\"async\" class=\"wpmf_img\" alt=\"hrad9\" src=\"https:\/\/www.falconia.cz\/wp-content\/uploads\/2020\/01\/hrad9-340x227.jpg\" data-type=\"wpmfgalleryimg\" data-lazy-src=\"https:\/\/www.falconia.cz\/wp-content\/uploads\/2020\/01\/hrad9-340x227.jpg\"><\/a><\/div><\/div><div class=\"wpmf-gallery-item\n     wpmf-gallery-item-position-9 wpmf-gallery-item-attachment-2202\" data-index=\"9\"><div class=\"wpmf-gallery-icon\"><a class=\" not_video noLightbox\" data-lightbox=\"1\" data-href=\"https:\/\/www.falconia.cz\/wp-content\/uploads\/2020\/01\/hrad15.jpg\" title=\"hrad15\" target=\"_self\" data-index=\"9\"><img decoding=\"async\" class=\"wpmf_img\" alt=\"hrad15\" src=\"https:\/\/www.falconia.cz\/wp-content\/uploads\/2020\/01\/hrad15-340x227.jpg\" data-type=\"wpmfgalleryimg\" data-lazy-src=\"https:\/\/www.falconia.cz\/wp-content\/uploads\/2020\/01\/hrad15-340x227.jpg\"><\/a><\/div><\/div><div class=\"wpmf-gallery-item\n     wpmf-gallery-item-position-10 wpmf-gallery-item-attachment-2204\" data-index=\"10\"><div class=\"wpmf-gallery-icon\"><a class=\" not_video noLightbox\" data-lightbox=\"1\" data-href=\"https:\/\/www.falconia.cz\/wp-content\/uploads\/2020\/01\/hrad20.jpg\" title=\"hrad20\" target=\"_self\" data-index=\"10\"><img decoding=\"async\" class=\"wpmf_img\" alt=\"hrad20\" src=\"https:\/\/www.falconia.cz\/wp-content\/uploads\/2020\/01\/hrad20-227x340.jpg\" data-type=\"wpmfgalleryimg\" data-lazy-src=\"https:\/\/www.falconia.cz\/wp-content\/uploads\/2020\/01\/hrad20-227x340.jpg\"><\/a><\/div><\/div><div class=\"wpmf-gallery-item\n     wpmf-gallery-item-position-11 wpmf-gallery-item-attachment-2206\" data-index=\"11\"><div class=\"wpmf-gallery-icon\"><a class=\" not_video noLightbox\" data-lightbox=\"1\" data-href=\"https:\/\/www.falconia.cz\/wp-content\/uploads\/2020\/01\/hrad21.jpg\" title=\"hrad21\" target=\"_self\" data-index=\"11\"><img decoding=\"async\" class=\"wpmf_img\" alt=\"hrad21\" src=\"https:\/\/www.falconia.cz\/wp-content\/uploads\/2020\/01\/hrad21-227x340.jpg\" data-type=\"wpmfgalleryimg\" data-lazy-src=\"https:\/\/www.falconia.cz\/wp-content\/uploads\/2020\/01\/hrad21-227x340.jpg\"><\/a><\/div><\/div><div class=\"wpmf-gallery-item\n     wpmf-gallery-item-position-12 wpmf-gallery-item-attachment-2208\" data-index=\"12\"><div class=\"wpmf-gallery-icon\"><a class=\" not_video noLightbox\" data-lightbox=\"1\" data-href=\"https:\/\/www.falconia.cz\/wp-content\/uploads\/2020\/01\/hrad42.jpg\" title=\"hrad42\" target=\"_self\" data-index=\"12\"><img decoding=\"async\" class=\"wpmf_img\" alt=\"hrad42\" src=\"https:\/\/www.falconia.cz\/wp-content\/uploads\/2020\/01\/hrad42-340x227.jpg\" data-type=\"wpmfgalleryimg\" data-lazy-src=\"https:\/\/www.falconia.cz\/wp-content\/uploads\/2020\/01\/hrad42-340x227.jpg\"><\/a><\/div><\/div><div class=\"wpmf-gallery-item\n     wpmf-gallery-item-position-13 wpmf-gallery-item-attachment-2210\" data-index=\"13\"><div class=\"wpmf-gallery-icon\"><a class=\" not_video noLightbox\" data-lightbox=\"1\" data-href=\"https:\/\/www.falconia.cz\/wp-content\/uploads\/2020\/01\/hrad49.jpg\" title=\"hrad49\" target=\"_self\" data-index=\"13\"><img decoding=\"async\" class=\"wpmf_img\" alt=\"hrad49\" src=\"https:\/\/www.falconia.cz\/wp-content\/uploads\/2020\/01\/hrad49-340x227.jpg\" data-type=\"wpmfgalleryimg\" data-lazy-src=\"https:\/\/www.falconia.cz\/wp-content\/uploads\/2020\/01\/hrad49-340x227.jpg\"><\/a><\/div><\/div><div class=\"wpmf-gallery-item\n     wpmf-gallery-item-position-14 wpmf-gallery-item-attachment-2212\" data-index=\"14\"><div class=\"wpmf-gallery-icon\"><a class=\" not_video noLightbox\" data-lightbox=\"1\" data-href=\"https:\/\/www.falconia.cz\/wp-content\/uploads\/2020\/01\/hrad51.jpg\" title=\"hrad51\" target=\"_self\" data-index=\"14\"><img decoding=\"async\" class=\"wpmf_img\" alt=\"hrad51\" src=\"https:\/\/www.falconia.cz\/wp-content\/uploads\/2020\/01\/hrad51-227x340.jpg\" data-type=\"wpmfgalleryimg\" data-lazy-src=\"https:\/\/www.falconia.cz\/wp-content\/uploads\/2020\/01\/hrad51-227x340.jpg\"><\/a><\/div><\/div><div class=\"wpmf-gallery-item\n     wpmf-gallery-item-position-15 wpmf-gallery-item-attachment-2214\" data-index=\"15\"><div class=\"wpmf-gallery-icon\"><a class=\" not_video noLightbox\" data-lightbox=\"1\" data-href=\"https:\/\/www.falconia.cz\/wp-content\/uploads\/2020\/01\/hradFullsize-93.jpg\" title=\"hradFullsize-93\" target=\"_self\" data-index=\"15\"><img decoding=\"async\" class=\"wpmf_img\" alt=\"hradFullsize-93\" src=\"https:\/\/www.falconia.cz\/wp-content\/uploads\/2020\/01\/hradFullsize-93-340x227.jpg\" data-type=\"wpmfgalleryimg\" data-lazy-src=\"https:\/\/www.falconia.cz\/wp-content\/uploads\/2020\/01\/hradFullsize-93-340x227.jpg\"><\/a><\/div><\/div><div class=\"wpmf-gallery-item\n     wpmf-gallery-item-position-16 wpmf-gallery-item-attachment-2216\" data-index=\"16\"><div class=\"wpmf-gallery-icon\"><a class=\" not_video noLightbox\" data-lightbox=\"1\" data-href=\"https:\/\/www.falconia.cz\/wp-content\/uploads\/2020\/01\/KADAN-43.jpg\" title=\"KADAN-43\" target=\"_self\" data-index=\"16\"><img decoding=\"async\" class=\"wpmf_img\" alt=\"KADAN-43\" src=\"https:\/\/www.falconia.cz\/wp-content\/uploads\/2020\/01\/KADAN-43-227x340.jpg\" data-type=\"wpmfgalleryimg\" data-lazy-src=\"https:\/\/www.falconia.cz\/wp-content\/uploads\/2020\/01\/KADAN-43-227x340.jpg\"><\/a><\/div><\/div><div class=\"wpmf-gallery-item\n     wpmf-gallery-item-position-17 wpmf-gallery-item-attachment-2218\" data-index=\"17\"><div class=\"wpmf-gallery-icon\"><a class=\" not_video noLightbox\" data-lightbox=\"1\" data-href=\"https:\/\/www.falconia.cz\/wp-content\/uploads\/2020\/01\/KADAN-50.jpg\" title=\"KADAN-50\" target=\"_self\" data-index=\"17\"><img decoding=\"async\" class=\"wpmf_img\" alt=\"KADAN-50\" src=\"https:\/\/www.falconia.cz\/wp-content\/uploads\/2020\/01\/KADAN-50-340x227.jpg\" data-type=\"wpmfgalleryimg\" data-lazy-src=\"https:\/\/www.falconia.cz\/wp-content\/uploads\/2020\/01\/KADAN-50-340x227.jpg\"><\/a><\/div><\/div><div class=\"wpmf-gallery-item\n     wpmf-gallery-item-position-18 wpmf-gallery-item-attachment-2220\" data-index=\"18\"><div class=\"wpmf-gallery-icon\"><a class=\" not_video noLightbox\" data-lightbox=\"1\" data-href=\"https:\/\/www.falconia.cz\/wp-content\/uploads\/2020\/01\/KADAN-63.jpg\" title=\"KADAN-63\" target=\"_self\" data-index=\"18\"><img decoding=\"async\" class=\"wpmf_img\" alt=\"KADAN-63\" src=\"https:\/\/www.falconia.cz\/wp-content\/uploads\/2020\/01\/KADAN-63-340x227.jpg\" data-type=\"wpmfgalleryimg\" data-lazy-src=\"https:\/\/www.falconia.cz\/wp-content\/uploads\/2020\/01\/KADAN-63-340x227.jpg\"><\/a><\/div><\/div><div class=\"wpmf-gallery-item\n     wpmf-gallery-item-position-19 wpmf-gallery-item-attachment-2222\" data-index=\"19\"><div class=\"wpmf-gallery-icon\"><a class=\" not_video noLightbox\" data-lightbox=\"1\" data-href=\"https:\/\/www.falconia.cz\/wp-content\/uploads\/2020\/01\/MG_4034.jpg\" title=\"_MG_4034\" target=\"_self\" data-index=\"19\"><img decoding=\"async\" class=\"wpmf_img\" alt=\"_MG_4034\" src=\"https:\/\/www.falconia.cz\/wp-content\/uploads\/2020\/01\/MG_4034-340x225.jpg\" data-type=\"wpmfgalleryimg\" data-lazy-src=\"https:\/\/www.falconia.cz\/wp-content\/uploads\/2020\/01\/MG_4034-340x225.jpg\"><\/a><\/div><\/div><div class=\"wpmf-gallery-item\n     wpmf-gallery-item-position-20 wpmf-gallery-item-attachment-2224\" data-index=\"20\"><div class=\"wpmf-gallery-icon\"><a class=\" not_video noLightbox\" data-lightbox=\"1\" data-href=\"https:\/\/www.falconia.cz\/wp-content\/uploads\/2020\/01\/MG_4038.jpg\" title=\"_MG_4038\" target=\"_self\" data-index=\"20\"><img decoding=\"async\" class=\"wpmf_img\" alt=\"_MG_4038\" src=\"https:\/\/www.falconia.cz\/wp-content\/uploads\/2020\/01\/MG_4038-340x230.jpg\" data-type=\"wpmfgalleryimg\" data-lazy-src=\"https:\/\/www.falconia.cz\/wp-content\/uploads\/2020\/01\/MG_4038-340x230.jpg\"><\/a><\/div><\/div><div class=\"wpmf-gallery-item\n     wpmf-gallery-item-position-21 wpmf-gallery-item-attachment-2226\" data-index=\"21\"><div class=\"wpmf-gallery-icon\"><a class=\" not_video noLightbox\" data-lightbox=\"1\" data-href=\"https:\/\/www.falconia.cz\/wp-content\/uploads\/2020\/01\/MG_4111.jpg\" title=\"_MG_4111\" target=\"_self\" data-index=\"21\"><img decoding=\"async\" class=\"wpmf_img\" alt=\"_MG_4111\" src=\"https:\/\/www.falconia.cz\/wp-content\/uploads\/2020\/01\/MG_4111-340x228.jpg\" data-type=\"wpmfgalleryimg\" data-lazy-src=\"https:\/\/www.falconia.cz\/wp-content\/uploads\/2020\/01\/MG_4111-340x228.jpg\"><\/a><\/div><\/div><div class=\"wpmf-gallery-item\n     wpmf-gallery-item-position-22 wpmf-gallery-item-attachment-2228\" data-index=\"22\"><div class=\"wpmf-gallery-icon\"><a class=\" not_video noLightbox\" data-lightbox=\"1\" data-href=\"https:\/\/www.falconia.cz\/wp-content\/uploads\/2020\/01\/MG_4317.jpg\" title=\"_MG_4317\" target=\"_self\" data-index=\"22\"><img decoding=\"async\" class=\"wpmf_img\" alt=\"_MG_4317\" src=\"https:\/\/www.falconia.cz\/wp-content\/uploads\/2020\/01\/MG_4317-340x207.jpg\" data-type=\"wpmfgalleryimg\" data-lazy-src=\"https:\/\/www.falconia.cz\/wp-content\/uploads\/2020\/01\/MG_4317-340x207.jpg\"><\/a><\/div><\/div><div class=\"wpmf-gallery-item\n     wpmf-gallery-item-position-23 wpmf-gallery-item-attachment-2230\" data-index=\"23\"><div class=\"wpmf-gallery-icon\"><a class=\" not_video noLightbox\" data-lightbox=\"1\" data-href=\"https:\/\/www.falconia.cz\/wp-content\/uploads\/2020\/01\/1A4A0093.jpg\" title=\"1A4A0093\" target=\"_self\" data-index=\"23\"><img decoding=\"async\" class=\"wpmf_img\" alt=\"1A4A0093\" src=\"https:\/\/www.falconia.cz\/wp-content\/uploads\/2020\/01\/1A4A0093-340x227.jpg\" data-type=\"wpmfgalleryimg\" data-lazy-src=\"https:\/\/www.falconia.cz\/wp-content\/uploads\/2020\/01\/1A4A0093-340x227.jpg\"><\/a><\/div><\/div><div class=\"wpmf-gallery-item\n     wpmf-gallery-item-position-24 wpmf-gallery-item-attachment-2232\" data-index=\"24\"><div class=\"wpmf-gallery-icon\"><a class=\" not_video noLightbox\" data-lightbox=\"1\" data-href=\"https:\/\/www.falconia.cz\/wp-content\/uploads\/2020\/01\/1A4A0436.jpg\" title=\"1A4A0436\" target=\"_self\" data-index=\"24\"><img decoding=\"async\" class=\"wpmf_img\" alt=\"1A4A0436\" src=\"https:\/\/www.falconia.cz\/wp-content\/uploads\/2020\/01\/1A4A0436-227x340.jpg\" data-type=\"wpmfgalleryimg\" data-lazy-src=\"https:\/\/www.falconia.cz\/wp-content\/uploads\/2020\/01\/1A4A0436-227x340.jpg\"><\/a><\/div><\/div><div class=\"wpmf-gallery-item\n     wpmf-gallery-item-position-25 wpmf-gallery-item-attachment-2234\" data-index=\"25\"><div class=\"wpmf-gallery-icon\"><a class=\" not_video noLightbox\" data-lightbox=\"1\" data-href=\"https:\/\/www.falconia.cz\/wp-content\/uploads\/2020\/01\/1A4A0442.jpg\" title=\"1A4A0442\" target=\"_self\" data-index=\"25\"><img decoding=\"async\" class=\"wpmf_img\" alt=\"1A4A0442\" src=\"https:\/\/www.falconia.cz\/wp-content\/uploads\/2020\/01\/1A4A0442-340x227.jpg\" data-type=\"wpmfgalleryimg\" data-lazy-src=\"https:\/\/www.falconia.cz\/wp-content\/uploads\/2020\/01\/1A4A0442-340x227.jpg\"><\/a><\/div><\/div><div class=\"wpmf-gallery-item\n     wpmf-gallery-item-position-26 wpmf-gallery-item-attachment-2236\" data-index=\"26\"><div class=\"wpmf-gallery-icon\"><a class=\" not_video noLightbox\" data-lightbox=\"1\" data-href=\"https:\/\/www.falconia.cz\/wp-content\/uploads\/2020\/01\/1A4A0572.jpg\" title=\"1A4A0572\" target=\"_self\" data-index=\"26\"><img decoding=\"async\" class=\"wpmf_img\" alt=\"1A4A0572\" src=\"https:\/\/www.falconia.cz\/wp-content\/uploads\/2020\/01\/1A4A0572-227x340.jpg\" data-type=\"wpmfgalleryimg\" data-lazy-src=\"https:\/\/www.falconia.cz\/wp-content\/uploads\/2020\/01\/1A4A0572-227x340.jpg\"><\/a><\/div><\/div><div class=\"wpmf-gallery-item\n     wpmf-gallery-item-position-27 wpmf-gallery-item-attachment-2238\" data-index=\"27\"><div class=\"wpmf-gallery-icon\"><a class=\" not_video noLightbox\" data-lightbox=\"1\" data-href=\"https:\/\/www.falconia.cz\/wp-content\/uploads\/2020\/01\/1A4A0673.jpg\" title=\"1A4A0673\" target=\"_self\" data-index=\"27\"><img decoding=\"async\" class=\"wpmf_img\" alt=\"1A4A0673\" src=\"https:\/\/www.falconia.cz\/wp-content\/uploads\/2020\/01\/1A4A0673-227x340.jpg\" data-type=\"wpmfgalleryimg\" data-lazy-src=\"https:\/\/www.falconia.cz\/wp-content\/uploads\/2020\/01\/1A4A0673-227x340.jpg\"><\/a><\/div><\/div><div class=\"wpmf-gallery-item\n     wpmf-gallery-item-position-28 wpmf-gallery-item-attachment-2240\" data-index=\"28\"><div class=\"wpmf-gallery-icon\"><a class=\" not_video noLightbox\" data-lightbox=\"1\" data-href=\"https:\/\/www.falconia.cz\/wp-content\/uploads\/2020\/01\/1A4A0757.jpg\" title=\"1A4A0757\" target=\"_self\" data-index=\"28\"><img decoding=\"async\" class=\"wpmf_img\" alt=\"1A4A0757\" src=\"https:\/\/www.falconia.cz\/wp-content\/uploads\/2020\/01\/1A4A0757-340x227.jpg\" data-type=\"wpmfgalleryimg\" data-lazy-src=\"https:\/\/www.falconia.cz\/wp-content\/uploads\/2020\/01\/1A4A0757-340x227.jpg\"><\/a><\/div><\/div><div class=\"wpmf-gallery-item\n     wpmf-gallery-item-position-29 wpmf-gallery-item-attachment-2242\" data-index=\"29\"><div class=\"wpmf-gallery-icon\"><a class=\" not_video noLightbox\" data-lightbox=\"1\" data-href=\"https:\/\/www.falconia.cz\/wp-content\/uploads\/2020\/01\/1A4A0761.jpg\" title=\"1A4A0761\" target=\"_self\" data-index=\"29\"><img decoding=\"async\" class=\"wpmf_img\" alt=\"1A4A0761\" src=\"https:\/\/www.falconia.cz\/wp-content\/uploads\/2020\/01\/1A4A0761-340x227.jpg\" data-type=\"wpmfgalleryimg\" data-lazy-src=\"https:\/\/www.falconia.cz\/wp-content\/uploads\/2020\/01\/1A4A0761-340x227.jpg\"><\/a><\/div><\/div><\/div><\/div>\n\n\n\n\n<p>Loveck\u00e1 dru\u017eina je jedn\u00edm z nejnov\u011bj\u0161\u00edch projekt\u016f a zahrnuje velk\u00e9 mno\u017estv\u00ed lid\u00ed, ps\u016f, kon\u00ed a samoz\u0159ejm\u011b i dravc\u016f. Krom\u011b sou\u010d\u00e1sti historick\u00fdch pr\u016fvod\u016f se jedn\u00e1 o komponovan\u00e9 vystoupen\u00ed<\/p>\n","protected":false},"excerpt":{"rendered":"<p>Loveck\u00e1 dru\u017eina je jedn\u00edm z nejnov\u011bj\u0161\u00edch projekt\u016f a zahrnuje velk\u00e9 mno\u017estv\u00ed lid\u00ed, ps\u016f, kon\u00ed a samoz\u0159ejm\u011b i dravc\u016f. Krom\u011b sou\u010d\u00e1sti historick\u00fdch pr\u016fvod\u016f se jedn\u00e1 o komponovan\u00e9 vystoupen\u00ed<\/p>\n","protected":false},"author":2,"featured_media":3472,"parent":1178,"menu_order":0,"comment_status":"closed","ping_status":"closed","template":"","meta":{"_acf_changed":false,"footnotes":""},"class_list":["post-3081","page","type-page","status-publish","has-post-thumbnail","hentry"],"acf":[],"_links":{"self":[{"href":"https:\/\/www.falconia.cz\/en\/wp-json\/wp\/v2\/pages\/3081","targetHints":{"allow":["GET"]}}],"collection":[{"href":"https:\/\/www.falconia.cz\/en\/wp-json\/wp\/v2\/pages"}],"about":[{"href":"https:\/\/www.falconia.cz\/en\/wp-json\/wp\/v2\/types\/page"}],"author":[{"embeddable":true,"href":"https:\/\/www.falconia.cz\/en\/wp-json\/wp\/v2\/users\/2"}],"replies":[{"embeddable":true,"href":"https:\/\/www.falconia.cz\/en\/wp-json\/wp\/v2\/comments?post=3081"}],"version-history":[{"count":1,"href":"https:\/\/www.falconia.cz\/en\/wp-json\/wp\/v2\/pages\/3081\/revisions"}],"predecessor-version":[{"id":3082,"href":"https:\/\/www.falconia.cz\/en\/wp-json\/wp\/v2\/pages\/3081\/revisions\/3082"}],"up":[{"embeddable":true,"href":"https:\/\/www.falconia.cz\/en\/wp-json\/wp\/v2\/pages\/1178"}],"wp:featuredmedia":[{"embeddable":true,"href":"https:\/\/www.falconia.cz\/en\/wp-json\/wp\/v2\/media\/3472"}],"wp:attachment":[{"href":"https:\/\/www.falconia.cz\/en\/wp-json\/wp\/v2\/media?parent=3081"}],"curies":[{"name":"wp","href":"https:\/\/api.w.org\/{rel}","templated":true}]}}