{"id":3087,"date":"2023-04-28T17:43:06","date_gmt":"2023-04-28T15:43:06","guid":{"rendered":"https:\/\/www.falconia.cz\/?page_id=3087"},"modified":"2023-04-28T17:43:07","modified_gmt":"2023-04-28T15:43:07","slug":"prazsky-hrad-2019","status":"publish","type":"page","link":"https:\/\/www.falconia.cz\/en\/portfolio\/prazsky-hrad-2019\/","title":{"rendered":"Pra\u017esk\u00fd hrad 2019"},"content":{"rendered":"\n<div class=\"wpmf-gallerys wpmf-gallerys-life \" ><div id=\"gallery-1\"\n data-gutter-width=\"15\"\n  data-wpmfcolumns=\"3\" class=\"wpmf-gallery gallery-link-file gallery_life gallery-masonry gallery-columns-3 gallery-size-medium wpmf-gallery-bottomspace-default wpmf-gallery-clear wpmf-has-border-radius-0 wpmf-gutterwidth-15\"><\/div><\/div>\n\n\n\n\n<p>V r\u00e1mci Dne otev\u0159en\u00fdch dve\u0159\u00ed prob\u011bhly na\u0161e sokolnick\u00e9 uk\u00e1zky v <strong>Kr\u00e1lovsk\u00e9 zahrad\u011b Pra\u017esk\u00e9ho hradu<\/strong>. Program jsme doplnili tak\u00e9 loveckou dru\u017einou a dobov\u00fdm t\u00e1borem s t\u00e9matick\u00fdmi aktivitami.<\/p>\n","protected":false},"excerpt":{"rendered":"<p>V r\u00e1mci Dne otev\u0159en\u00fdch dve\u0159\u00ed prob\u011bhly na\u0161e sokolnick\u00e9 uk\u00e1zky v Kr\u00e1lovsk\u00e9 zahrad\u011b Pra\u017esk\u00e9ho hradu. Program jsme doplnili tak\u00e9 loveckou dru\u017einou a dobov\u00fdm t\u00e1borem s t\u00e9matick\u00fdmi aktivitami.<\/p>\n","protected":false},"author":2,"featured_media":634,"parent":1178,"menu_order":0,"comment_status":"closed","ping_status":"closed","template":"","meta":{"_acf_changed":false,"footnotes":""},"class_list":["post-3087","page","type-page","status-publish","has-post-thumbnail","hentry"],"acf":[],"_links":{"self":[{"href":"https:\/\/www.falconia.cz\/en\/wp-json\/wp\/v2\/pages\/3087","targetHints":{"allow":["GET"]}}],"collection":[{"href":"https:\/\/www.falconia.cz\/en\/wp-json\/wp\/v2\/pages"}],"about":[{"href":"https:\/\/www.falconia.cz\/en\/wp-json\/wp\/v2\/types\/page"}],"author":[{"embeddable":true,"href":"https:\/\/www.falconia.cz\/en\/wp-json\/wp\/v2\/users\/2"}],"replies":[{"embeddable":true,"href":"https:\/\/www.falconia.cz\/en\/wp-json\/wp\/v2\/comments?post=3087"}],"version-history":[{"count":1,"href":"https:\/\/www.falconia.cz\/en\/wp-json\/wp\/v2\/pages\/3087\/revisions"}],"predecessor-version":[{"id":3088,"href":"https:\/\/www.falconia.cz\/en\/wp-json\/wp\/v2\/pages\/3087\/revisions\/3088"}],"up":[{"embeddable":true,"href":"https:\/\/www.falconia.cz\/en\/wp-json\/wp\/v2\/pages\/1178"}],"wp:featuredmedia":[{"embeddable":true,"href":"https:\/\/www.falconia.cz\/en\/wp-json\/wp\/v2\/media\/634"}],"wp:attachment":[{"href":"https:\/\/www.falconia.cz\/en\/wp-json\/wp\/v2\/media?parent=3087"}],"curies":[{"name":"wp","href":"https:\/\/api.w.org\/{rel}","templated":true}]}}