{"id":3089,"date":"2023-04-28T17:43:19","date_gmt":"2023-04-28T15:43:19","guid":{"rendered":"https:\/\/www.falconia.cz\/?page_id=3089"},"modified":"2023-04-28T17:43:20","modified_gmt":"2023-04-28T15:43:20","slug":"semily-2019","status":"publish","type":"page","link":"https:\/\/www.falconia.cz\/en\/portfolio\/semily-2019\/","title":{"rendered":"Semily 2019"},"content":{"rendered":"\n<div class=\"wpmf-gallerys wpmf-gallerys-life \" ><div id=\"gallery-1\"\n data-gutter-width=\"15\"\n  data-wpmfcolumns=\"3\" class=\"wpmf-gallery gallery-link-file gallery_life gallery-masonry gallery-columns-3 gallery-size-medium wpmf-gallery-bottomspace-default wpmf-gallery-clear wpmf-has-border-radius-0 wpmf-gutterwidth-15\"><\/div><\/div>\n\n\n\n\n<p>Sokolnick\u00e9 uk\u00e1zky v r\u00e1mci akce <strong>Semilsk\u00fd ostrov o\u017eije st\u0159edov\u011bkem<\/strong><\/p>\n","protected":false},"excerpt":{"rendered":"<p>Sokolnick\u00e9 uk\u00e1zky v r\u00e1mci akce Semilsk\u00fd ostrov o\u017eije st\u0159edov\u011bkem<\/p>\n","protected":false},"author":2,"featured_media":2244,"parent":1178,"menu_order":0,"comment_status":"closed","ping_status":"closed","template":"","meta":{"_acf_changed":false,"footnotes":""},"class_list":["post-3089","page","type-page","status-publish","has-post-thumbnail","hentry"],"acf":[],"_links":{"self":[{"href":"https:\/\/www.falconia.cz\/en\/wp-json\/wp\/v2\/pages\/3089","targetHints":{"allow":["GET"]}}],"collection":[{"href":"https:\/\/www.falconia.cz\/en\/wp-json\/wp\/v2\/pages"}],"about":[{"href":"https:\/\/www.falconia.cz\/en\/wp-json\/wp\/v2\/types\/page"}],"author":[{"embeddable":true,"href":"https:\/\/www.falconia.cz\/en\/wp-json\/wp\/v2\/users\/2"}],"replies":[{"embeddable":true,"href":"https:\/\/www.falconia.cz\/en\/wp-json\/wp\/v2\/comments?post=3089"}],"version-history":[{"count":1,"href":"https:\/\/www.falconia.cz\/en\/wp-json\/wp\/v2\/pages\/3089\/revisions"}],"predecessor-version":[{"id":3090,"href":"https:\/\/www.falconia.cz\/en\/wp-json\/wp\/v2\/pages\/3089\/revisions\/3090"}],"up":[{"embeddable":true,"href":"https:\/\/www.falconia.cz\/en\/wp-json\/wp\/v2\/pages\/1178"}],"wp:featuredmedia":[{"embeddable":true,"href":"https:\/\/www.falconia.cz\/en\/wp-json\/wp\/v2\/media\/2244"}],"wp:attachment":[{"href":"https:\/\/www.falconia.cz\/en\/wp-json\/wp\/v2\/media?parent=3089"}],"curies":[{"name":"wp","href":"https:\/\/api.w.org\/{rel}","templated":true}]}}