{"id":3101,"date":"2023-04-28T17:46:03","date_gmt":"2023-04-28T15:46:03","guid":{"rendered":"https:\/\/www.falconia.cz\/?page_id=3101"},"modified":"2023-04-28T17:46:04","modified_gmt":"2023-04-28T15:46:04","slug":"from-movies-shooting","status":"publish","type":"page","link":"https:\/\/www.falconia.cz\/en\/portfolio\/from-movies-shooting\/","title":{"rendered":"from movies shooting"},"content":{"rendered":"\n<div class=\"wpmf-gallerys wpmf-gallerys-life \" ><div id=\"gallery-1\"\n data-gutter-width=\"15\"\n  data-wpmfcolumns=\"3\" class=\"wpmf-gallery gallery-link-file gallery_life gallery-masonry gallery-columns-3 gallery-size-medium wpmf-gallery-bottomspace-default wpmf-gallery-clear wpmf-has-border-radius-0 wpmf-gutterwidth-15\"><div class=\"wpmf-gallery-item\n     wpmf-gallery-item-position-0 wpmf-gallery-item-attachment-969\" data-index=\"0\"><div class=\"wpmf-gallery-icon\"><a class=\" not_video noLightbox\" data-lightbox=\"1\" data-href=\"https:\/\/www.falconia.cz\/wp-content\/uploads\/2019\/06\/13680196_10205598814204313_7115633179394319392_o.jpg\" title=\"13680196_10205598814204313_7115633179394319392_o\" target=\"_self\" data-index=\"0\"><img decoding=\"async\" class=\"wpmf_img\" alt=\"13680196_10205598814204313_7115633179394319392_o\" src=\"https:\/\/www.falconia.cz\/wp-content\/uploads\/2019\/06\/13680196_10205598814204313_7115633179394319392_o-340x191.jpg\" data-type=\"wpmfgalleryimg\" data-lazy-src=\"https:\/\/www.falconia.cz\/wp-content\/uploads\/2019\/06\/13680196_10205598814204313_7115633179394319392_o-340x191.jpg\"><\/a><\/div><\/div><div class=\"wpmf-gallery-item\n     wpmf-gallery-item-position-1 wpmf-gallery-item-attachment-971\" data-index=\"1\"><div class=\"wpmf-gallery-icon\"><a class=\" not_video noLightbox\" data-lightbox=\"1\" data-href=\"https:\/\/www.falconia.cz\/wp-content\/uploads\/2019\/06\/19260412_1448146715246732_9158545280303478665_n.jpg\" title=\"19260412_1448146715246732_9158545280303478665_n\" target=\"_self\" data-index=\"1\"><img decoding=\"async\" class=\"wpmf_img\" alt=\"19260412_1448146715246732_9158545280303478665_n\" src=\"https:\/\/www.falconia.cz\/wp-content\/uploads\/2019\/06\/19260412_1448146715246732_9158545280303478665_n-191x340.jpg\" data-type=\"wpmfgalleryimg\" data-lazy-src=\"https:\/\/www.falconia.cz\/wp-content\/uploads\/2019\/06\/19260412_1448146715246732_9158545280303478665_n-191x340.jpg\"><\/a><\/div><\/div><div class=\"wpmf-gallery-item\n     wpmf-gallery-item-position-2 wpmf-gallery-item-attachment-973\" data-index=\"2\"><div class=\"wpmf-gallery-icon\"><a class=\" not_video noLightbox\" data-lightbox=\"1\" data-href=\"https:\/\/www.falconia.cz\/wp-content\/uploads\/2019\/06\/19274978_1447086572019413_1441742237696067395_n.jpg\" title=\"19274978_1447086572019413_1441742237696067395_n\" target=\"_self\" data-index=\"2\"><img decoding=\"async\" class=\"wpmf_img\" alt=\"19274978_1447086572019413_1441742237696067395_n\" src=\"https:\/\/www.falconia.cz\/wp-content\/uploads\/2019\/06\/19274978_1447086572019413_1441742237696067395_n-191x340.jpg\" data-type=\"wpmfgalleryimg\" data-lazy-src=\"https:\/\/www.falconia.cz\/wp-content\/uploads\/2019\/06\/19274978_1447086572019413_1441742237696067395_n-191x340.jpg\"><\/a><\/div><\/div><div class=\"wpmf-gallery-item\n     wpmf-gallery-item-position-3 wpmf-gallery-item-attachment-975\" data-index=\"3\"><div class=\"wpmf-gallery-icon\"><a class=\" not_video noLightbox\" data-lightbox=\"1\" data-href=\"https:\/\/www.falconia.cz\/wp-content\/uploads\/2019\/06\/19399225_1448146528580084_2614937517015288299_n.jpg\" title=\"19399225_1448146528580084_2614937517015288299_n\" target=\"_self\" data-index=\"3\"><img decoding=\"async\" class=\"wpmf_img\" alt=\"19399225_1448146528580084_2614937517015288299_n\" src=\"https:\/\/www.falconia.cz\/wp-content\/uploads\/2019\/06\/19399225_1448146528580084_2614937517015288299_n-191x340.jpg\" data-type=\"wpmfgalleryimg\" data-lazy-src=\"https:\/\/www.falconia.cz\/wp-content\/uploads\/2019\/06\/19399225_1448146528580084_2614937517015288299_n-191x340.jpg\"><\/a><\/div><\/div><div class=\"wpmf-gallery-item\n     wpmf-gallery-item-position-4 wpmf-gallery-item-attachment-977\" data-index=\"4\"><div class=\"wpmf-gallery-icon\"><a class=\" not_video noLightbox\" data-lightbox=\"1\" data-href=\"https:\/\/www.falconia.cz\/wp-content\/uploads\/2019\/06\/22289764_1549475171780552_5238369321844045154_o.jpg\" title=\"22289764_1549475171780552_5238369321844045154_o\" target=\"_self\" data-index=\"4\"><img decoding=\"async\" class=\"wpmf_img\" alt=\"22289764_1549475171780552_5238369321844045154_o\" src=\"https:\/\/www.falconia.cz\/wp-content\/uploads\/2019\/06\/22289764_1549475171780552_5238369321844045154_o-340x191.jpg\" data-type=\"wpmfgalleryimg\" data-lazy-src=\"https:\/\/www.falconia.cz\/wp-content\/uploads\/2019\/06\/22289764_1549475171780552_5238369321844045154_o-340x191.jpg\"><\/a><\/div><\/div><div class=\"wpmf-gallery-item\n     wpmf-gallery-item-position-5 wpmf-gallery-item-attachment-979\" data-index=\"5\"><div class=\"wpmf-gallery-icon\"><a class=\" not_video noLightbox\" data-lightbox=\"1\" data-href=\"https:\/\/www.falconia.cz\/wp-content\/uploads\/2019\/06\/22308939_1549475848447151_8103479421754305371_n.jpg\" title=\"22308939_1549475848447151_8103479421754305371_n\" target=\"_self\" data-index=\"5\"><img decoding=\"async\" class=\"wpmf_img\" alt=\"22308939_1549475848447151_8103479421754305371_n\" src=\"https:\/\/www.falconia.cz\/wp-content\/uploads\/2019\/06\/22308939_1549475848447151_8103479421754305371_n-340x191.jpg\" data-type=\"wpmfgalleryimg\" data-lazy-src=\"https:\/\/www.falconia.cz\/wp-content\/uploads\/2019\/06\/22308939_1549475848447151_8103479421754305371_n-340x191.jpg\"><\/a><\/div><\/div><div class=\"wpmf-gallery-item\n     wpmf-gallery-item-position-6 wpmf-gallery-item-attachment-981\" data-index=\"6\"><div class=\"wpmf-gallery-icon\"><a class=\" not_video noLightbox\" data-lightbox=\"1\" data-href=\"https:\/\/www.falconia.cz\/wp-content\/uploads\/2019\/06\/22310665_1549475535113849_3153139621003381792_n.jpg\" title=\"22310665_1549475535113849_3153139621003381792_n\" target=\"_self\" data-index=\"6\"><img decoding=\"async\" class=\"wpmf_img\" alt=\"22310665_1549475535113849_3153139621003381792_n\" src=\"https:\/\/www.falconia.cz\/wp-content\/uploads\/2019\/06\/22310665_1549475535113849_3153139621003381792_n-340x191.jpg\" data-type=\"wpmfgalleryimg\" data-lazy-src=\"https:\/\/www.falconia.cz\/wp-content\/uploads\/2019\/06\/22310665_1549475535113849_3153139621003381792_n-340x191.jpg\"><\/a><\/div><\/div><div class=\"wpmf-gallery-item\n     wpmf-gallery-item-position-7 wpmf-gallery-item-attachment-2256\" data-index=\"7\"><div class=\"wpmf-gallery-icon\"><a class=\" not_video noLightbox\" data-lightbox=\"1\" data-href=\"https:\/\/www.falconia.cz\/wp-content\/uploads\/2020\/01\/IMG_20190708_182337.jpg\" title=\"IMG_20190708_182337\" target=\"_self\" data-index=\"7\"><img decoding=\"async\" class=\"wpmf_img\" alt=\"IMG_20190708_182337\" src=\"https:\/\/www.falconia.cz\/wp-content\/uploads\/2020\/01\/IMG_20190708_182337-271x340.jpg\" data-type=\"wpmfgalleryimg\" data-lazy-src=\"https:\/\/www.falconia.cz\/wp-content\/uploads\/2020\/01\/IMG_20190708_182337-271x340.jpg\"><\/a><\/div><\/div><div class=\"wpmf-gallery-item\n     wpmf-gallery-item-position-8 wpmf-gallery-item-attachment-2258\" data-index=\"8\"><div class=\"wpmf-gallery-icon\"><a class=\" not_video noLightbox\" data-lightbox=\"1\" data-href=\"https:\/\/www.falconia.cz\/wp-content\/uploads\/2020\/01\/IMG_20190708_182907.jpg\" title=\"IMG_20190708_182907\" target=\"_self\" data-index=\"8\"><img decoding=\"async\" class=\"wpmf_img\" alt=\"IMG_20190708_182907\" src=\"https:\/\/www.falconia.cz\/wp-content\/uploads\/2020\/01\/IMG_20190708_182907-228x340.jpg\" data-type=\"wpmfgalleryimg\" data-lazy-src=\"https:\/\/www.falconia.cz\/wp-content\/uploads\/2020\/01\/IMG_20190708_182907-228x340.jpg\"><\/a><\/div><\/div><div class=\"wpmf-gallery-item\n     wpmf-gallery-item-position-9 wpmf-gallery-item-attachment-2260\" data-index=\"9\"><div class=\"wpmf-gallery-icon\"><a class=\" not_video noLightbox\" data-lightbox=\"1\" data-href=\"https:\/\/www.falconia.cz\/wp-content\/uploads\/2020\/01\/IMG_20190708_181939.jpg\" title=\"IMG_20190708_181939\" target=\"_self\" data-index=\"9\"><img decoding=\"async\" class=\"wpmf_img\" alt=\"IMG_20190708_181939\" src=\"https:\/\/www.falconia.cz\/wp-content\/uploads\/2020\/01\/IMG_20190708_181939-267x340.jpg\" data-type=\"wpmfgalleryimg\" data-lazy-src=\"https:\/\/www.falconia.cz\/wp-content\/uploads\/2020\/01\/IMG_20190708_181939-267x340.jpg\"><\/a><\/div><\/div><div class=\"wpmf-gallery-item\n     wpmf-gallery-item-position-10 wpmf-gallery-item-attachment-2650\" data-index=\"10\"><div class=\"wpmf-gallery-icon\"><a class=\" not_video noLightbox\" data-lightbox=\"1\" data-href=\"https:\/\/www.falconia.cz\/wp-content\/uploads\/2020\/03\/1555288_644827122245366_1534159744_n.jpg\" title=\"1555288_644827122245366_1534159744_n\" target=\"_self\" data-index=\"10\"><img decoding=\"async\" class=\"wpmf_img\" alt=\"1555288_644827122245366_1534159744_n\" src=\"https:\/\/www.falconia.cz\/wp-content\/uploads\/2020\/03\/1555288_644827122245366_1534159744_n-255x340.jpg\" data-type=\"wpmfgalleryimg\" data-lazy-src=\"https:\/\/www.falconia.cz\/wp-content\/uploads\/2020\/03\/1555288_644827122245366_1534159744_n-255x340.jpg\"><\/a><\/div><\/div><div class=\"wpmf-gallery-item\n     wpmf-gallery-item-position-11 wpmf-gallery-item-attachment-2652\" data-index=\"11\"><div class=\"wpmf-gallery-icon\"><a class=\" not_video noLightbox\" data-lightbox=\"1\" data-href=\"https:\/\/www.falconia.cz\/wp-content\/uploads\/2020\/03\/1601296_644827268912018_1911494260_n.jpg\" title=\"1601296_644827268912018_1911494260_n\" target=\"_self\" data-index=\"11\"><img decoding=\"async\" class=\"wpmf_img\" alt=\"1601296_644827268912018_1911494260_n\" src=\"https:\/\/www.falconia.cz\/wp-content\/uploads\/2020\/03\/1601296_644827268912018_1911494260_n-255x340.jpg\" data-type=\"wpmfgalleryimg\" data-lazy-src=\"https:\/\/www.falconia.cz\/wp-content\/uploads\/2020\/03\/1601296_644827268912018_1911494260_n-255x340.jpg\"><\/a><\/div><\/div><div class=\"wpmf-gallery-item\n     wpmf-gallery-item-position-12 wpmf-gallery-item-attachment-2654\" data-index=\"12\"><div class=\"wpmf-gallery-icon\"><a class=\" not_video noLightbox\" data-lightbox=\"1\" data-href=\"https:\/\/www.falconia.cz\/wp-content\/uploads\/2020\/03\/1609682_641405892587489_718777059_n.jpg\" title=\"1609682_641405892587489_718777059_n\" target=\"_self\" data-index=\"12\"><img decoding=\"async\" class=\"wpmf_img\" alt=\"1609682_641405892587489_718777059_n\" src=\"https:\/\/www.falconia.cz\/wp-content\/uploads\/2020\/03\/1609682_641405892587489_718777059_n-340x255.jpg\" data-type=\"wpmfgalleryimg\" data-lazy-src=\"https:\/\/www.falconia.cz\/wp-content\/uploads\/2020\/03\/1609682_641405892587489_718777059_n-340x255.jpg\"><\/a><\/div><\/div><div class=\"wpmf-gallery-item\n     wpmf-gallery-item-position-13 wpmf-gallery-item-attachment-2656\" data-index=\"13\"><div class=\"wpmf-gallery-icon\"><a class=\" not_video noLightbox\" data-lightbox=\"1\" data-href=\"https:\/\/www.falconia.cz\/wp-content\/uploads\/2020\/03\/1888652_644827118912033_784575393_n.jpg\" title=\"1888652_644827118912033_784575393_n\" target=\"_self\" data-index=\"13\"><img decoding=\"async\" class=\"wpmf_img\" alt=\"1888652_644827118912033_784575393_n\" src=\"https:\/\/www.falconia.cz\/wp-content\/uploads\/2020\/03\/1888652_644827118912033_784575393_n-255x340.jpg\" data-type=\"wpmfgalleryimg\" data-lazy-src=\"https:\/\/www.falconia.cz\/wp-content\/uploads\/2020\/03\/1888652_644827118912033_784575393_n-255x340.jpg\"><\/a><\/div><\/div><div class=\"wpmf-gallery-item\n     wpmf-gallery-item-position-14 wpmf-gallery-item-attachment-2658\" data-index=\"14\"><div class=\"wpmf-gallery-icon\"><a class=\" not_video noLightbox\" data-lightbox=\"1\" data-href=\"https:\/\/www.falconia.cz\/wp-content\/uploads\/2020\/03\/1959503_650316931696385_2050174605_n.jpg\" title=\"1959503_650316931696385_2050174605_n\" target=\"_self\" data-index=\"14\"><img decoding=\"async\" class=\"wpmf_img\" alt=\"1959503_650316931696385_2050174605_n\" src=\"https:\/\/www.falconia.cz\/wp-content\/uploads\/2020\/03\/1959503_650316931696385_2050174605_n-340x340.jpg\" data-type=\"wpmfgalleryimg\" data-lazy-src=\"https:\/\/www.falconia.cz\/wp-content\/uploads\/2020\/03\/1959503_650316931696385_2050174605_n-340x340.jpg\"><\/a><\/div><\/div><div class=\"wpmf-gallery-item\n     wpmf-gallery-item-position-15 wpmf-gallery-item-attachment-2660\" data-index=\"15\"><div class=\"wpmf-gallery-icon\"><a class=\" not_video noLightbox\" data-lightbox=\"1\" data-href=\"https:\/\/www.falconia.cz\/wp-content\/uploads\/2020\/03\/10698474_769789396400241_2207269466020038622_n.jpg\" title=\"10698474_769789396400241_2207269466020038622_n\" target=\"_self\" data-index=\"15\"><img decoding=\"async\" class=\"wpmf_img\" alt=\"10698474_769789396400241_2207269466020038622_n\" src=\"https:\/\/www.falconia.cz\/wp-content\/uploads\/2020\/03\/10698474_769789396400241_2207269466020038622_n-340x226.jpg\" data-type=\"wpmfgalleryimg\" data-lazy-src=\"https:\/\/www.falconia.cz\/wp-content\/uploads\/2020\/03\/10698474_769789396400241_2207269466020038622_n-340x226.jpg\"><\/a><\/div><\/div><div class=\"wpmf-gallery-item\n     wpmf-gallery-item-position-16 wpmf-gallery-item-attachment-2662\" data-index=\"16\"><div class=\"wpmf-gallery-icon\"><a class=\" not_video noLightbox\" data-lightbox=\"1\" data-href=\"https:\/\/www.falconia.cz\/wp-content\/uploads\/2020\/03\/IMG_0052.jpg\" title=\"IMG_0052\" target=\"_self\" data-index=\"16\"><img decoding=\"async\" class=\"wpmf_img\" alt=\"IMG_0052\" src=\"https:\/\/www.falconia.cz\/wp-content\/uploads\/2020\/03\/IMG_0052-340x255.jpg\" data-type=\"wpmfgalleryimg\" data-lazy-src=\"https:\/\/www.falconia.cz\/wp-content\/uploads\/2020\/03\/IMG_0052-340x255.jpg\"><\/a><\/div><\/div><div class=\"wpmf-gallery-item\n     wpmf-gallery-item-position-17 wpmf-gallery-item-attachment-2664\" data-index=\"17\"><div class=\"wpmf-gallery-icon\"><a class=\" not_video noLightbox\" data-lightbox=\"1\" data-href=\"https:\/\/www.falconia.cz\/wp-content\/uploads\/2020\/03\/14818_641934239201321_1110653647_n.jpg\" title=\"14818_641934239201321_1110653647_n\" target=\"_self\" data-index=\"17\"><img decoding=\"async\" class=\"wpmf_img\" alt=\"14818_641934239201321_1110653647_n\" src=\"https:\/\/www.falconia.cz\/wp-content\/uploads\/2020\/03\/14818_641934239201321_1110653647_n-340x255.jpg\" data-type=\"wpmfgalleryimg\" data-lazy-src=\"https:\/\/www.falconia.cz\/wp-content\/uploads\/2020\/03\/14818_641934239201321_1110653647_n-340x255.jpg\"><\/a><\/div><\/div><div class=\"wpmf-gallery-item\n     wpmf-gallery-item-position-18 wpmf-gallery-item-attachment-2666\" data-index=\"18\"><div class=\"wpmf-gallery-icon\"><a class=\" not_video noLightbox\" data-lightbox=\"1\" data-href=\"https:\/\/www.falconia.cz\/wp-content\/uploads\/2020\/03\/1545795_641405902587488_1722019765_n.jpg\" title=\"1545795_641405902587488_1722019765_n\" target=\"_self\" data-index=\"18\"><img decoding=\"async\" class=\"wpmf_img\" alt=\"1545795_641405902587488_1722019765_n\" src=\"https:\/\/www.falconia.cz\/wp-content\/uploads\/2020\/03\/1545795_641405902587488_1722019765_n-340x255.jpg\" data-type=\"wpmfgalleryimg\" data-lazy-src=\"https:\/\/www.falconia.cz\/wp-content\/uploads\/2020\/03\/1545795_641405902587488_1722019765_n-340x255.jpg\"><\/a><\/div><\/div><div class=\"wpmf-gallery-item\n     wpmf-gallery-item-position-19 wpmf-gallery-item-attachment-2832\" data-index=\"19\"><div class=\"wpmf-gallery-icon\"><a class=\" not_video noLightbox\" data-lightbox=\"1\" data-href=\"https:\/\/www.falconia.cz\/wp-content\/uploads\/2020\/03\/20180313_164048.jpg\" title=\"20180313_164048\" target=\"_self\" data-index=\"19\"><img decoding=\"async\" class=\"wpmf_img\" alt=\"20180313_164048\" src=\"https:\/\/www.falconia.cz\/wp-content\/uploads\/2020\/03\/20180313_164048-191x340.jpg\" data-type=\"wpmfgalleryimg\" data-lazy-src=\"https:\/\/www.falconia.cz\/wp-content\/uploads\/2020\/03\/20180313_164048-191x340.jpg\"><\/a><\/div><\/div><div class=\"wpmf-gallery-item\n     wpmf-gallery-item-position-20 wpmf-gallery-item-attachment-2834\" data-index=\"20\"><div class=\"wpmf-gallery-icon\"><a class=\" not_video noLightbox\" data-lightbox=\"1\" data-href=\"https:\/\/www.falconia.cz\/wp-content\/uploads\/2020\/03\/20180314_162019.jpg\" title=\"20180314_162019\" target=\"_self\" data-index=\"20\"><img decoding=\"async\" class=\"wpmf_img\" alt=\"20180314_162019\" src=\"https:\/\/www.falconia.cz\/wp-content\/uploads\/2020\/03\/20180314_162019-340x191.jpg\" data-type=\"wpmfgalleryimg\" data-lazy-src=\"https:\/\/www.falconia.cz\/wp-content\/uploads\/2020\/03\/20180314_162019-340x191.jpg\"><\/a><\/div><\/div><div class=\"wpmf-gallery-item\n     wpmf-gallery-item-position-21 wpmf-gallery-item-attachment-2844\" data-index=\"21\"><div class=\"wpmf-gallery-icon\"><a class=\" not_video noLightbox\" data-lightbox=\"1\" data-href=\"https:\/\/www.falconia.cz\/wp-content\/uploads\/2020\/03\/20171107_085500-1.jpg\" title=\"20171107_085500\" target=\"_self\" data-index=\"21\"><img decoding=\"async\" class=\"wpmf_img\" alt=\"20171107_085500\" src=\"https:\/\/www.falconia.cz\/wp-content\/uploads\/2020\/03\/20171107_085500-1-340x191.jpg\" data-type=\"wpmfgalleryimg\" data-lazy-src=\"https:\/\/www.falconia.cz\/wp-content\/uploads\/2020\/03\/20171107_085500-1-340x191.jpg\"><\/a><\/div><\/div><\/div><\/div>\n\n\n\n\n<p>Do tohoto alba jsou postupn\u011b p\u0159id\u00e1v\u00e1ny fotografie z nat\u00e1\u010den\u00ed r\u016fzn\u00fdch film\u016f, seri\u00e1l\u016f, dokument\u016f nebo klip\u016f<\/p>\n","protected":false},"excerpt":{"rendered":"<p>Do tohoto alba jsou postupn\u011b p\u0159id\u00e1v\u00e1ny fotografie z nat\u00e1\u010den\u00ed r\u016fzn\u00fdch film\u016f, seri\u00e1l\u016f, dokument\u016f nebo klip\u016f<\/p>\n","protected":false},"author":2,"featured_media":971,"parent":1178,"menu_order":7,"comment_status":"closed","ping_status":"closed","template":"","meta":{"_acf_changed":false,"footnotes":""},"class_list":["post-3101","page","type-page","status-publish","has-post-thumbnail","hentry"],"acf":[],"_links":{"self":[{"href":"https:\/\/www.falconia.cz\/en\/wp-json\/wp\/v2\/pages\/3101","targetHints":{"allow":["GET"]}}],"collection":[{"href":"https:\/\/www.falconia.cz\/en\/wp-json\/wp\/v2\/pages"}],"about":[{"href":"https:\/\/www.falconia.cz\/en\/wp-json\/wp\/v2\/types\/page"}],"author":[{"embeddable":true,"href":"https:\/\/www.falconia.cz\/en\/wp-json\/wp\/v2\/users\/2"}],"replies":[{"embeddable":true,"href":"https:\/\/www.falconia.cz\/en\/wp-json\/wp\/v2\/comments?post=3101"}],"version-history":[{"count":1,"href":"https:\/\/www.falconia.cz\/en\/wp-json\/wp\/v2\/pages\/3101\/revisions"}],"predecessor-version":[{"id":3102,"href":"https:\/\/www.falconia.cz\/en\/wp-json\/wp\/v2\/pages\/3101\/revisions\/3102"}],"up":[{"embeddable":true,"href":"https:\/\/www.falconia.cz\/en\/wp-json\/wp\/v2\/pages\/1178"}],"wp:featuredmedia":[{"embeddable":true,"href":"https:\/\/www.falconia.cz\/en\/wp-json\/wp\/v2\/media\/971"}],"wp:attachment":[{"href":"https:\/\/www.falconia.cz\/en\/wp-json\/wp\/v2\/media?parent=3101"}],"curies":[{"name":"wp","href":"https:\/\/api.w.org\/{rel}","templated":true}]}}