{"id":4093,"date":"2025-01-28T14:18:18","date_gmt":"2025-01-28T13:18:18","guid":{"rendered":"https:\/\/www.falconia.cz\/?page_id=4093"},"modified":"2025-01-28T14:18:19","modified_gmt":"2025-01-28T13:18:19","slug":"vznesene-umeni-lovu-zakulisi","status":"publish","type":"page","link":"https:\/\/www.falconia.cz\/en\/portfolio\/vznesene-umeni-lovu-zakulisi\/","title":{"rendered":"Vzne\u0161en\u00e9 um\u011bn\u00ed lovu z\u00e1kulis\u00ed"},"content":{"rendered":"\n<div class=\"wpmf-gallerys wpmf-gallerys-life \" ><div id=\"gallery-1\"\n data-gutter-width=\"15\"\n  data-wpmfcolumns=\"3\" class=\"wpmf-gallery gallery-link-file gallery_life gallery-masonry gallery-columns-3 gallery-size-medium wpmf-gallery-bottomspace-default wpmf-gallery-clear wpmf-has-border-radius-0 wpmf-gutterwidth-15\"><div class=\"wpmf-gallery-item\n     wpmf-gallery-item-position-0 wpmf-gallery-item-attachment-1041\" data-index=\"0\"><div class=\"wpmf-gallery-icon\"><a class=\" not_video noLightbox\" data-lightbox=\"1\" data-href=\"https:\/\/www.falconia.cz\/wp-content\/uploads\/2019\/07\/VUL_2018_MWecker__0832.jpg\" title=\"VUL_2018_MWecker__0832\" target=\"_self\" data-index=\"0\"><img decoding=\"async\" class=\"wpmf_img\" alt=\"VUL_2018_MWecker__0832\" src=\"https:\/\/www.falconia.cz\/wp-content\/uploads\/2019\/07\/VUL_2018_MWecker__0832-340x243.jpg\" data-type=\"wpmfgalleryimg\" data-lazy-src=\"https:\/\/www.falconia.cz\/wp-content\/uploads\/2019\/07\/VUL_2018_MWecker__0832-340x243.jpg\"><\/a><\/div><\/div><div class=\"wpmf-gallery-item\n     wpmf-gallery-item-position-1 wpmf-gallery-item-attachment-1043\" data-index=\"1\"><div class=\"wpmf-gallery-icon\"><a class=\" not_video noLightbox\" data-lightbox=\"1\" data-href=\"https:\/\/www.falconia.cz\/wp-content\/uploads\/2019\/07\/VUL_2018_MWecker__0774.jpg\" title=\"VUL_2018_MWecker__0774\" target=\"_self\" data-index=\"1\"><img decoding=\"async\" class=\"wpmf_img\" alt=\"VUL_2018_MWecker__0774\" src=\"https:\/\/www.falconia.cz\/wp-content\/uploads\/2019\/07\/VUL_2018_MWecker__0774-340x262.jpg\" data-type=\"wpmfgalleryimg\" data-lazy-src=\"https:\/\/www.falconia.cz\/wp-content\/uploads\/2019\/07\/VUL_2018_MWecker__0774-340x262.jpg\"><\/a><\/div><\/div><div class=\"wpmf-gallery-item\n     wpmf-gallery-item-position-2 wpmf-gallery-item-attachment-1045\" data-index=\"2\"><div class=\"wpmf-gallery-icon\"><a class=\" not_video noLightbox\" data-lightbox=\"1\" data-href=\"https:\/\/www.falconia.cz\/wp-content\/uploads\/2019\/07\/VUL_2018_MWecker__0397.jpg\" title=\"VUL_2018_MWecker__0397\" target=\"_self\" data-index=\"2\"><img decoding=\"async\" class=\"wpmf_img\" alt=\"VUL_2018_MWecker__0397\" src=\"https:\/\/www.falconia.cz\/wp-content\/uploads\/2019\/07\/VUL_2018_MWecker__0397-340x227.jpg\" data-type=\"wpmfgalleryimg\" data-lazy-src=\"https:\/\/www.falconia.cz\/wp-content\/uploads\/2019\/07\/VUL_2018_MWecker__0397-340x227.jpg\"><\/a><\/div><\/div><div class=\"wpmf-gallery-item\n     wpmf-gallery-item-position-3 wpmf-gallery-item-attachment-1047\" data-index=\"3\"><div class=\"wpmf-gallery-icon\"><a class=\" not_video noLightbox\" data-lightbox=\"1\" data-href=\"https:\/\/www.falconia.cz\/wp-content\/uploads\/2019\/07\/VUL_2018_MWecker__0065-2.jpg\" title=\"VUL_2018_MWecker__0065-2\" target=\"_self\" data-index=\"3\"><img decoding=\"async\" class=\"wpmf_img\" alt=\"VUL_2018_MWecker__0065-2\" src=\"https:\/\/www.falconia.cz\/wp-content\/uploads\/2019\/07\/VUL_2018_MWecker__0065-2-340x227.jpg\" data-type=\"wpmfgalleryimg\" data-lazy-src=\"https:\/\/www.falconia.cz\/wp-content\/uploads\/2019\/07\/VUL_2018_MWecker__0065-2-340x227.jpg\"><\/a><\/div><\/div><div class=\"wpmf-gallery-item\n     wpmf-gallery-item-position-4 wpmf-gallery-item-attachment-1049\" data-index=\"4\"><div class=\"wpmf-gallery-icon\"><a class=\" not_video noLightbox\" data-lightbox=\"1\" data-href=\"https:\/\/www.falconia.cz\/wp-content\/uploads\/2019\/07\/VUL_2018_MWecker__0015.jpg\" title=\"VUL_2018_MWecker__0015\" target=\"_self\" data-index=\"4\"><img decoding=\"async\" class=\"wpmf_img\" alt=\"VUL_2018_MWecker__0015\" src=\"https:\/\/www.falconia.cz\/wp-content\/uploads\/2019\/07\/VUL_2018_MWecker__0015-340x232.jpg\" data-type=\"wpmfgalleryimg\" data-lazy-src=\"https:\/\/www.falconia.cz\/wp-content\/uploads\/2019\/07\/VUL_2018_MWecker__0015-340x232.jpg\"><\/a><\/div><\/div><div class=\"wpmf-gallery-item\n     wpmf-gallery-item-position-5 wpmf-gallery-item-attachment-1051\" data-index=\"5\"><div class=\"wpmf-gallery-icon\"><a class=\" not_video noLightbox\" data-lightbox=\"1\" data-href=\"https:\/\/www.falconia.cz\/wp-content\/uploads\/2019\/07\/MCH60503.jpg\" title=\"MCH60503\" target=\"_self\" data-index=\"5\"><img decoding=\"async\" class=\"wpmf_img\" alt=\"MCH60503\" src=\"https:\/\/www.falconia.cz\/wp-content\/uploads\/2019\/07\/MCH60503-340x227.jpg\" data-type=\"wpmfgalleryimg\" data-lazy-src=\"https:\/\/www.falconia.cz\/wp-content\/uploads\/2019\/07\/MCH60503-340x227.jpg\"><\/a><\/div><\/div><div class=\"wpmf-gallery-item\n     wpmf-gallery-item-position-6 wpmf-gallery-item-attachment-1053\" data-index=\"6\"><div class=\"wpmf-gallery-icon\"><a class=\" not_video noLightbox\" data-lightbox=\"1\" data-href=\"https:\/\/www.falconia.cz\/wp-content\/uploads\/2019\/07\/MCH60494.jpg\" title=\"MCH60494\" target=\"_self\" data-index=\"6\"><img decoding=\"async\" class=\"wpmf_img\" alt=\"MCH60494\" src=\"https:\/\/www.falconia.cz\/wp-content\/uploads\/2019\/07\/MCH60494-340x227.jpg\" data-type=\"wpmfgalleryimg\" data-lazy-src=\"https:\/\/www.falconia.cz\/wp-content\/uploads\/2019\/07\/MCH60494-340x227.jpg\"><\/a><\/div><\/div><div class=\"wpmf-gallery-item\n     wpmf-gallery-item-position-7 wpmf-gallery-item-attachment-1055\" data-index=\"7\"><div class=\"wpmf-gallery-icon\"><a class=\" not_video noLightbox\" data-lightbox=\"1\" data-href=\"https:\/\/www.falconia.cz\/wp-content\/uploads\/2019\/07\/MCH60271.jpg\" title=\"MCH60271\" target=\"_self\" data-index=\"7\"><img decoding=\"async\" class=\"wpmf_img\" alt=\"MCH60271\" src=\"https:\/\/www.falconia.cz\/wp-content\/uploads\/2019\/07\/MCH60271-340x227.jpg\" data-type=\"wpmfgalleryimg\" data-lazy-src=\"https:\/\/www.falconia.cz\/wp-content\/uploads\/2019\/07\/MCH60271-340x227.jpg\"><\/a><\/div><\/div><div class=\"wpmf-gallery-item\n     wpmf-gallery-item-position-8 wpmf-gallery-item-attachment-1057\" data-index=\"8\"><div class=\"wpmf-gallery-icon\"><a class=\" not_video noLightbox\" data-lightbox=\"1\" data-href=\"https:\/\/www.falconia.cz\/wp-content\/uploads\/2019\/07\/IMG_2043.jpg\" title=\"IMG_2043\" target=\"_self\" data-index=\"8\"><img decoding=\"async\" class=\"wpmf_img\" alt=\"IMG_2043\" src=\"https:\/\/www.falconia.cz\/wp-content\/uploads\/2019\/07\/IMG_2043-340x227.jpg\" data-type=\"wpmfgalleryimg\" data-lazy-src=\"https:\/\/www.falconia.cz\/wp-content\/uploads\/2019\/07\/IMG_2043-340x227.jpg\"><\/a><\/div><\/div><div class=\"wpmf-gallery-item\n     wpmf-gallery-item-position-9 wpmf-gallery-item-attachment-1059\" data-index=\"9\"><div class=\"wpmf-gallery-icon\"><a class=\" not_video noLightbox\" data-lightbox=\"1\" data-href=\"https:\/\/www.falconia.cz\/wp-content\/uploads\/2019\/07\/IMG_1985.jpg\" title=\"IMG_1985\" target=\"_self\" data-index=\"9\"><img decoding=\"async\" class=\"wpmf_img\" alt=\"IMG_1985\" src=\"https:\/\/www.falconia.cz\/wp-content\/uploads\/2019\/07\/IMG_1985-340x227.jpg\" data-type=\"wpmfgalleryimg\" data-lazy-src=\"https:\/\/www.falconia.cz\/wp-content\/uploads\/2019\/07\/IMG_1985-340x227.jpg\"><\/a><\/div><\/div><div class=\"wpmf-gallery-item\n     wpmf-gallery-item-position-10 wpmf-gallery-item-attachment-1061\" data-index=\"10\"><div class=\"wpmf-gallery-icon\"><a class=\" not_video noLightbox\" data-lightbox=\"1\" data-href=\"https:\/\/www.falconia.cz\/wp-content\/uploads\/2019\/07\/20180115_130757.jpg\" title=\"20180115_130757\" target=\"_self\" data-index=\"10\"><img decoding=\"async\" class=\"wpmf_img\" alt=\"20180115_130757\" src=\"https:\/\/www.falconia.cz\/wp-content\/uploads\/2019\/07\/20180115_130757-340x255.jpg\" data-type=\"wpmfgalleryimg\" data-lazy-src=\"https:\/\/www.falconia.cz\/wp-content\/uploads\/2019\/07\/20180115_130757-340x255.jpg\"><\/a><\/div><\/div><div class=\"wpmf-gallery-item\n     wpmf-gallery-item-position-11 wpmf-gallery-item-attachment-1063\" data-index=\"11\"><div class=\"wpmf-gallery-icon\"><a class=\" not_video noLightbox\" data-lightbox=\"1\" data-href=\"https:\/\/www.falconia.cz\/wp-content\/uploads\/2019\/07\/20180115_130724.jpg\" title=\"20180115_130724\" target=\"_self\" data-index=\"11\"><img decoding=\"async\" class=\"wpmf_img\" alt=\"20180115_130724\" src=\"https:\/\/www.falconia.cz\/wp-content\/uploads\/2019\/07\/20180115_130724-340x255.jpg\" data-type=\"wpmfgalleryimg\" data-lazy-src=\"https:\/\/www.falconia.cz\/wp-content\/uploads\/2019\/07\/20180115_130724-340x255.jpg\"><\/a><\/div><\/div><div class=\"wpmf-gallery-item\n     wpmf-gallery-item-position-12 wpmf-gallery-item-attachment-1065\" data-index=\"12\"><div class=\"wpmf-gallery-icon\"><a class=\" not_video noLightbox\" data-lightbox=\"1\" data-href=\"https:\/\/www.falconia.cz\/wp-content\/uploads\/2019\/07\/20180115_130705.jpg\" title=\"20180115_130705\" target=\"_self\" data-index=\"12\"><img decoding=\"async\" class=\"wpmf_img\" alt=\"20180115_130705\" src=\"https:\/\/www.falconia.cz\/wp-content\/uploads\/2019\/07\/20180115_130705-340x255.jpg\" data-type=\"wpmfgalleryimg\" data-lazy-src=\"https:\/\/www.falconia.cz\/wp-content\/uploads\/2019\/07\/20180115_130705-340x255.jpg\"><\/a><\/div><\/div><div class=\"wpmf-gallery-item\n     wpmf-gallery-item-position-13 wpmf-gallery-item-attachment-1067\" data-index=\"13\"><div class=\"wpmf-gallery-icon\"><a class=\" not_video noLightbox\" data-lightbox=\"1\" data-href=\"https:\/\/www.falconia.cz\/wp-content\/uploads\/2019\/07\/20180115_125635.jpg\" title=\"20180115_125635\" target=\"_self\" data-index=\"13\"><img decoding=\"async\" class=\"wpmf_img\" alt=\"20180115_125635\" src=\"https:\/\/www.falconia.cz\/wp-content\/uploads\/2019\/07\/20180115_125635-340x255.jpg\" data-type=\"wpmfgalleryimg\" data-lazy-src=\"https:\/\/www.falconia.cz\/wp-content\/uploads\/2019\/07\/20180115_125635-340x255.jpg\"><\/a><\/div><\/div><div class=\"wpmf-gallery-item\n     wpmf-gallery-item-position-14 wpmf-gallery-item-attachment-1069\" data-index=\"14\"><div class=\"wpmf-gallery-icon\"><a class=\" not_video noLightbox\" data-lightbox=\"1\" data-href=\"https:\/\/www.falconia.cz\/wp-content\/uploads\/2019\/07\/20180115_125517.jpg\" title=\"20180115_125517\" target=\"_self\" data-index=\"14\"><img decoding=\"async\" class=\"wpmf_img\" alt=\"20180115_125517\" src=\"https:\/\/www.falconia.cz\/wp-content\/uploads\/2019\/07\/20180115_125517-340x255.jpg\" data-type=\"wpmfgalleryimg\" data-lazy-src=\"https:\/\/www.falconia.cz\/wp-content\/uploads\/2019\/07\/20180115_125517-340x255.jpg\"><\/a><\/div><\/div><div class=\"wpmf-gallery-item\n     wpmf-gallery-item-position-15 wpmf-gallery-item-attachment-1071\" data-index=\"15\"><div class=\"wpmf-gallery-icon\"><a class=\" not_video noLightbox\" data-lightbox=\"1\" data-href=\"https:\/\/www.falconia.cz\/wp-content\/uploads\/2019\/07\/12_9.jpg\" title=\"12_9\" target=\"_self\" data-index=\"15\"><img decoding=\"async\" class=\"wpmf_img\" alt=\"12_9\" src=\"https:\/\/www.falconia.cz\/wp-content\/uploads\/2019\/07\/12_9-340x227.jpg\" data-type=\"wpmfgalleryimg\" data-lazy-src=\"https:\/\/www.falconia.cz\/wp-content\/uploads\/2019\/07\/12_9-340x227.jpg\"><\/a><\/div><\/div><div class=\"wpmf-gallery-item\n     wpmf-gallery-item-position-16 wpmf-gallery-item-attachment-1073\" data-index=\"16\"><div class=\"wpmf-gallery-icon\"><a class=\" not_video noLightbox\" data-lightbox=\"1\" data-href=\"https:\/\/www.falconia.cz\/wp-content\/uploads\/2019\/07\/12_17.jpg\" title=\"12_17\" target=\"_self\" data-index=\"16\"><img decoding=\"async\" class=\"wpmf_img\" alt=\"12_17\" src=\"https:\/\/www.falconia.cz\/wp-content\/uploads\/2019\/07\/12_17-340x227.jpg\" data-type=\"wpmfgalleryimg\" data-lazy-src=\"https:\/\/www.falconia.cz\/wp-content\/uploads\/2019\/07\/12_17-340x227.jpg\"><\/a><\/div><\/div><div class=\"wpmf-gallery-item\n     wpmf-gallery-item-position-17 wpmf-gallery-item-attachment-1075\" data-index=\"17\"><div class=\"wpmf-gallery-icon\"><a class=\" not_video noLightbox\" data-lightbox=\"1\" data-href=\"https:\/\/www.falconia.cz\/wp-content\/uploads\/2019\/07\/12_15.jpg\" title=\"12_15\" target=\"_self\" data-index=\"17\"><img decoding=\"async\" class=\"wpmf_img\" alt=\"12_15\" src=\"https:\/\/www.falconia.cz\/wp-content\/uploads\/2019\/07\/12_15-340x227.jpg\" data-type=\"wpmfgalleryimg\" data-lazy-src=\"https:\/\/www.falconia.cz\/wp-content\/uploads\/2019\/07\/12_15-340x227.jpg\"><\/a><\/div><\/div><div class=\"wpmf-gallery-item\n     wpmf-gallery-item-position-18 wpmf-gallery-item-attachment-1077\" data-index=\"18\"><div class=\"wpmf-gallery-icon\"><a class=\" not_video noLightbox\" data-lightbox=\"1\" data-href=\"https:\/\/www.falconia.cz\/wp-content\/uploads\/2019\/07\/12_13.jpg\" title=\"12_13\" target=\"_self\" data-index=\"18\"><img decoding=\"async\" class=\"wpmf_img\" alt=\"12_13\" src=\"https:\/\/www.falconia.cz\/wp-content\/uploads\/2019\/07\/12_13-340x227.jpg\" data-type=\"wpmfgalleryimg\" data-lazy-src=\"https:\/\/www.falconia.cz\/wp-content\/uploads\/2019\/07\/12_13-340x227.jpg\"><\/a><\/div><\/div><div class=\"wpmf-gallery-item\n     wpmf-gallery-item-position-19 wpmf-gallery-item-attachment-1079\" data-index=\"19\"><div class=\"wpmf-gallery-icon\"><a class=\" not_video noLightbox\" data-lightbox=\"1\" data-href=\"https:\/\/www.falconia.cz\/wp-content\/uploads\/2019\/07\/MG_5505.jpg\" title=\"_MG_5505\" target=\"_self\" data-index=\"19\"><img decoding=\"async\" class=\"wpmf_img\" alt=\"_MG_5505\" src=\"https:\/\/www.falconia.cz\/wp-content\/uploads\/2019\/07\/MG_5505-340x227.jpg\" data-type=\"wpmfgalleryimg\" data-lazy-src=\"https:\/\/www.falconia.cz\/wp-content\/uploads\/2019\/07\/MG_5505-340x227.jpg\"><\/a><\/div><\/div><div class=\"wpmf-gallery-item\n     wpmf-gallery-item-position-20 wpmf-gallery-item-attachment-1081\" data-index=\"20\"><div class=\"wpmf-gallery-icon\"><a class=\" not_video noLightbox\" data-lightbox=\"1\" data-href=\"https:\/\/www.falconia.cz\/wp-content\/uploads\/2019\/07\/MG_5452.jpg\" title=\"_MG_5452\" target=\"_self\" data-index=\"20\"><img decoding=\"async\" class=\"wpmf_img\" alt=\"_MG_5452\" src=\"https:\/\/www.falconia.cz\/wp-content\/uploads\/2019\/07\/MG_5452-340x227.jpg\" data-type=\"wpmfgalleryimg\" data-lazy-src=\"https:\/\/www.falconia.cz\/wp-content\/uploads\/2019\/07\/MG_5452-340x227.jpg\"><\/a><\/div><\/div><div class=\"wpmf-gallery-item\n     wpmf-gallery-item-position-21 wpmf-gallery-item-attachment-1083\" data-index=\"21\"><div class=\"wpmf-gallery-icon\"><a class=\" not_video noLightbox\" data-lightbox=\"1\" data-href=\"https:\/\/www.falconia.cz\/wp-content\/uploads\/2019\/07\/MG_4945.jpg\" title=\"_MG_4945\" target=\"_self\" data-index=\"21\"><img decoding=\"async\" class=\"wpmf_img\" alt=\"_MG_4945\" src=\"https:\/\/www.falconia.cz\/wp-content\/uploads\/2019\/07\/MG_4945-340x252.jpg\" data-type=\"wpmfgalleryimg\" data-lazy-src=\"https:\/\/www.falconia.cz\/wp-content\/uploads\/2019\/07\/MG_4945-340x252.jpg\"><\/a><\/div><\/div><div class=\"wpmf-gallery-item\n     wpmf-gallery-item-position-22 wpmf-gallery-item-attachment-1085\" data-index=\"22\"><div class=\"wpmf-gallery-icon\"><a class=\" not_video noLightbox\" data-lightbox=\"1\" data-href=\"https:\/\/www.falconia.cz\/wp-content\/uploads\/2019\/07\/MG_4937.jpg\" title=\"_MG_4937\" target=\"_self\" data-index=\"22\"><img decoding=\"async\" class=\"wpmf_img\" alt=\"_MG_4937\" src=\"https:\/\/www.falconia.cz\/wp-content\/uploads\/2019\/07\/MG_4937-340x227.jpg\" data-type=\"wpmfgalleryimg\" data-lazy-src=\"https:\/\/www.falconia.cz\/wp-content\/uploads\/2019\/07\/MG_4937-340x227.jpg\"><\/a><\/div><\/div><div class=\"wpmf-gallery-item\n     wpmf-gallery-item-position-23 wpmf-gallery-item-attachment-1087\" data-index=\"23\"><div class=\"wpmf-gallery-icon\"><a class=\" not_video noLightbox\" data-lightbox=\"1\" data-href=\"https:\/\/www.falconia.cz\/wp-content\/uploads\/2019\/07\/MG_4932.jpg\" title=\"_MG_4932\" target=\"_self\" data-index=\"23\"><img decoding=\"async\" class=\"wpmf_img\" alt=\"_MG_4932\" src=\"https:\/\/www.falconia.cz\/wp-content\/uploads\/2019\/07\/MG_4932-340x227.jpg\" data-type=\"wpmfgalleryimg\" data-lazy-src=\"https:\/\/www.falconia.cz\/wp-content\/uploads\/2019\/07\/MG_4932-340x227.jpg\"><\/a><\/div><\/div><div class=\"wpmf-gallery-item\n     wpmf-gallery-item-position-24 wpmf-gallery-item-attachment-1089\" data-index=\"24\"><div class=\"wpmf-gallery-icon\"><a class=\" not_video noLightbox\" data-lightbox=\"1\" data-href=\"https:\/\/www.falconia.cz\/wp-content\/uploads\/2019\/07\/MG_4728.jpg\" title=\"_MG_4728\" target=\"_self\" data-index=\"24\"><img decoding=\"async\" class=\"wpmf_img\" alt=\"_MG_4728\" src=\"https:\/\/www.falconia.cz\/wp-content\/uploads\/2019\/07\/MG_4728-340x227.jpg\" data-type=\"wpmfgalleryimg\" data-lazy-src=\"https:\/\/www.falconia.cz\/wp-content\/uploads\/2019\/07\/MG_4728-340x227.jpg\"><\/a><\/div><\/div><div class=\"wpmf-gallery-item\n     wpmf-gallery-item-position-25 wpmf-gallery-item-attachment-1091\" data-index=\"25\"><div class=\"wpmf-gallery-icon\"><a class=\" not_video noLightbox\" data-lightbox=\"1\" data-href=\"https:\/\/www.falconia.cz\/wp-content\/uploads\/2019\/07\/MG_4448.jpg\" title=\"_MG_4448\" target=\"_self\" data-index=\"25\"><img decoding=\"async\" class=\"wpmf_img\" alt=\"_MG_4448\" src=\"https:\/\/www.falconia.cz\/wp-content\/uploads\/2019\/07\/MG_4448-340x266.jpg\" data-type=\"wpmfgalleryimg\" data-lazy-src=\"https:\/\/www.falconia.cz\/wp-content\/uploads\/2019\/07\/MG_4448-340x266.jpg\"><\/a><\/div><\/div><div class=\"wpmf-gallery-item\n     wpmf-gallery-item-position-26 wpmf-gallery-item-attachment-1093\" data-index=\"26\"><div class=\"wpmf-gallery-icon\"><a class=\" not_video noLightbox\" data-lightbox=\"1\" data-href=\"https:\/\/www.falconia.cz\/wp-content\/uploads\/2019\/07\/MG_4328.jpg\" title=\"_MG_4328\" target=\"_self\" data-index=\"26\"><img decoding=\"async\" class=\"wpmf_img\" alt=\"_MG_4328\" src=\"https:\/\/www.falconia.cz\/wp-content\/uploads\/2019\/07\/MG_4328-340x227.jpg\" data-type=\"wpmfgalleryimg\" data-lazy-src=\"https:\/\/www.falconia.cz\/wp-content\/uploads\/2019\/07\/MG_4328-340x227.jpg\"><\/a><\/div><\/div><div class=\"wpmf-gallery-item\n     wpmf-gallery-item-position-27 wpmf-gallery-item-attachment-1095\" data-index=\"27\"><div class=\"wpmf-gallery-icon\"><a class=\" not_video noLightbox\" data-lightbox=\"1\" data-href=\"https:\/\/www.falconia.cz\/wp-content\/uploads\/2019\/07\/MG_3929.jpg\" title=\"_MG_3929\" target=\"_self\" data-index=\"27\"><img decoding=\"async\" class=\"wpmf_img\" alt=\"_MG_3929\" src=\"https:\/\/www.falconia.cz\/wp-content\/uploads\/2019\/07\/MG_3929-340x227.jpg\" data-type=\"wpmfgalleryimg\" data-lazy-src=\"https:\/\/www.falconia.cz\/wp-content\/uploads\/2019\/07\/MG_3929-340x227.jpg\"><\/a><\/div><\/div><div class=\"wpmf-gallery-item\n     wpmf-gallery-item-position-28 wpmf-gallery-item-attachment-1097\" data-index=\"28\"><div class=\"wpmf-gallery-icon\"><a class=\" not_video noLightbox\" data-lightbox=\"1\" data-href=\"https:\/\/www.falconia.cz\/wp-content\/uploads\/2019\/07\/MG_3864.jpg\" title=\"_MG_3864\" target=\"_self\" data-index=\"28\"><img decoding=\"async\" class=\"wpmf_img\" alt=\"_MG_3864\" src=\"https:\/\/www.falconia.cz\/wp-content\/uploads\/2019\/07\/MG_3864-340x227.jpg\" data-type=\"wpmfgalleryimg\" data-lazy-src=\"https:\/\/www.falconia.cz\/wp-content\/uploads\/2019\/07\/MG_3864-340x227.jpg\"><\/a><\/div><\/div><\/div><\/div>\n\n\n\n\n<p> V t\u00e9to galerii si m\u016f\u017eete prohl\u00e9dnout n\u011bkolik z\u00e1kulisn\u00edch fotografi\u00ed, kter\u00e9 vznikly p\u0159i nat\u00e1\u010den\u00ed hran\u00e9ho dokumentu o historii evropsk\u00e9ho sokolnictv\u00ed. Cel\u00fd dokument je prom\u00edt\u00e1n ve st\u00e1l\u00e9 expozici <strong>Pra\u017esk\u00e9ho hradu v Dom\u011b sokoln\u00edka. <\/strong> <\/p>\n","protected":false},"excerpt":{"rendered":"<p>V t\u00e9to galerii si m\u016f\u017eete prohl\u00e9dnout n\u011bkolik z\u00e1kulisn\u00edch fotografi\u00ed, kter\u00e9 vznikly p\u0159i nat\u00e1\u010den\u00ed hran\u00e9ho dokumentu o historii evropsk\u00e9ho sokolnictv\u00ed. Cel\u00fd dokument je prom\u00edt\u00e1n ve st\u00e1l\u00e9 expozici Pra\u017esk\u00e9ho hradu v Dom\u011b sokoln\u00edka.<\/p>\n","protected":false},"author":1,"featured_media":1055,"parent":1178,"menu_order":6,"comment_status":"closed","ping_status":"closed","template":"","meta":{"_acf_changed":false,"footnotes":""},"class_list":["post-4093","page","type-page","status-publish","has-post-thumbnail","hentry"],"acf":[],"_links":{"self":[{"href":"https:\/\/www.falconia.cz\/en\/wp-json\/wp\/v2\/pages\/4093","targetHints":{"allow":["GET"]}}],"collection":[{"href":"https:\/\/www.falconia.cz\/en\/wp-json\/wp\/v2\/pages"}],"about":[{"href":"https:\/\/www.falconia.cz\/en\/wp-json\/wp\/v2\/types\/page"}],"author":[{"embeddable":true,"href":"https:\/\/www.falconia.cz\/en\/wp-json\/wp\/v2\/users\/1"}],"replies":[{"embeddable":true,"href":"https:\/\/www.falconia.cz\/en\/wp-json\/wp\/v2\/comments?post=4093"}],"version-history":[{"count":1,"href":"https:\/\/www.falconia.cz\/en\/wp-json\/wp\/v2\/pages\/4093\/revisions"}],"predecessor-version":[{"id":4094,"href":"https:\/\/www.falconia.cz\/en\/wp-json\/wp\/v2\/pages\/4093\/revisions\/4094"}],"up":[{"embeddable":true,"href":"https:\/\/www.falconia.cz\/en\/wp-json\/wp\/v2\/pages\/1178"}],"wp:featuredmedia":[{"embeddable":true,"href":"https:\/\/www.falconia.cz\/en\/wp-json\/wp\/v2\/media\/1055"}],"wp:attachment":[{"href":"https:\/\/www.falconia.cz\/en\/wp-json\/wp\/v2\/media?parent=4093"}],"curies":[{"name":"wp","href":"https:\/\/api.w.org\/{rel}","templated":true}]}}